{"id":1373,"date":"2023-08-14T02:09:30","date_gmt":"2023-08-14T06:09:30","guid":{"rendered":"https:\/\/tertiarysisters.org\/?page_id=1373"},"modified":"2023-12-03T03:51:12","modified_gmt":"2023-12-03T08:51:12","slug":"charisma-und-mission","status":"publish","type":"page","link":"https:\/\/tertiarysisters.org\/de\/charisma-und-mission\/","title":{"rendered":"Charisma und Mission"},"content":{"rendered":"<div data-elementor-type=\"wp-page\" data-elementor-id=\"1373\" class=\"elementor elementor-1373\" data-elementor-post-type=\"page\">\n\t\t\t\t<div class=\"elementor-element elementor-element-4b2f8ca hero-page e-flex e-con-boxed e-con e-parent\" data-id=\"4b2f8ca\" data-element_type=\"container\" data-settings=\"{&quot;background_background&quot;:&quot;classic&quot;}\">\n\t\t\t\t\t<div class=\"e-con-inner\">\n\t\t<div class=\"elementor-element elementor-element-d1c6995 hero-title e-flex e-con-boxed e-con e-child\" data-id=\"d1c6995\" data-element_type=\"container\" data-settings=\"{&quot;background_background&quot;:&quot;classic&quot;}\">\n\t\t\t\t\t<div class=\"e-con-inner\">\n\t\t\t\t<div class=\"elementor-element elementor-element-801aacd elementor-widget-divider--view-line elementor-widget elementor-widget-divider\" data-id=\"801aacd\" data-element_type=\"widget\" data-widget_type=\"divider.default\">\n\t\t\t\t<div class=\"elementor-widget-container\">\n\t\t\t\t\t\t\t<div class=\"elementor-divider\">\n\t\t\t<span class=\"elementor-divider-separator\">\n\t\t\t\t\t\t<\/span>\n\t\t<\/div>\n\t\t\t\t\t\t<\/div>\n\t\t\t\t<\/div>\n\t\t\t\t\t<\/div>\n\t\t\t\t<\/div>\n\t\t\t\t\t<\/div>\n\t\t\t\t<\/div>\n\t\t<div class=\"elementor-element elementor-element-3ecfb92 intro-container bg-mint-green e-flex e-con-boxed e-con e-parent\" data-id=\"3ecfb92\" data-element_type=\"container\" data-settings=\"{&quot;background_background&quot;:&quot;classic&quot;}\">\n\t\t\t\t\t<div class=\"e-con-inner\">\n\t\t<div class=\"elementor-element elementor-element-98f92ee e-con-full e-flex e-con e-child\" data-id=\"98f92ee\" data-element_type=\"container\">\n\t\t\t\t<div class=\"elementor-element elementor-element-441a386 intro-heading-text elementor-widget elementor-widget-heading\" data-id=\"441a386\" data-element_type=\"widget\" data-widget_type=\"heading.default\">\n\t\t\t\t<div class=\"elementor-widget-container\">\n\t\t\t\t\t<h2 class=\"elementor-heading-title elementor-size-default\">Unser Charisma und unsere Mission als Tertiarschwestern des Heiligen Franziskus besteht darin, die frohe Botschaft vom Reich Gottes zu verk\u00fcnden und Christus sichtbar zu machen. <\/h2>\t\t\t\t<\/div>\n\t\t\t\t<\/div>\n\t\t\t\t<div class=\"elementor-element elementor-element-2a53629 intro-heading-text elementor-widget elementor-widget-heading\" data-id=\"2a53629\" data-element_type=\"widget\" data-widget_type=\"heading.default\">\n\t\t\t\t<div class=\"elementor-widget-container\">\n\t\t\t\t\t<p class=\"elementor-heading-title elementor-size-default\"><p>Wir sind offen und aufmerksam f\u00fcr den Willen Gottes und antworten auf die Zeichen und Bed\u00fcrfnisse der Zeit.<p>Wir tun dies durch unsere Dienste in den Bereichen Bildung, Gesundheitswesen, Altenpflege, sozialer und pastoraler Arbeit.<\/p>\n<\/p>\t\t\t\t<\/div>\n\t\t\t\t<\/div>\n\t\t\t\t<\/div>\n\t\t\t\t\t<\/div>\n\t\t\t\t<\/div>\n\t\t<div class=\"elementor-element elementor-element-fbe03ef e-con-full bg-irish-mint e-flex e-con e-parent\" data-id=\"fbe03ef\" data-element_type=\"container\" data-settings=\"{&quot;background_background&quot;:&quot;classic&quot;}\">\n\t\t<div class=\"elementor-element elementor-element-1108305a e-con-full e-flex e-con e-child\" data-id=\"1108305a\" data-element_type=\"container\">\n\t\t\t\t<div class=\"elementor-element elementor-element-5e8fb5d5 elementor-widget elementor-widget-text-editor\" data-id=\"5e8fb5d5\" data-element_type=\"widget\" data-widget_type=\"text-editor.default\">\n\t\t\t\t<div class=\"elementor-widget-container\">\n\t\t\t\t\t\t\t\t\t<p><strong>Wir folgen dem Beispiel von Maria Hueber und begleiten Kinder, Jugendliche, \u00e4ltere Menschen, Kranke, Einsame, sowie Menschen in Not und bieten ihnen unsere Unterst\u00fctzung an.<\/strong><\/p><p>Durch unser Dasein schenken wir den Menschen Liebe, Glauben und Hoffnung. In unseren Gemeinschaften bieten wir einen Raum, in dem sich die Menschen zu Hause f\u00fchlen k\u00f6nnen. Sie bekommen dabei k\u00f6rperliche und geistige Unterst\u00fctzung. Im sozialen Bereich versuchen wir, das Bewusstsein der Menschen f\u00fcr ihren Wert und ihre W\u00fcrde als Mensch zu st\u00e4rken.<\/p><p>Zudem setzen wir unsere Ressourcen kreativ im Rahmen unserer Aufgaben ein.<\/p><p>Wir sind dankbar, dass wir in unserer Mutter Anf\u00e4ngerin Maria Hueber ein lebendiges Beispiel haben, wie eine Frau ihrer Vision gefolgt ist.<\/p>\t\t\t\t\t\t\t\t<\/div>\n\t\t\t\t<\/div>\n\t\t\t\t<\/div>\n\t\t<div class=\"elementor-element elementor-element-6af5b285 e-con-full e-flex e-con e-child\" data-id=\"6af5b285\" data-element_type=\"container\" data-settings=\"{&quot;background_background&quot;:&quot;classic&quot;}\">\n\t\t\t\t<\/div>\n\t\t\t\t<\/div>\n\t\t\t\t<\/div>","protected":false},"excerpt":{"rendered":"<p>Our Charism and Mission as Tertiary Sisters of St. Francis is to proclaim the Good News of the Kingdom of God and make Christ visible. We are open and attentive to the Will of God and respond to the signs and the needs of the time. We do this through our ministries of education, healthcare, [&hellip;]<\/p>","protected":false},"author":1,"featured_media":2935,"parent":0,"menu_order":0,"comment_status":"closed","ping_status":"closed","template":"","meta":{"_acf_changed":false,"cybocfi_hide_featured_image":"","footnotes":""},"categories":[8],"class_list":["post-1373","page","type-page","status-publish","has-post-thumbnail","hentry","category-transparent-header-c"],"acf":[],"_links":{"self":[{"href":"https:\/\/tertiarysisters.org\/de\/wp-json\/wp\/v2\/pages\/1373","targetHints":{"allow":["GET"]}}],"collection":[{"href":"https:\/\/tertiarysisters.org\/de\/wp-json\/wp\/v2\/pages"}],"about":[{"href":"https:\/\/tertiarysisters.org\/de\/wp-json\/wp\/v2\/types\/page"}],"author":[{"embeddable":true,"href":"https:\/\/tertiarysisters.org\/de\/wp-json\/wp\/v2\/users\/1"}],"replies":[{"embeddable":true,"href":"https:\/\/tertiarysisters.org\/de\/wp-json\/wp\/v2\/comments?post=1373"}],"version-history":[{"count":36,"href":"https:\/\/tertiarysisters.org\/de\/wp-json\/wp\/v2\/pages\/1373\/revisions"}],"predecessor-version":[{"id":3718,"href":"https:\/\/tertiarysisters.org\/de\/wp-json\/wp\/v2\/pages\/1373\/revisions\/3718"}],"wp:featuredmedia":[{"embeddable":true,"href":"https:\/\/tertiarysisters.org\/de\/wp-json\/wp\/v2\/media\/2935"}],"wp:attachment":[{"href":"https:\/\/tertiarysisters.org\/de\/wp-json\/wp\/v2\/media?parent=1373"}],"wp:term":[{"taxonomy":"category","embeddable":true,"href":"https:\/\/tertiarysisters.org\/de\/wp-json\/wp\/v2\/categories?post=1373"}],"curies":[{"name":"wp","href":"https:\/\/api.w.org\/{rel}","templated":true}]}}