{"id":1436,"date":"2023-08-27T22:01:31","date_gmt":"2023-08-28T02:01:31","guid":{"rendered":"https:\/\/tertiarysisters.org\/?page_id=1436"},"modified":"2023-12-03T04:34:22","modified_gmt":"2023-12-03T09:34:22","slug":"allgemeinbildende-hohere-schule-im-landlichen-kamerun","status":"publish","type":"page","link":"https:\/\/tertiarysisters.org\/de\/allgemeinbildende-hohere-schule-im-landlichen-kamerun\/","title":{"rendered":"Comprehensive Catholic Education in Cameroon"},"content":{"rendered":"<div data-elementor-type=\"wp-page\" data-elementor-id=\"1436\" class=\"elementor elementor-1436\" data-elementor-post-type=\"page\">\n\t\t\t\t<div class=\"elementor-element elementor-element-4b2f8ca hero-page e-flex e-con-boxed e-con e-parent\" data-id=\"4b2f8ca\" data-element_type=\"container\" data-settings=\"{&quot;background_background&quot;:&quot;classic&quot;}\">\n\t\t\t\t\t<div class=\"e-con-inner\">\n\t\t<div class=\"elementor-element elementor-element-d1c6995 hero-title e-flex e-con-boxed e-con e-child\" data-id=\"d1c6995\" data-element_type=\"container\" data-settings=\"{&quot;background_background&quot;:&quot;classic&quot;}\">\n\t\t\t\t\t<div class=\"e-con-inner\">\n\t\t\t\t<div class=\"elementor-element elementor-element-3eb4d0c hero-overline elementor-widget elementor-widget-text-editor\" data-id=\"3eb4d0c\" data-element_type=\"widget\" data-widget_type=\"text-editor.default\">\n\t\t\t\t<div class=\"elementor-widget-container\">\n\t\t\t\t\t\t\t\t\t<p class=\"p1\"><span class=\"s1\">St. Maria Goretti Comprehensive High School<br \/>Njinikom, Kamerun<\/span><\/p>\t\t\t\t\t\t\t\t<\/div>\n\t\t\t\t<\/div>\n\t\t\t\t<div class=\"elementor-element elementor-element-801aacd elementor-widget-divider--view-line elementor-widget elementor-widget-divider\" data-id=\"801aacd\" data-element_type=\"widget\" data-widget_type=\"divider.default\">\n\t\t\t\t<div class=\"elementor-widget-container\">\n\t\t\t\t\t\t\t<div class=\"elementor-divider\">\n\t\t\t<span class=\"elementor-divider-separator\">\n\t\t\t\t\t\t<\/span>\n\t\t<\/div>\n\t\t\t\t\t\t<\/div>\n\t\t\t\t<\/div>\n\t\t\t\t<div class=\"elementor-element elementor-element-d68474d elementor-widget elementor-widget-heading\" data-id=\"d68474d\" data-element_type=\"widget\" data-widget_type=\"heading.default\">\n\t\t\t\t<div class=\"elementor-widget-container\">\n\t\t\t\t\t<h2 class=\"elementor-heading-title elementor-size-default\">Allgemeinbildende h\u00f6here Schule im l\u00e4ndlichen Kamerun<\/h2>\t\t\t\t<\/div>\n\t\t\t\t<\/div>\n\t\t\t\t\t<\/div>\n\t\t\t\t<\/div>\n\t\t\t\t\t<\/div>\n\t\t\t\t<\/div>\n\t\t<div class=\"elementor-element elementor-element-3ecfb92 e-con-full bg-mint-green e-flex e-con e-parent\" data-id=\"3ecfb92\" data-element_type=\"container\" data-settings=\"{&quot;background_background&quot;:&quot;classic&quot;}\">\n\t\t<div class=\"elementor-element elementor-element-98f92ee e-con-full e-flex e-con e-child\" data-id=\"98f92ee\" data-element_type=\"container\">\n\t\t\t\t<div class=\"elementor-element elementor-element-5ed03b6 elementor-widget elementor-widget-heading\" data-id=\"5ed03b6\" data-element_type=\"widget\" data-widget_type=\"heading.default\">\n\t\t\t\t<div class=\"elementor-widget-container\">\n\t\t\t\t\t<h2 class=\"elementor-heading-title elementor-size-default\">Traditionelle katholische Bildung in einem besonderen Umfeld<\/h2>\t\t\t\t<\/div>\n\t\t\t\t<\/div>\n\t\t\t\t<div class=\"elementor-element elementor-element-3ce157e elementor-widget elementor-widget-text-editor\" data-id=\"3ce157e\" data-element_type=\"widget\" data-widget_type=\"text-editor.default\">\n\t\t\t\t<div class=\"elementor-widget-container\">\n\t\t\t\t\t\t\t\t\t<p>In Europa und Nordamerika ist der Rahmen einer katholischen Erziehung wohlbekannt: ein strenger Fokus auf die akademischen F\u00e4cher, die grundlegende Rolle des Glaubens und der Religion und enge, dauerhafte Beziehungen zwischen den Studierenden und dem Lehrk\u00f6rper.<\/p><p>Nach diesem Modell arbeitet die St. Maria Goretti Comprehensive High School, die 400 Sch\u00fcler im l\u00e4ndlichen Nordwesten Kameruns unterrichtet - einer Gegend, in der eine gute Ausbildung alles andere als garantiert ist.<\/p><p>Der traditionelle katholische Schwerpunkt auf  akademischen F\u00e4chern - Mathematik, Naturwissenschaften, Geschichte, Englisch und Franz\u00f6sisch - wird erg\u00e4nzt durch religi\u00f6se Erziehung und eine starke Betonung des guten Benehmens und dem Einsatz f\u00fcr die Menschen.<\/p><p>Lokal entwickelte professionelle Programme in den Bereichen Wirtschaft, Informationstechnologie und Bauwesen bieten vielen Absolventinnen und Absolventen einen Weg zu spezialisierten Arbeitspl\u00e4tzen.<\/p><p>Maria Goretti wird ausschlie\u00dflich von den Tertiarschwestern betrieben und nimmt sowohl Tagessch\u00fcler aus der Umgebung als auch Internatssch\u00fcler aus der ganzen Region auf.<\/p>\t\t\t\t\t\t\t\t<\/div>\n\t\t\t\t<\/div>\n\t\t<div class=\"elementor-element elementor-element-bbba307 hypebox bg-dark-green-text e-flex e-con-boxed e-con e-child\" data-id=\"bbba307\" data-element_type=\"container\" data-settings=\"{&quot;background_background&quot;:&quot;classic&quot;}\">\n\t\t\t\t\t<div class=\"e-con-inner\">\n\t\t\t\t<div class=\"elementor-element elementor-element-d872d37 elementor-widget__width-initial elementor-widget elementor-widget-text-editor\" data-id=\"d872d37\" data-element_type=\"widget\" data-widget_type=\"text-editor.default\">\n\t\t\t\t<div class=\"elementor-widget-container\">\n\t\t\t\t\t\t\t\t\t<p>Fast die gesamte Arbeit von  Maria Goretti wird aus privaten Mitteln finanziert. Mehr als 25 Prozent der Studentinnen und Studenten erhalten ein Vollstipendium, das ausschlie\u00dflich von Spendern der Tertiarschwestern finanziert wird.<\/p><p>Wenn Sie in der Lage sind, uns <a href=\"https:\/\/tertiarysisters.org\/de\/spende\/\">eine Spende zukommen zu lassen,<\/a> freuen wir uns sehr dar\u00fcber und sind Ihnen sehr dankbar. Wir werden Ihre Spende zweckbestimmt und sofort einsetzen.<\/p>\t\t\t\t\t\t\t\t<\/div>\n\t\t\t\t<\/div>\n\t\t\t\t<div class=\"elementor-element elementor-element-16cb68c elementor-align-center elementor-widget elementor-widget-button\" data-id=\"16cb68c\" data-element_type=\"widget\" data-widget_type=\"button.default\">\n\t\t\t\t<div class=\"elementor-widget-container\">\n\t\t\t\t\t\t\t\t\t<div class=\"elementor-button-wrapper\">\n\t\t\t\t\t<a class=\"elementor-button elementor-button-link elementor-size-xs elementor-animation-grow\" href=\"https:\/\/tertiarysisters.org\/de\/spende\/\">\n\t\t\t\t\t\t<span class=\"elementor-button-content-wrapper\">\n\t\t\t\t\t\t\t\t\t<span class=\"elementor-button-text\">Gib eine Spende<\/span>\n\t\t\t\t\t<\/span>\n\t\t\t\t\t<\/a>\n\t\t\t\t<\/div>\n\t\t\t\t\t\t\t\t<\/div>\n\t\t\t\t<\/div>\n\t\t\t\t\t<\/div>\n\t\t\t\t<\/div>\n\t\t\t\t<\/div>\n\t\t<div class=\"elementor-element elementor-element-3a9b4a6 e-flex e-con-boxed e-con e-child\" data-id=\"3a9b4a6\" data-element_type=\"container\">\n\t\t\t\t\t<div class=\"e-con-inner\">\n\t\t\t\t<div class=\"elementor-element elementor-element-ac004fd elementor-widget elementor-widget-heading\" data-id=\"ac004fd\" data-element_type=\"widget\" data-widget_type=\"heading.default\">\n\t\t\t\t<div class=\"elementor-widget-container\">\n\t\t\t\t\t<div class=\"elementor-heading-title elementor-size-default\">Auf einen blick<\/div>\t\t\t\t<\/div>\n\t\t\t\t<\/div>\n\t\t\t\t<div class=\"elementor-element elementor-element-0bb8511 elementor-icon-list--layout-traditional elementor-list-item-link-full_width elementor-widget elementor-widget-icon-list\" data-id=\"0bb8511\" data-element_type=\"widget\" data-widget_type=\"icon-list.default\">\n\t\t\t\t<div class=\"elementor-widget-container\">\n\t\t\t\t\t\t\t<ul class=\"elementor-icon-list-items\">\n\t\t\t\t\t\t\t<li class=\"elementor-icon-list-item\">\n\t\t\t\t\t\t\t\t\t\t\t<span class=\"elementor-icon-list-icon\">\n\t\t\t\t\t\t\t<i aria-hidden=\"true\" class=\"fas fa-square-full\"><\/i>\t\t\t\t\t\t<\/span>\n\t\t\t\t\t\t\t\t\t\t<span class=\"elementor-icon-list-text\">400 Studierende eingeschrieben<\/span>\n\t\t\t\t\t\t\t\t\t<\/li>\n\t\t\t\t\t\t\t\t<li class=\"elementor-icon-list-item\">\n\t\t\t\t\t\t\t\t\t\t\t<span class=\"elementor-icon-list-icon\">\n\t\t\t\t\t\t\t<i aria-hidden=\"true\" class=\"fas fa-square-full\"><\/i>\t\t\t\t\t\t<\/span>\n\t\t\t\t\t\t\t\t\t\t<span class=\"elementor-icon-list-text\">33 Lehrkr\u00e4fte<\/span>\n\t\t\t\t\t\t\t\t\t<\/li>\n\t\t\t\t\t\t\t\t<li class=\"elementor-icon-list-item\">\n\t\t\t\t\t\t\t\t\t\t\t<span class=\"elementor-icon-list-icon\">\n\t\t\t\t\t\t\t<i aria-hidden=\"true\" class=\"fas fa-square-full\"><\/i>\t\t\t\t\t\t<\/span>\n\t\t\t\t\t\t\t\t\t\t<span class=\"elementor-icon-list-text\">Strenger akademischer und beruflicher Lehrplan, der auch den Religionsunterricht einschlie\u00dft<\/span>\n\t\t\t\t\t\t\t\t\t<\/li>\n\t\t\t\t\t\t\t\t<li class=\"elementor-icon-list-item\">\n\t\t\t\t\t\t\t\t\t\t\t<span class=\"elementor-icon-list-icon\">\n\t\t\t\t\t\t\t<i aria-hidden=\"true\" class=\"fas fa-square-full\"><\/i>\t\t\t\t\t\t<\/span>\n\t\t\t\t\t\t\t\t\t\t<span class=\"elementor-icon-list-text\">Unterricht in englischer und franz\u00f6sischer Sprache<\/span>\n\t\t\t\t\t\t\t\t\t<\/li>\n\t\t\t\t\t\t\t\t<li class=\"elementor-icon-list-item\">\n\t\t\t\t\t\t\t\t\t\t\t<span class=\"elementor-icon-list-icon\">\n\t\t\t\t\t\t\t<i aria-hidden=\"true\" class=\"fas fa-square-full\"><\/i>\t\t\t\t\t\t<\/span>\n\t\t\t\t\t\t\t\t\t\t<span class=\"elementor-icon-list-text\">V\u00f6llig privat finanziert<\/span>\n\t\t\t\t\t\t\t\t\t<\/li>\n\t\t\t\t\t\t<\/ul>\n\t\t\t\t\t\t<\/div>\n\t\t\t\t<\/div>\n\t\t\t\t<div class=\"elementor-element elementor-element-8c66170 elementor-widget elementor-widget-uael-google-map\" data-id=\"8c66170\" data-element_type=\"widget\" data-settings=\"{&quot;zoom_control&quot;:&quot;yes&quot;,&quot;fullscreen_control&quot;:&quot;yes&quot;}\" data-widget_type=\"uael-google-map.default\">\n\t\t\t\t<div class=\"elementor-widget-container\">\n\t\t\t\t\t\t\t<div class=\"uael-google-map-wrap\">\n\t\t\t<div id=\"uael-google-map-8c66170\" class=\"uael-google-map\" data-map_options=\"{&quot;zoom&quot;:5,&quot;mapTypeId&quot;:&quot;roadmap&quot;,&quot;mapTypeControl&quot;:false,&quot;streetViewControl&quot;:false,&quot;zoomControl&quot;:true,&quot;fullscreenControl&quot;:true,&quot;gestureHandling&quot;:true}\" data-cluster=\"no\" data-cluster-attr=\"[]\" data-max-width=\"250\" data-locations=\"[[&quot;3.861770&quot;,&quot;11.518750&quot;,false,&quot;Njinikom&quot;,null,&quot;&quot;,&quot;&quot;,&quot;&quot;,&quot;&quot;]]\" data-animate=\"\" data-auto-center=\"center\" data-predefined-style=\"magnesium\"><\/div>\n\t\t<\/div>\n\t\t\t\t\t\t<\/div>\n\t\t\t\t<\/div>\n\t\t\t\t\t<\/div>\n\t\t\t\t<\/div>\n\t\t\t\t<\/div>\n\t\t<div class=\"elementor-element elementor-element-af06852 e-con-full bg-irish-mint e-flex e-con e-parent\" data-id=\"af06852\" data-element_type=\"container\" data-settings=\"{&quot;background_background&quot;:&quot;classic&quot;}\">\n\t\t<div class=\"elementor-element elementor-element-e0d965c e-con-full e-flex e-con e-child\" data-id=\"e0d965c\" data-element_type=\"container\">\n\t\t\t\t<div class=\"elementor-element elementor-element-596b8a2 elementor-widget elementor-widget-heading\" data-id=\"596b8a2\" data-element_type=\"widget\" data-widget_type=\"heading.default\">\n\t\t\t\t<div class=\"elementor-widget-container\">\n\t\t\t\t\t<h2 class=\"elementor-heading-title elementor-size-default\">Der Geist von Maria Hueber<\/h2>\t\t\t\t<\/div>\n\t\t\t\t<\/div>\n\t\t\t\t<div class=\"elementor-element elementor-element-4da081e elementor-widget elementor-widget-text-editor\" data-id=\"4da081e\" data-element_type=\"widget\" data-widget_type=\"text-editor.default\">\n\t\t\t\t<div class=\"elementor-widget-container\">\n\t\t\t\t\t\t\t\t\t<p>Wie an katholischen Schulen auf der ganzen Welt spielt der Religionsunterricht eine wichtige Rolle im Lehrplan von  Maria Goretti. Hier leitet der Geist unserer Mutter Anf\u00e4ngerin Maria Hueber alles, was wir tun.<\/p><p class=\"p1\">Maria Huebers Werte - Gebet, Einfachheit, harte Arbeit, Liebe zur Natur - werden an die Sch\u00fcler*Innen weitergegeben und bilden den Grundpfeiler unserer Erziehungsphilosophie.<\/p><p class=\"p1\">Die Studierenden werden ermutigt, in jeder Situation  positiv und ermutigend pr\u00e4sent zu sein.<\/p><p class=\"p1\">Wir sorgen daf\u00fcr, dass Benachteiligte Chancen erhalten, die ihnen anderswo verwehrt bleiben - ganz nach dem Vorbild von Maria Hueber. Mehr als ein Viertel unserer Student*Innen erh\u00e4lt ein Vollstipendium, denn fast alle kommen aus einfachen Verh\u00e4ltnissen.<\/p>\t\t\t\t\t\t\t\t<\/div>\n\t\t\t\t<\/div>\n\t\t\t\t<\/div>\n\t\t<div class=\"elementor-element elementor-element-e541009 e-con-full e-flex e-con e-child\" data-id=\"e541009\" data-element_type=\"container\" data-settings=\"{&quot;background_background&quot;:&quot;classic&quot;}\">\n\t\t\t\t<\/div>\n\t\t\t\t<\/div>\n\t\t<div class=\"elementor-element elementor-element-9376473 e-con-full bg-darker-green e-flex e-con e-parent\" data-id=\"9376473\" data-element_type=\"container\" data-settings=\"{&quot;background_background&quot;:&quot;classic&quot;}\">\n\t\t<div class=\"elementor-element elementor-element-292692b e-con-full e-flex e-con e-child\" data-id=\"292692b\" data-element_type=\"container\">\n\t\t\t\t<div class=\"elementor-element elementor-element-00b3af4 elementor-widget elementor-widget-heading\" data-id=\"00b3af4\" data-element_type=\"widget\" data-widget_type=\"heading.default\">\n\t\t\t\t<div class=\"elementor-widget-container\">\n\t\t\t\t\t<h2 class=\"elementor-heading-title elementor-size-default\">Ein Labor f\u00fcr eine gute Zukunft<\/h2>\t\t\t\t<\/div>\n\t\t\t\t<\/div>\n\t\t\t\t<div class=\"elementor-element elementor-element-056805a elementor-widget elementor-widget-text-editor\" data-id=\"056805a\" data-element_type=\"widget\" data-widget_type=\"text-editor.default\">\n\t\t\t\t<div class=\"elementor-widget-container\">\n\t\t\t\t\t\t\t\t\t<p>Es erf\u00fcllt uns mit Stolz, wenn wir sehen, wie Sch\u00fcler*Innen, die sich gerade erst als Teenager eingeschrieben haben, ihren Abschluss machen und bereit sind, etwas f\u00fcr ihre Gemeinschaft zu leisten.<\/p><p>Nach dem Abschluss entscheiden sich viele Student*Innen entweder f\u00fcr ein weiterf\u00fchrendes Studium an einer Universit\u00e4t oder gr\u00fcnden ein kleines Unternehmen bzw. arbeiten in einem solchen.<\/p><p>Dank unserer Ausbildungsprogramme k\u00f6nnen AbsolventInnen schnell in unterschiedlichen Berufsfeldern t\u00e4tig werden. Viele finden Anstellungen in Bereichen wie Krankenpflege, Hotelmanagement, Buchhaltung oder Unterricht.<\/p><p>Wieder andere streben ein Leben als Priester oder das Ordensleben an, einige werden Tertiarschwestern des hl. Franziskus.<\/p><p>Der Erfolg unserer Sch\u00fcler*Innen ist die Erf\u00fcllung unserer Lebensaufgabe. Unser Wunsch ist es,  Maria Huebers Vision an die n\u00e4chste Generation von Sch\u00fclerInnen weiterzugeben.<\/p>\t\t\t\t\t\t\t\t<\/div>\n\t\t\t\t<\/div>\n\t\t\t\t<\/div>\n\t\t<div class=\"elementor-element elementor-element-8335d2b e-con-full e-flex e-con e-child\" data-id=\"8335d2b\" data-element_type=\"container\" data-settings=\"{&quot;background_background&quot;:&quot;classic&quot;}\">\n\t\t\t\t<\/div>\n\t\t\t\t<\/div>\n\t\t<div class=\"elementor-element elementor-element-bdcc0e4 e-con-full bg-army-green e-flex e-con e-parent\" data-id=\"bdcc0e4\" data-element_type=\"container\" data-settings=\"{&quot;background_background&quot;:&quot;classic&quot;}\">\n\t\t<div class=\"elementor-element elementor-element-ca174a8 e-con-full e-flex e-con e-child\" data-id=\"ca174a8\" data-element_type=\"container\">\n\t\t\t\t<div class=\"elementor-element elementor-element-cd4b5c4 elementor-testimonial--skin-bubble no-testimonial-image elementor-testimonial--layout-image_inline elementor-testimonial--align-center elementor-arrows-yes elementor-widget elementor-widget-testimonial-carousel\" data-id=\"cd4b5c4\" data-element_type=\"widget\" data-settings=\"{&quot;slides_per_view&quot;:&quot;3&quot;,&quot;show_arrows&quot;:&quot;yes&quot;,&quot;speed&quot;:500,&quot;loop&quot;:&quot;yes&quot;,&quot;space_between&quot;:{&quot;unit&quot;:&quot;px&quot;,&quot;size&quot;:10,&quot;sizes&quot;:[]},&quot;space_between_tablet&quot;:{&quot;unit&quot;:&quot;px&quot;,&quot;size&quot;:10,&quot;sizes&quot;:[]},&quot;space_between_mobile&quot;:{&quot;unit&quot;:&quot;px&quot;,&quot;size&quot;:10,&quot;sizes&quot;:[]}}\" data-widget_type=\"testimonial-carousel.default\">\n\t\t\t\t<div class=\"elementor-widget-container\">\n\t\t\t\t\t\t\t\t\t<div class=\"elementor-swiper\">\n\t\t\t\t\t<div class=\"elementor-main-swiper swiper\" role=\"region\" aria-roledescription=\"carousel\" aria-label=\"Diapositivas\">\n\t\t\t\t<div class=\"swiper-wrapper\">\n\t\t\t\t\t\t\t\t\t\t\t<div class=\"swiper-slide\" role=\"group\" aria-roledescription=\"slide\">\n\t\t\t\t\t\t\t\t\t<div class=\"elementor-testimonial\">\n\t\t\t\t\t\t\t<div class=\"elementor-testimonial__content\">\n\t\t\t\t\t<div class=\"elementor-testimonial__text\">\n\t\t\t\t\t\tMaria Goretti hat eine wichtige Rolle in meinem Leben und meiner Ausbildung gespielt. Dank dieser gro\u00dfartigen Einrichtung bin ich der, der ich heute bin. Maria Goretti hat mich k\u00f6rperlich, moralisch, geistig und intellektuell gest\u00e4rkt. Ich bin dankbar daf\u00fcr.\t\t\t\t\t<\/div>\n\t\t\t\t\t\t\t\t\t<\/div>\n\t\t\t\t\t\t<div class=\"elementor-testimonial__footer\">\n\t\t\t\t\t\t\t\t\t<div class=\"elementor-testimonial__image\">\n\t\t\t\t\t\t<img decoding=\"async\" src=\"https:\/\/tertiarysisters.org\/wp-content\/plugins\/elementor\/assets\/images\/placeholder.png\" alt=\"Emmanuel Yong\">\n\t\t\t\t\t\t\t\t\t\t\t<\/div>\n\t\t\t\t\t\t\t\t<cite class=\"elementor-testimonial__cite\"><span class=\"elementor-testimonial__name\">Emmanuel Yong<\/span><span class=\"elementor-testimonial__title\">Student<\/span><\/cite>\t\t\t<\/div>\n\t\t<\/div>\n\t\t\t\t\t\t\t\t<\/div>\n\t\t\t\t\t\t\t\t\t\t\t<div class=\"swiper-slide\" role=\"group\" aria-roledescription=\"slide\">\n\t\t\t\t\t\t\t\t\t<div class=\"elementor-testimonial\">\n\t\t\t\t\t\t\t<div class=\"elementor-testimonial__content\">\n\t\t\t\t\t<div class=\"elementor-testimonial__text\">\n\t\t\t\t\t\t<p>Das g\u00fcnstige akademische Umfeld und die gut ausgebildeten Lehrerinnen und Lehrer haben dazu beigetragen, mich zu der Person zu formen, die ich heute bin.<\/p><\/p>Danke,  Maria Goretti!<p>\t\t\t\t\t<\/div>\n\t\t\t\t\t\t\t\t\t<\/div>\n\t\t\t\t\t\t<div class=\"elementor-testimonial__footer\">\n\t\t\t\t\t\t\t\t\t<div class=\"elementor-testimonial__image\">\n\t\t\t\t\t\t<img decoding=\"async\" src=\"https:\/\/tertiarysisters.org\/wp-content\/plugins\/elementor\/assets\/images\/placeholder.png\" alt=\"Taba Boris Ndi\">\n\t\t\t\t\t\t\t\t\t\t\t<\/div>\n\t\t\t\t\t\t\t\t<cite class=\"elementor-testimonial__cite\"><span class=\"elementor-testimonial__name\">Taba Boris Ndi<\/span><span class=\"elementor-testimonial__title\">Student<\/span><\/cite>\t\t\t<\/div>\n\t\t<\/div>\n\t\t\t\t\t\t\t\t<\/div>\n\t\t\t\t\t\t\t\t\t\t\t<div class=\"swiper-slide\" role=\"group\" aria-roledescription=\"slide\">\n\t\t\t\t\t\t\t\t\t<div class=\"elementor-testimonial\">\n\t\t\t\t\t\t\t<div class=\"elementor-testimonial__content\">\n\t\t\t\t\t<div class=\"elementor-testimonial__text\">\n\t\t\t\t\t\t<p>Obwohl ich nur ein Jahr in  Maria Goretti verbracht habe, habe ich gelernt, wie man Lebensprobleme bew\u00e4ltigt. Ich habe gelernt, mein Wissen zu teilen und mich um das Wohlbefinden anderer zu k\u00fcmmern, vor allem in schweren Zeiten.<\/p>\t\t\t\t\t<\/div>\n\t\t\t\t\t\t\t\t\t<\/div>\n\t\t\t\t\t\t<div class=\"elementor-testimonial__footer\">\n\t\t\t\t\t\t\t\t\t<div class=\"elementor-testimonial__image\">\n\t\t\t\t\t\t<img decoding=\"async\" src=\"https:\/\/tertiarysisters.org\/wp-content\/plugins\/elementor\/assets\/images\/placeholder.png\" alt=\"Ndzi Princely Adio\">\n\t\t\t\t\t\t\t\t\t\t\t<\/div>\n\t\t\t\t\t\t\t\t<cite class=\"elementor-testimonial__cite\"><span class=\"elementor-testimonial__name\">Ndzi Princely Adio<\/span><span class=\"elementor-testimonial__title\">Student<\/span><\/cite>\t\t\t<\/div>\n\t\t<\/div>\n\t\t\t\t\t\t\t\t<\/div>\n\t\t\t\t\t\t\t\t\t<\/div>\n\t\t\t\t\t\t\t\t\t\t\t\t\t\t\t<div class=\"elementor-swiper-button elementor-swiper-button-prev\" role=\"button\" tabindex=\"0\" aria-label=\"Anterior\">\n\t\t\t\t\t\t\t<i aria-hidden=\"true\" class=\"eicon-chevron-left\"><\/i>\t\t\t\t\t\t<\/div>\n\t\t\t\t\t\t<div class=\"elementor-swiper-button elementor-swiper-button-next\" role=\"button\" tabindex=\"0\" aria-label=\"Siguiente\">\n\t\t\t\t\t\t\t<i aria-hidden=\"true\" class=\"eicon-chevron-right\"><\/i>\t\t\t\t\t\t<\/div>\n\t\t\t\t\t\t\t\t\t\t\t\t\t\t\t\t\t<\/div>\n\t\t\t\t<\/div>\n\t\t\t\t\t\t\t\t<\/div>\n\t\t\t\t<\/div>\n\t\t\t\t<\/div>\n\t\t\t\t<\/div>\n\t\t<div class=\"elementor-element elementor-element-8665eee e-con-full bg-midnight e-flex e-con e-parent\" data-id=\"8665eee\" data-element_type=\"container\" data-settings=\"{&quot;background_background&quot;:&quot;classic&quot;}\">\n\t\t<div class=\"elementor-element elementor-element-491f8db e-con-full e-flex e-con e-child\" data-id=\"491f8db\" data-element_type=\"container\">\n\t\t\t\t<div class=\"elementor-element elementor-element-ebbeeb5 elementor-widget elementor-widget-heading\" data-id=\"ebbeeb5\" data-element_type=\"widget\" data-widget_type=\"heading.default\">\n\t\t\t\t<div class=\"elementor-widget-container\">\n\t\t\t\t\t<h2 class=\"elementor-heading-title elementor-size-default\">Wie du helfen kannst<\/h2>\t\t\t\t<\/div>\n\t\t\t\t<\/div>\n\t\t\t\t<div class=\"elementor-element elementor-element-124580e elementor-widget elementor-widget-text-editor\" data-id=\"124580e\" data-element_type=\"widget\" data-widget_type=\"text-editor.default\">\n\t\t\t\t<div class=\"elementor-widget-container\">\n\t\t\t\t\t\t\t\t\t<p><strong>St. Maria Goretti Comprehensive ist privat finanziert.<\/strong><\/p><p>Mehr als ein Viertel unserer Studierenden erh\u00e4lt ein Vollstipendium, das ausschlie\u00dflich von Spendern finanziert wird.<\/p><p>Bitte helfen Sie uns, Maria Huebers Vision zu verwirklichen, allen Menschen, insbesondere den Benachteiligten, eine Chance zu geben.<\/p><p>Wenn Sie in der Lage sind, uns <a href=\"https:\/\/tertiarysisters.org\/de\/spende\/\">eine Spende zukommen zu lassen,<\/a> freuen wir uns sehr dar\u00fcber und sind Ihnen sehr dankbar. Wir werden Ihre Spende zweckbestimmt und sofort einsetzen.<\/p>\t\t\t\t\t\t\t\t<\/div>\n\t\t\t\t<\/div>\n\t\t\t\t<div class=\"elementor-element elementor-element-6973441 elementor-align-center elementor-widget elementor-widget-button\" data-id=\"6973441\" data-element_type=\"widget\" data-widget_type=\"button.default\">\n\t\t\t\t<div class=\"elementor-widget-container\">\n\t\t\t\t\t\t\t\t\t<div class=\"elementor-button-wrapper\">\n\t\t\t\t\t<a class=\"elementor-button elementor-button-link elementor-size-xs elementor-animation-grow\" href=\"https:\/\/tertiarysisters.org\/de\/spende\/\">\n\t\t\t\t\t\t<span class=\"elementor-button-content-wrapper\">\n\t\t\t\t\t\t\t\t\t<span class=\"elementor-button-text\">Gib eine Spende<\/span>\n\t\t\t\t\t<\/span>\n\t\t\t\t\t<\/a>\n\t\t\t\t<\/div>\n\t\t\t\t\t\t\t\t<\/div>\n\t\t\t\t<\/div>\n\t\t\t\t<\/div>\n\t\t\t\t<\/div>\n\t\t\t\t<\/div>","protected":false},"excerpt":{"rendered":"<p>St. Maria Goretti Comprehensive High SchoolNjinikom, Cameroon Comprehensive Catholic education in rural Cameroon Traditional Catholic education in an unexpected setting In Europe and North America, the contours of a Catholic education are well known: a rigorous focus on academics; the foundational role of faith and religion; and close, long-lasting relationships between students and teachers. It&#8217;s [&hellip;]<\/p>","protected":false},"author":1,"featured_media":472,"parent":0,"menu_order":0,"comment_status":"closed","ping_status":"closed","template":"","meta":{"_acf_changed":false,"cybocfi_hide_featured_image":"","footnotes":""},"categories":[8],"class_list":["post-1436","page","type-page","status-publish","has-post-thumbnail","hentry","category-transparent-header-c"],"acf":[],"_links":{"self":[{"href":"https:\/\/tertiarysisters.org\/de\/wp-json\/wp\/v2\/pages\/1436","targetHints":{"allow":["GET"]}}],"collection":[{"href":"https:\/\/tertiarysisters.org\/de\/wp-json\/wp\/v2\/pages"}],"about":[{"href":"https:\/\/tertiarysisters.org\/de\/wp-json\/wp\/v2\/types\/page"}],"author":[{"embeddable":true,"href":"https:\/\/tertiarysisters.org\/de\/wp-json\/wp\/v2\/users\/1"}],"replies":[{"embeddable":true,"href":"https:\/\/tertiarysisters.org\/de\/wp-json\/wp\/v2\/comments?post=1436"}],"version-history":[{"count":130,"href":"https:\/\/tertiarysisters.org\/de\/wp-json\/wp\/v2\/pages\/1436\/revisions"}],"predecessor-version":[{"id":3766,"href":"https:\/\/tertiarysisters.org\/de\/wp-json\/wp\/v2\/pages\/1436\/revisions\/3766"}],"wp:featuredmedia":[{"embeddable":true,"href":"https:\/\/tertiarysisters.org\/de\/wp-json\/wp\/v2\/media\/472"}],"wp:attachment":[{"href":"https:\/\/tertiarysisters.org\/de\/wp-json\/wp\/v2\/media?parent=1436"}],"wp:term":[{"taxonomy":"category","embeddable":true,"href":"https:\/\/tertiarysisters.org\/de\/wp-json\/wp\/v2\/categories?post=1436"}],"curies":[{"name":"wp","href":"https:\/\/api.w.org\/{rel}","templated":true}]}}