{"id":1543,"date":"2023-09-04T02:09:22","date_gmt":"2023-09-04T06:09:22","guid":{"rendered":"https:\/\/tertiarysisters.org\/?page_id=1543"},"modified":"2023-12-06T05:45:35","modified_gmt":"2023-12-06T10:45:35","slug":"generalate","status":"publish","type":"page","link":"https:\/\/tertiarysisters.org\/de\/generalate\/","title":{"rendered":"Generalleitung"},"content":{"rendered":"<div data-elementor-type=\"wp-page\" data-elementor-id=\"1543\" class=\"elementor elementor-1543\" data-elementor-post-type=\"page\">\n\t\t\t\t<div class=\"elementor-element elementor-element-4b2f8ca hero-page e-flex e-con-boxed e-con e-parent\" data-id=\"4b2f8ca\" data-element_type=\"container\" data-settings=\"{&quot;background_background&quot;:&quot;classic&quot;}\">\n\t\t\t\t\t<div class=\"e-con-inner\">\n\t\t<div class=\"elementor-element elementor-element-d1c6995 hero-title e-flex e-con-boxed e-con e-child\" data-id=\"d1c6995\" data-element_type=\"container\" data-settings=\"{&quot;background_background&quot;:&quot;classic&quot;}\">\n\t\t\t\t\t<div class=\"e-con-inner\">\n\t\t\t\t<div class=\"elementor-element elementor-element-801aacd elementor-widget-divider--view-line elementor-widget elementor-widget-divider\" data-id=\"801aacd\" data-element_type=\"widget\" data-widget_type=\"divider.default\">\n\t\t\t\t<div class=\"elementor-widget-container\">\n\t\t\t\t\t\t\t<div class=\"elementor-divider\">\n\t\t\t<span class=\"elementor-divider-separator\">\n\t\t\t\t\t\t<\/span>\n\t\t<\/div>\n\t\t\t\t\t\t<\/div>\n\t\t\t\t<\/div>\n\t\t\t\t\t<\/div>\n\t\t\t\t<\/div>\n\t\t\t\t\t<\/div>\n\t\t\t\t<\/div>\n\t\t<div class=\"elementor-element elementor-element-3ecfb92 bg-mint-green e-flex e-con-boxed e-con e-parent\" data-id=\"3ecfb92\" data-element_type=\"container\" data-settings=\"{&quot;background_background&quot;:&quot;classic&quot;}\">\n\t\t\t\t\t<div class=\"e-con-inner\">\n\t\t<div class=\"elementor-element elementor-element-98f92ee e-con-full e-flex e-con e-child\" data-id=\"98f92ee\" data-element_type=\"container\">\n\t\t\t\t<div class=\"elementor-element elementor-element-441a386 intro-heading-text elementor-widget elementor-widget-heading\" data-id=\"441a386\" data-element_type=\"widget\" data-widget_type=\"heading.default\">\n\t\t\t\t<div class=\"elementor-widget-container\">\n\t\t\t\t\t<h2 class=\"elementor-heading-title elementor-size-default\">Das Generalat, eine gew\u00e4hlte Gruppe von f\u00fcnf Frauen, leitet die Tertiarschwestern.<\/h2>\t\t\t\t<\/div>\n\t\t\t\t<\/div>\n\t\t\t\t<div class=\"elementor-element elementor-element-6204556 elementor-widget elementor-widget-text-editor\" data-id=\"6204556\" data-element_type=\"widget\" data-widget_type=\"text-editor.default\">\n\t\t\t\t<div class=\"elementor-widget-container\">\n\t\t\t\t\t\t\t\t\t<p>Die Gruppe, die sich aus der Generaloberin, der Generalvikar (erste R\u00e4tin) und drei weiteren Generalr\u00e4tinnen zusammensetzt, ist f\u00fcr die F\u00fchrung und Leitung der Tertiarschwestern des hl. Franziskus verantwortlich. Die Wahlen finden alle sechs Jahre statt.<\/p>\t\t\t\t\t\t\t\t<\/div>\n\t\t\t\t<\/div>\n\t\t\t\t<\/div>\n\t\t\t\t\t<\/div>\n\t\t\t\t<\/div>\n\t\t<div class=\"elementor-element elementor-element-1e6117d e-flex e-con-boxed e-con e-parent\" data-id=\"1e6117d\" data-element_type=\"container\" data-settings=\"{&quot;background_background&quot;:&quot;classic&quot;}\">\n\t\t\t\t\t<div class=\"e-con-inner\">\n\t\t<a class=\"elementor-element elementor-element-55f9a7c0 e-flex e-con-boxed e-con e-child\" data-id=\"55f9a7c0\" data-element_type=\"container\" href=\"https:\/\/tertiarysisters.org\/de\/bio\/sr-theodosia-baki\/\">\n\t\t\t\t\t<div class=\"e-con-inner\">\n\t\t\t\t<div class=\"elementor-element elementor-element-406e3e40 uael-member-image-pos-above uael-shape-square uael-team-member-align-center elementor-widget elementor-widget-uael-team-member\" data-id=\"406e3e40\" data-element_type=\"widget\" data-widget_type=\"uael-team-member.default\">\n\t\t\t\t<div class=\"elementor-widget-container\">\n\t\t\t\t\t\t\t<div class=\"uael-team-member\">\n\t\t\t<div class = \"uael-team-member-wrap\" >\n\t\t\t\t<div class=\"uael-member-wrap\" >\n\t\t\t\t\t\t\t\t\t\t\t\t<div class=\"uael-team-member-image\">\n\t\t\t\t\t\t\t<div class=\"elementor-animation-\"><img fetchpriority=\"high\" decoding=\"async\" width=\"768\" height=\"896\" src=\"https:\/\/tertiarysisters.org\/wp-content\/uploads\/2023\/09\/baki-theodosia-headshot-900-768x896.jpg\" class=\"attachment-medium_large size-medium_large wp-image-1575\" alt=\"\" srcset=\"https:\/\/tertiarysisters.org\/wp-content\/uploads\/2023\/09\/baki-theodosia-headshot-900-768x896.jpg 768w, https:\/\/tertiarysisters.org\/wp-content\/uploads\/2023\/09\/baki-theodosia-headshot-900-257x300.jpg 257w, https:\/\/tertiarysisters.org\/wp-content\/uploads\/2023\/09\/baki-theodosia-headshot-900-878x1024.jpg 878w, https:\/\/tertiarysisters.org\/wp-content\/uploads\/2023\/09\/baki-theodosia-headshot-900-10x12.jpg 10w, https:\/\/tertiarysisters.org\/wp-content\/uploads\/2023\/09\/baki-theodosia-headshot-900.jpg 900w\" sizes=\"(max-width: 768px) 100vw, 768px\" \/><\/div>\t\t\t\t\t\t\t<\/div>\n\t\t\t\t\t\t\t\t\t\t\t\t\t\t\t<div class=\"uael-team-member-content\">\n\t\t\t\t\t\t\t\t\t\t\t<div class=\"uael-team-member-name\">\n\t\t\t\t\t\t<h3 class=\"uael-team-name\">Sr. Theodosia Baki<\/h3>\t\t\t\t\t\t<\/div>\n\t\t\t\t\t\t\t\t\t\t\t\t\t\t\t\t\t\t\t\t\t\t\t\t\t\t\t\t\t\t\t\t\t\t\t\t\t<div class=\"uael-team-member-desc\">\n\t\t\t\t\t\t\t<div class=\"uael-team-desc\">Generaloberin<\/div>\n\t\t\t\t\t\t<\/div>\n\t\t\t\t\t\t\t\t\t\t\t\t\t\t\t\t\t\t\t<\/div>\n\t\t\t<\/div>\n\t\t<\/div>\n\t<\/div>\n\t\t\t\t\t\t<\/div>\n\t\t\t\t<\/div>\n\t\t\t\t\t<\/div>\n\t\t\t\t<\/a>\n\t\t<a class=\"elementor-element elementor-element-26e4936f e-flex e-con-boxed e-con e-child\" data-id=\"26e4936f\" data-element_type=\"container\" href=\"https:\/\/tertiarysisters.org\/de\/bio\/maria-paula-unterkalmsteiner\/\">\n\t\t\t\t\t<div class=\"e-con-inner\">\n\t\t\t\t<div class=\"elementor-element elementor-element-27577340 uael-member-image-pos-above uael-shape-square uael-team-member-align-center elementor-widget elementor-widget-uael-team-member\" data-id=\"27577340\" data-element_type=\"widget\" data-widget_type=\"uael-team-member.default\">\n\t\t\t\t<div class=\"elementor-widget-container\">\n\t\t\t\t\t\t\t<div class=\"uael-team-member\">\n\t\t\t<div class = \"uael-team-member-wrap\" >\n\t\t\t\t<div class=\"uael-member-wrap\" >\n\t\t\t\t\t\t\t\t\t\t\t\t<div class=\"uael-team-member-image\">\n\t\t\t\t\t\t\t<div class=\"elementor-animation-\"><img decoding=\"async\" width=\"768\" height=\"896\" src=\"https:\/\/tertiarysisters.org\/wp-content\/uploads\/2023\/09\/maria-paula-headshot-900-768x896.jpg\" class=\"attachment-medium_large size-medium_large wp-image-1574\" alt=\"\" srcset=\"https:\/\/tertiarysisters.org\/wp-content\/uploads\/2023\/09\/maria-paula-headshot-900-768x896.jpg 768w, https:\/\/tertiarysisters.org\/wp-content\/uploads\/2023\/09\/maria-paula-headshot-900-257x300.jpg 257w, https:\/\/tertiarysisters.org\/wp-content\/uploads\/2023\/09\/maria-paula-headshot-900-878x1024.jpg 878w, https:\/\/tertiarysisters.org\/wp-content\/uploads\/2023\/09\/maria-paula-headshot-900-10x12.jpg 10w, https:\/\/tertiarysisters.org\/wp-content\/uploads\/2023\/09\/maria-paula-headshot-900.jpg 900w\" sizes=\"(max-width: 768px) 100vw, 768px\" \/><\/div>\t\t\t\t\t\t\t<\/div>\n\t\t\t\t\t\t\t\t\t\t\t\t\t\t\t<div class=\"uael-team-member-content\">\n\t\t\t\t\t\t\t\t\t\t\t<div class=\"uael-team-member-name\">\n\t\t\t\t\t\t<h3 class=\"uael-team-name\">Sr. Maria Paula Unterkalmsteiner<\/h3>\t\t\t\t\t\t<\/div>\n\t\t\t\t\t\t\t\t\t\t\t\t\t\t\t\t\t\t\t\t\t\t\t\t\t\t\t\t\t\t\t\t\t\t\t\t\t<div class=\"uael-team-member-desc\">\n\t\t\t\t\t\t\t<div class=\"uael-team-desc\">Generalvikarin<\/div>\n\t\t\t\t\t\t<\/div>\n\t\t\t\t\t\t\t\t\t\t\t\t\t\t\t\t\t\t\t<\/div>\n\t\t\t<\/div>\n\t\t<\/div>\n\t<\/div>\n\t\t\t\t\t\t<\/div>\n\t\t\t\t<\/div>\n\t\t\t\t\t<\/div>\n\t\t\t\t<\/a>\n\t\t<a class=\"elementor-element elementor-element-1ec89f8 e-flex e-con-boxed e-con e-child\" data-id=\"1ec89f8\" data-element_type=\"container\" href=\"https:\/\/tertiarysisters.org\/de\/bio\/sr-alphonsa-kiven\/\">\n\t\t\t\t\t<div class=\"e-con-inner\">\n\t\t\t\t<div class=\"elementor-element elementor-element-3b2d91e7 uael-member-image-pos-above uael-shape-square uael-team-member-align-center elementor-widget elementor-widget-uael-team-member\" data-id=\"3b2d91e7\" data-element_type=\"widget\" data-widget_type=\"uael-team-member.default\">\n\t\t\t\t<div class=\"elementor-widget-container\">\n\t\t\t\t\t\t\t<div class=\"uael-team-member\">\n\t\t\t<div class = \"uael-team-member-wrap\" >\n\t\t\t\t<div class=\"uael-member-wrap\" >\n\t\t\t\t\t\t\t\t\t\t\t\t<div class=\"uael-team-member-image\">\n\t\t\t\t\t\t\t<div class=\"elementor-animation-\"><img decoding=\"async\" width=\"768\" height=\"896\" src=\"https:\/\/tertiarysisters.org\/wp-content\/uploads\/2023\/09\/alphonsa-kiven-headshot-900-768x896.jpg\" class=\"attachment-medium_large size-medium_large wp-image-1573\" alt=\"\" srcset=\"https:\/\/tertiarysisters.org\/wp-content\/uploads\/2023\/09\/alphonsa-kiven-headshot-900-768x896.jpg 768w, https:\/\/tertiarysisters.org\/wp-content\/uploads\/2023\/09\/alphonsa-kiven-headshot-900-257x300.jpg 257w, https:\/\/tertiarysisters.org\/wp-content\/uploads\/2023\/09\/alphonsa-kiven-headshot-900-878x1024.jpg 878w, https:\/\/tertiarysisters.org\/wp-content\/uploads\/2023\/09\/alphonsa-kiven-headshot-900-10x12.jpg 10w, https:\/\/tertiarysisters.org\/wp-content\/uploads\/2023\/09\/alphonsa-kiven-headshot-900.jpg 900w\" sizes=\"(max-width: 768px) 100vw, 768px\" \/><\/div>\t\t\t\t\t\t\t<\/div>\n\t\t\t\t\t\t\t\t\t\t\t\t\t\t\t<div class=\"uael-team-member-content\">\n\t\t\t\t\t\t\t\t\t\t\t<div class=\"uael-team-member-name\">\n\t\t\t\t\t\t<h3 class=\"uael-team-name\">Sr. Alphonsa Kiven<\/h3>\t\t\t\t\t\t<\/div>\n\t\t\t\t\t\t\t\t\t\t\t\t\t\t\t\t\t\t\t\t\t\t\t\t\t\t\t\t\t\t\t\t\t\t\t\t\t<div class=\"uael-team-member-desc\">\n\t\t\t\t\t\t\t<div class=\"uael-team-desc\">Generalr\u00e4tin<\/div>\n\t\t\t\t\t\t<\/div>\n\t\t\t\t\t\t\t\t\t\t\t\t\t\t\t\t\t\t\t<\/div>\n\t\t\t<\/div>\n\t\t<\/div>\n\t<\/div>\n\t\t\t\t\t\t<\/div>\n\t\t\t\t<\/div>\n\t\t\t\t\t<\/div>\n\t\t\t\t<\/a>\n\t\t\t\t\t<\/div>\n\t\t\t\t<\/div>\n\t\t<div class=\"elementor-element elementor-element-0c80c2c e-flex e-con-boxed e-con e-parent\" data-id=\"0c80c2c\" data-element_type=\"container\" data-settings=\"{&quot;background_background&quot;:&quot;classic&quot;}\">\n\t\t\t\t\t<div class=\"e-con-inner\">\n\t\t<a class=\"elementor-element elementor-element-da006f9 e-flex e-con-boxed e-con e-child\" data-id=\"da006f9\" data-element_type=\"container\" href=\"https:\/\/tertiarysisters.org\/de\/bio\/sr-lucia-ribera-montero\/\">\n\t\t\t\t\t<div class=\"e-con-inner\">\n\t\t\t\t<div class=\"elementor-element elementor-element-9d21800 uael-member-image-pos-above uael-shape-square uael-team-member-align-center elementor-widget elementor-widget-uael-team-member\" data-id=\"9d21800\" data-element_type=\"widget\" data-widget_type=\"uael-team-member.default\">\n\t\t\t\t<div class=\"elementor-widget-container\">\n\t\t\t\t\t\t\t<div class=\"uael-team-member\">\n\t\t\t<div class = \"uael-team-member-wrap\" >\n\t\t\t\t<div class=\"uael-member-wrap\" >\n\t\t\t\t\t\t\t\t\t\t\t\t<div class=\"uael-team-member-image\">\n\t\t\t\t\t\t\t<div class=\"elementor-animation-\"><img loading=\"lazy\" decoding=\"async\" width=\"768\" height=\"896\" src=\"https:\/\/tertiarysisters.org\/wp-content\/uploads\/2023\/09\/luica-ribera-montero-headshot-900-768x896.jpg\" class=\"attachment-medium_large size-medium_large wp-image-1572\" alt=\"\" srcset=\"https:\/\/tertiarysisters.org\/wp-content\/uploads\/2023\/09\/luica-ribera-montero-headshot-900-768x896.jpg 768w, https:\/\/tertiarysisters.org\/wp-content\/uploads\/2023\/09\/luica-ribera-montero-headshot-900-257x300.jpg 257w, https:\/\/tertiarysisters.org\/wp-content\/uploads\/2023\/09\/luica-ribera-montero-headshot-900-878x1024.jpg 878w, https:\/\/tertiarysisters.org\/wp-content\/uploads\/2023\/09\/luica-ribera-montero-headshot-900-10x12.jpg 10w, https:\/\/tertiarysisters.org\/wp-content\/uploads\/2023\/09\/luica-ribera-montero-headshot-900.jpg 900w\" sizes=\"(max-width: 768px) 100vw, 768px\" \/><\/div>\t\t\t\t\t\t\t<\/div>\n\t\t\t\t\t\t\t\t\t\t\t\t\t\t\t<div class=\"uael-team-member-content\">\n\t\t\t\t\t\t\t\t\t\t\t<div class=\"uael-team-member-name\">\n\t\t\t\t\t\t<h3 class=\"uael-team-name\"> Sr. Lucia Ribera Montero<\/h3>\t\t\t\t\t\t<\/div>\n\t\t\t\t\t\t\t\t\t\t\t\t\t\t\t\t\t\t\t\t\t\t\t\t\t\t\t\t\t\t\t\t\t\t\t\t\t<div class=\"uael-team-member-desc\">\n\t\t\t\t\t\t\t<div class=\"uael-team-desc\">Generalr\u00e4tin<\/div>\n\t\t\t\t\t\t<\/div>\n\t\t\t\t\t\t\t\t\t\t\t\t\t\t\t\t\t\t\t<\/div>\n\t\t\t<\/div>\n\t\t<\/div>\n\t<\/div>\n\t\t\t\t\t\t<\/div>\n\t\t\t\t<\/div>\n\t\t\t\t\t<\/div>\n\t\t\t\t<\/a>\n\t\t<a class=\"elementor-element elementor-element-5228cec e-flex e-con-boxed e-con e-child\" data-id=\"5228cec\" data-element_type=\"container\" href=\"https:\/\/tertiarysisters.org\/de\/bio\/sr-cacilia-oberhammer\/\">\n\t\t\t\t\t<div class=\"e-con-inner\">\n\t\t\t\t<div class=\"elementor-element elementor-element-9a2e2e1 uael-member-image-pos-above uael-shape-square uael-team-member-align-center elementor-widget elementor-widget-uael-team-member\" data-id=\"9a2e2e1\" data-element_type=\"widget\" data-widget_type=\"uael-team-member.default\">\n\t\t\t\t<div class=\"elementor-widget-container\">\n\t\t\t\t\t\t\t<div class=\"uael-team-member\">\n\t\t\t<div class = \"uael-team-member-wrap\" >\n\t\t\t\t<div class=\"uael-member-wrap\" >\n\t\t\t\t\t\t\t\t\t\t\t\t<div class=\"uael-team-member-image\">\n\t\t\t\t\t\t\t<div class=\"elementor-animation-\"><img loading=\"lazy\" decoding=\"async\" width=\"768\" height=\"896\" src=\"https:\/\/tertiarysisters.org\/wp-content\/uploads\/2023\/09\/oberhammer-cacilia-headshot-900-768x896.jpg\" class=\"attachment-medium_large size-medium_large wp-image-1571\" alt=\"\" srcset=\"https:\/\/tertiarysisters.org\/wp-content\/uploads\/2023\/09\/oberhammer-cacilia-headshot-900-768x896.jpg 768w, https:\/\/tertiarysisters.org\/wp-content\/uploads\/2023\/09\/oberhammer-cacilia-headshot-900-257x300.jpg 257w, https:\/\/tertiarysisters.org\/wp-content\/uploads\/2023\/09\/oberhammer-cacilia-headshot-900-878x1024.jpg 878w, https:\/\/tertiarysisters.org\/wp-content\/uploads\/2023\/09\/oberhammer-cacilia-headshot-900-10x12.jpg 10w, https:\/\/tertiarysisters.org\/wp-content\/uploads\/2023\/09\/oberhammer-cacilia-headshot-900.jpg 900w\" sizes=\"(max-width: 768px) 100vw, 768px\" \/><\/div>\t\t\t\t\t\t\t<\/div>\n\t\t\t\t\t\t\t\t\t\t\t\t\t\t\t<div class=\"uael-team-member-content\">\n\t\t\t\t\t\t\t\t\t\t\t<div class=\"uael-team-member-name\">\n\t\t\t\t\t\t<h3 class=\"uael-team-name\">Sr. C\u00e4cilia Oberhammer<\/h3>\t\t\t\t\t\t<\/div>\n\t\t\t\t\t\t\t\t\t\t\t\t\t\t\t\t\t\t\t\t\t\t\t\t\t\t\t\t\t\t\t\t\t\t\t\t\t<div class=\"uael-team-member-desc\">\n\t\t\t\t\t\t\t<div class=\"uael-team-desc\">Generalr\u00e4tin<\/div>\n\t\t\t\t\t\t<\/div>\n\t\t\t\t\t\t\t\t\t\t\t\t\t\t\t\t\t\t\t<\/div>\n\t\t\t<\/div>\n\t\t<\/div>\n\t<\/div>\n\t\t\t\t\t\t<\/div>\n\t\t\t\t<\/div>\n\t\t\t\t\t<\/div>\n\t\t\t\t<\/a>\n\t\t<a class=\"elementor-element elementor-element-22c680d e-flex e-con-boxed e-con e-child\" data-id=\"22c680d\" data-element_type=\"container\" href=\"https:\/\/tertiarysisters.org\/de\/bio\/sr-alphonsa-kiven\/\">\n\t\t\t\t\t<div class=\"e-con-inner\">\n\t\t\t\t\t<\/div>\n\t\t\t\t<\/a>\n\t\t\t\t\t<\/div>\n\t\t\t\t<\/div>\n\t\t<div class=\"elementor-element elementor-element-cfe003b e-flex e-con-boxed e-con e-parent\" data-id=\"cfe003b\" data-element_type=\"container\" data-settings=\"{&quot;background_background&quot;:&quot;classic&quot;}\">\n\t\t\t\t\t<div class=\"e-con-inner\">\n\t\t<a class=\"elementor-element elementor-element-bd993e5 e-flex e-con-boxed e-con e-child\" data-id=\"bd993e5\" data-element_type=\"container\" href=\"https:\/\/tertiarysisters.org\/de\/bio\/sr-lucia-ribera-montero\/\">\n\t\t\t\t\t<div class=\"e-con-inner\">\n\t\t\t\t<div class=\"elementor-element elementor-element-d1ac771 elementor-grid-3 elementor-grid-tablet-2 elementor-grid-mobile-1 elementor-widget elementor-widget-loop-grid\" data-id=\"d1ac771\" data-element_type=\"widget\" data-settings=\"{&quot;template_id&quot;:1585,&quot;_skin&quot;:&quot;post&quot;,&quot;columns&quot;:&quot;3&quot;,&quot;columns_tablet&quot;:&quot;2&quot;,&quot;columns_mobile&quot;:&quot;1&quot;,&quot;edit_handle_selector&quot;:&quot;[data-elementor-type=\\&quot;loop-item\\&quot;]&quot;,&quot;row_gap&quot;:{&quot;unit&quot;:&quot;px&quot;,&quot;size&quot;:&quot;&quot;,&quot;sizes&quot;:[]},&quot;row_gap_tablet&quot;:{&quot;unit&quot;:&quot;px&quot;,&quot;size&quot;:&quot;&quot;,&quot;sizes&quot;:[]},&quot;row_gap_mobile&quot;:{&quot;unit&quot;:&quot;px&quot;,&quot;size&quot;:&quot;&quot;,&quot;sizes&quot;:[]}}\" data-widget_type=\"loop-grid.post\">\n\t\t\t\t<div class=\"elementor-widget-container\">\n\t\t\t\t\t\t\t<div class=\"elementor-loop-container elementor-grid\">\n\t\t<style id=\"loop-1585\">.elementor-1585 .elementor-element.elementor-element-c2e80a8{--display:flex;--flex-direction:row;--container-widget-width:initial;--container-widget-height:100%;--container-widget-flex-grow:1;--container-widget-align-self:stretch;--flex-wrap-mobile:wrap;--margin-top:0px;--margin-bottom:0px;--margin-left:0px;--margin-right:0px;--padding-top:0px;--padding-bottom:0px;--padding-left:0px;--padding-right:0px;}@media(max-width:767px){.elementor-1585 .elementor-element.elementor-element-c2e80a8{--padding-top:0px;--padding-bottom:0px;--padding-left:0px;--padding-right:0px;}}@media(min-width:768px){.elementor-1585 .elementor-element.elementor-element-c2e80a8{--content-width:66%;}}<\/style>\t\t<div data-elementor-type=\"loop-item\" data-elementor-id=\"1585\" class=\"elementor elementor-1585 e-loop-item e-loop-item-6010 post-6010 post type-post status-publish format-standard has-post-thumbnail hentry category-news\" data-elementor-post-type=\"elementor_library\" data-custom-edit-handle=\"1\">\n\t\t\t<a class=\"elementor-element elementor-element-c2e80a8 e-flex e-con-boxed e-con e-parent\" data-id=\"c2e80a8\" data-element_type=\"container\" href=\"https:\/\/tertiarysisters.org\/de\/bio\/sr-lucia-ribera-montero\/\">\n\t\t\t\t\t<div class=\"e-con-inner\">\n\t\t\t\t\t<\/div>\n\t\t\t\t<\/a>\n\t\t\t\t<\/div>\n\t\t\t\t<div data-elementor-type=\"loop-item\" data-elementor-id=\"1585\" class=\"elementor elementor-1585 e-loop-item e-loop-item-5999 post-5999 post type-post status-publish format-standard has-post-thumbnail hentry category-news\" data-elementor-post-type=\"elementor_library\" data-custom-edit-handle=\"1\">\n\t\t\t<a class=\"elementor-element elementor-element-c2e80a8 e-flex e-con-boxed e-con e-parent\" data-id=\"c2e80a8\" data-element_type=\"container\" href=\"https:\/\/tertiarysisters.org\/de\/bio\/sr-lucia-ribera-montero\/\">\n\t\t\t\t\t<div class=\"e-con-inner\">\n\t\t\t\t\t<\/div>\n\t\t\t\t<\/a>\n\t\t\t\t<\/div>\n\t\t\t\t<div data-elementor-type=\"loop-item\" data-elementor-id=\"1585\" class=\"elementor elementor-1585 e-loop-item e-loop-item-5907 post-5907 post type-post status-publish format-standard has-post-thumbnail hentry category-news\" data-elementor-post-type=\"elementor_library\" data-custom-edit-handle=\"1\">\n\t\t\t<a class=\"elementor-element elementor-element-c2e80a8 e-flex e-con-boxed e-con e-parent\" data-id=\"c2e80a8\" data-element_type=\"container\" href=\"https:\/\/tertiarysisters.org\/de\/bio\/sr-lucia-ribera-montero\/\">\n\t\t\t\t\t<div class=\"e-con-inner\">\n\t\t\t\t\t<\/div>\n\t\t\t\t<\/a>\n\t\t\t\t<\/div>\n\t\t\t\t<div data-elementor-type=\"loop-item\" data-elementor-id=\"1585\" class=\"elementor elementor-1585 e-loop-item e-loop-item-5951 post-5951 post type-post status-publish format-standard has-post-thumbnail hentry category-news\" data-elementor-post-type=\"elementor_library\" data-custom-edit-handle=\"1\">\n\t\t\t<a class=\"elementor-element elementor-element-c2e80a8 e-flex e-con-boxed e-con e-parent\" data-id=\"c2e80a8\" data-element_type=\"container\" href=\"https:\/\/tertiarysisters.org\/de\/bio\/sr-lucia-ribera-montero\/\">\n\t\t\t\t\t<div class=\"e-con-inner\">\n\t\t\t\t\t<\/div>\n\t\t\t\t<\/a>\n\t\t\t\t<\/div>\n\t\t\t\t<div data-elementor-type=\"loop-item\" data-elementor-id=\"1585\" class=\"elementor elementor-1585 e-loop-item e-loop-item-5930 post-5930 post type-post status-publish format-standard has-post-thumbnail hentry category-news\" data-elementor-post-type=\"elementor_library\" data-custom-edit-handle=\"1\">\n\t\t\t<a class=\"elementor-element elementor-element-c2e80a8 e-flex e-con-boxed e-con e-parent\" data-id=\"c2e80a8\" data-element_type=\"container\" href=\"https:\/\/tertiarysisters.org\/de\/bio\/sr-lucia-ribera-montero\/\">\n\t\t\t\t\t<div class=\"e-con-inner\">\n\t\t\t\t\t<\/div>\n\t\t\t\t<\/a>\n\t\t\t\t<\/div>\n\t\t\t\t<div data-elementor-type=\"loop-item\" data-elementor-id=\"1585\" class=\"elementor elementor-1585 e-loop-item e-loop-item-5962 post-5962 post type-post status-publish format-standard has-post-thumbnail hentry category-news\" data-elementor-post-type=\"elementor_library\" data-custom-edit-handle=\"1\">\n\t\t\t<a class=\"elementor-element elementor-element-c2e80a8 e-flex e-con-boxed e-con e-parent\" data-id=\"c2e80a8\" data-element_type=\"container\" href=\"https:\/\/tertiarysisters.org\/de\/bio\/sr-lucia-ribera-montero\/\">\n\t\t\t\t\t<div class=\"e-con-inner\">\n\t\t\t\t\t<\/div>\n\t\t\t\t<\/a>\n\t\t\t\t<\/div>\n\t\t\t\t<\/div>\n\t\t\n\t\t\t\t\t\t<\/div>\n\t\t\t\t<\/div>\n\t\t\t\t\t<\/div>\n\t\t\t\t<\/a>\n\t\t\t\t\t<\/div>\n\t\t\t\t<\/div>\n\t\t\t\t<\/div>","protected":false},"excerpt":{"rendered":"<p>The Tertiary Sisters are governed by the Generalate, an elected group of five women. Comprising the Superior General, the Vicar General, and three General Councillors, the group is responsible for the leadership and direction of the organisation. Elections are held every six years. Sr. Theodosia Baki Superior General Sr. Maria Paula Unterkalmsteiner Vicar General Sr. [&hellip;]<\/p>","protected":false},"author":1,"featured_media":1563,"parent":0,"menu_order":0,"comment_status":"closed","ping_status":"closed","template":"","meta":{"_acf_changed":false,"cybocfi_hide_featured_image":"","footnotes":""},"categories":[8],"class_list":["post-1543","page","type-page","status-publish","has-post-thumbnail","hentry","category-transparent-header-c"],"acf":[],"_links":{"self":[{"href":"https:\/\/tertiarysisters.org\/de\/wp-json\/wp\/v2\/pages\/1543","targetHints":{"allow":["GET"]}}],"collection":[{"href":"https:\/\/tertiarysisters.org\/de\/wp-json\/wp\/v2\/pages"}],"about":[{"href":"https:\/\/tertiarysisters.org\/de\/wp-json\/wp\/v2\/types\/page"}],"author":[{"embeddable":true,"href":"https:\/\/tertiarysisters.org\/de\/wp-json\/wp\/v2\/users\/1"}],"replies":[{"embeddable":true,"href":"https:\/\/tertiarysisters.org\/de\/wp-json\/wp\/v2\/comments?post=1543"}],"version-history":[{"count":49,"href":"https:\/\/tertiarysisters.org\/de\/wp-json\/wp\/v2\/pages\/1543\/revisions"}],"predecessor-version":[{"id":4291,"href":"https:\/\/tertiarysisters.org\/de\/wp-json\/wp\/v2\/pages\/1543\/revisions\/4291"}],"wp:featuredmedia":[{"embeddable":true,"href":"https:\/\/tertiarysisters.org\/de\/wp-json\/wp\/v2\/media\/1563"}],"wp:attachment":[{"href":"https:\/\/tertiarysisters.org\/de\/wp-json\/wp\/v2\/media?parent=1543"}],"wp:term":[{"taxonomy":"category","embeddable":true,"href":"https:\/\/tertiarysisters.org\/de\/wp-json\/wp\/v2\/categories?post=1543"}],"curies":[{"name":"wp","href":"https:\/\/api.w.org\/{rel}","templated":true}]}}