{"id":1628,"date":"2023-09-10T10:00:52","date_gmt":"2023-09-10T14:00:52","guid":{"rendered":"https:\/\/tertiarysisters.org\/?page_id=1628"},"modified":"2023-12-03T04:44:10","modified_gmt":"2023-12-03T09:44:10","slug":"fursorge-fur-fluchtlinge-als-nachbarn","status":"publish","type":"page","link":"https:\/\/tertiarysisters.org\/de\/fursorge-fur-fluchtlinge-als-nachbarn\/","title":{"rendered":"F\u00fcrsorge f\u00fcr Fl\u00fcchtlinge als Nachbarn"},"content":{"rendered":"<div data-elementor-type=\"wp-page\" data-elementor-id=\"1628\" class=\"elementor elementor-1628\" data-elementor-post-type=\"page\">\n\t\t\t\t<div class=\"elementor-element elementor-element-4b2f8ca hero-page e-flex e-con-boxed e-con e-parent\" data-id=\"4b2f8ca\" data-element_type=\"container\" data-settings=\"{&quot;background_background&quot;:&quot;classic&quot;}\">\n\t\t\t\t\t<div class=\"e-con-inner\">\n\t\t<div class=\"elementor-element elementor-element-d1c6995 hero-title e-flex e-con-boxed e-con e-child\" data-id=\"d1c6995\" data-element_type=\"container\" data-settings=\"{&quot;background_background&quot;:&quot;classic&quot;}\">\n\t\t\t\t\t<div class=\"e-con-inner\">\n\t\t\t\t<div class=\"elementor-element elementor-element-3eb4d0c hero-overline elementor-widget elementor-widget-text-editor\" data-id=\"3eb4d0c\" data-element_type=\"widget\" data-widget_type=\"text-editor.default\">\n\t\t\t\t<div class=\"elementor-widget-container\">\n\t\t\t\t\t\t\t\t\t<p class=\"p1\">S\u00fcdtirol, Italien und Nordtirol, \u00d6sterreich<\/p>\t\t\t\t\t\t\t\t<\/div>\n\t\t\t\t<\/div>\n\t\t\t\t<div class=\"elementor-element elementor-element-801aacd elementor-widget-divider--view-line elementor-widget elementor-widget-divider\" data-id=\"801aacd\" data-element_type=\"widget\" data-widget_type=\"divider.default\">\n\t\t\t\t<div class=\"elementor-widget-container\">\n\t\t\t\t\t\t\t<div class=\"elementor-divider\">\n\t\t\t<span class=\"elementor-divider-separator\">\n\t\t\t\t\t\t<\/span>\n\t\t<\/div>\n\t\t\t\t\t\t<\/div>\n\t\t\t\t<\/div>\n\t\t\t\t<div class=\"elementor-element elementor-element-d68474d elementor-widget elementor-widget-heading\" data-id=\"d68474d\" data-element_type=\"widget\" data-widget_type=\"heading.default\">\n\t\t\t\t<div class=\"elementor-widget-container\">\n\t\t\t\t\t<h2 class=\"elementor-heading-title elementor-size-default\">F\u00fcrsorge f\u00fcr Fl\u00fcchtlinge als Nachbarn<\/h2>\t\t\t\t<\/div>\n\t\t\t\t<\/div>\n\t\t\t\t\t<\/div>\n\t\t\t\t<\/div>\n\t\t\t\t\t<\/div>\n\t\t\t\t<\/div>\n\t\t<div class=\"elementor-element elementor-element-3ecfb92 e-con-full bg-mint-green e-flex e-con e-parent\" data-id=\"3ecfb92\" data-element_type=\"container\" data-settings=\"{&quot;background_background&quot;:&quot;classic&quot;}\">\n\t\t<div class=\"elementor-element elementor-element-98f92ee e-con-full e-flex e-con e-child\" data-id=\"98f92ee\" data-element_type=\"container\">\n\t\t\t\t<div class=\"elementor-element elementor-element-5ed03b6 elementor-widget elementor-widget-heading\" data-id=\"5ed03b6\" data-element_type=\"widget\" data-widget_type=\"heading.default\">\n\t\t\t\t<div class=\"elementor-widget-container\">\n\t\t\t\t\t<h2 class=\"elementor-heading-title elementor-size-default\">\"... Ich war fremd, und ihr habt mich aufgenommen.\"<span style=\"font-size:.65em;font-style:italic\">Mt. 25,35<\/span><\/h2>\t\t\t\t<\/div>\n\t\t\t\t<\/div>\n\t\t\t\t<div class=\"elementor-element elementor-element-3ce157e elementor-widget elementor-widget-text-editor\" data-id=\"3ce157e\" data-element_type=\"widget\" data-widget_type=\"text-editor.default\">\n\t\t\t\t<div class=\"elementor-widget-container\">\n\t\t\t\t\t\t\t\t\t<p>Die brutalen Kriege in der Ukraine und in Syrien haben zu den gr\u00f6\u00dften Fl\u00fcchtlingsstr\u00f6men nach Europa seit dem Zweiten Weltkrieg gef\u00fchrt. Gezeichnet von Krieg, gef\u00e4hrlichen Migrationsrouten und einer oft feindseligen Aufnahme durch Regierungen und Einheimische, kommen die Migranten in Europa an und brauchen Schutz, Beratung und soziale Unterst\u00fctzung - aber vor allem Barmherzigkeit und Wohlwollen.<\/p><p>Aus diesem Grund haben wir eine unserer wichtigsten Aufgaben \u00fcbernommen: Unterbringung und Betreuung von Fl\u00fcchtlingen in Norditalien und Nordtirol, in den St\u00e4dten, in denen wir gegr\u00fcndet wurden und in denen viele unserer Schwestern heute leben.<\/p>\t\t\t\t\t\t\t\t<\/div>\n\t\t\t\t<\/div>\n\t\t<div class=\"elementor-element elementor-element-bbba307 hypebox bg-dark-green-text e-flex e-con-boxed e-con e-child\" data-id=\"bbba307\" data-element_type=\"container\" data-settings=\"{&quot;background_background&quot;:&quot;classic&quot;}\">\n\t\t\t\t\t<div class=\"e-con-inner\">\n\t\t\t\t<div class=\"elementor-element elementor-element-d872d37 elementor-widget__width-initial elementor-widget elementor-widget-text-editor\" data-id=\"d872d37\" data-element_type=\"widget\" data-widget_type=\"text-editor.default\">\n\t\t\t\t<div class=\"elementor-widget-container\">\n\t\t\t\t\t\t\t\t\t<p>F\u00fcr die Betreuung von Migranten braucht man wirklich viele H\u00e4nde. Wir arbeiten eng mit den \u00f6rtlichen Di\u00f6zesen, Regierungen und sozialen Einrichtungen zusammen, aber jede Spende - ob Geld, Zeit oder Talent - hilft den Migrantenfamilien.<\/p><p>Wenn Sie in der Lage sind, uns <a href=\"https:\/\/tertiarysisters.org\/de\/spende\/\">eine Spende zukommen zu lassen,<\/a> freuen wir uns sehr dar\u00fcber und sind Ihnen sehr dankbar. Wir werden Ihre Spende zweckbestimmt und sofort einsetzen.<\/p>\t\t\t\t\t\t\t\t<\/div>\n\t\t\t\t<\/div>\n\t\t\t\t<div class=\"elementor-element elementor-element-16cb68c elementor-align-center elementor-widget elementor-widget-button\" data-id=\"16cb68c\" data-element_type=\"widget\" data-widget_type=\"button.default\">\n\t\t\t\t<div class=\"elementor-widget-container\">\n\t\t\t\t\t\t\t\t\t<div class=\"elementor-button-wrapper\">\n\t\t\t\t\t<a class=\"elementor-button elementor-button-link elementor-size-xs elementor-animation-grow\" href=\"https:\/\/tertiarysisters.org\/de\/spende\/\">\n\t\t\t\t\t\t<span class=\"elementor-button-content-wrapper\">\n\t\t\t\t\t\t\t\t\t<span class=\"elementor-button-text\">Gib eine Spende<\/span>\n\t\t\t\t\t<\/span>\n\t\t\t\t\t<\/a>\n\t\t\t\t<\/div>\n\t\t\t\t\t\t\t\t<\/div>\n\t\t\t\t<\/div>\n\t\t\t\t\t<\/div>\n\t\t\t\t<\/div>\n\t\t\t\t<\/div>\n\t\t<div class=\"elementor-element elementor-element-3a9b4a6 e-flex e-con-boxed e-con e-child\" data-id=\"3a9b4a6\" data-element_type=\"container\">\n\t\t\t\t\t<div class=\"e-con-inner\">\n\t\t\t\t<div class=\"elementor-element elementor-element-ac004fd elementor-widget elementor-widget-heading\" data-id=\"ac004fd\" data-element_type=\"widget\" data-widget_type=\"heading.default\">\n\t\t\t\t<div class=\"elementor-widget-container\">\n\t\t\t\t\t<div class=\"elementor-heading-title elementor-size-default\">Auf einen blick<\/div>\t\t\t\t<\/div>\n\t\t\t\t<\/div>\n\t\t\t\t<div class=\"elementor-element elementor-element-0bb8511 elementor-icon-list--layout-traditional elementor-list-item-link-full_width elementor-widget elementor-widget-icon-list\" data-id=\"0bb8511\" data-element_type=\"widget\" data-widget_type=\"icon-list.default\">\n\t\t\t\t<div class=\"elementor-widget-container\">\n\t\t\t\t\t\t\t<ul class=\"elementor-icon-list-items\">\n\t\t\t\t\t\t\t<li class=\"elementor-icon-list-item\">\n\t\t\t\t\t\t\t\t\t\t\t<span class=\"elementor-icon-list-icon\">\n\t\t\t\t\t\t\t<i aria-hidden=\"true\" class=\"fas fa-square-full\"><\/i>\t\t\t\t\t\t<\/span>\n\t\t\t\t\t\t\t\t\t\t<span class=\"elementor-icon-list-text\">Wir nehmen Migranten (Erwachsene, Kinder und Familien) in unserer Heimatregion in Norditalien und \u00d6sterreich auf und bauen langfristige pers\u00f6nliche Beziehungen auf, w\u00e4hrend sie sich aus  dramatischen Umst\u00e4nden kommend in der neuen Umgebung zurechtfinden<\/span>\n\t\t\t\t\t\t\t\t\t<\/li>\n\t\t\t\t\t\t<\/ul>\n\t\t\t\t\t\t<\/div>\n\t\t\t\t<\/div>\n\t\t\t\t<div class=\"elementor-element elementor-element-8c66170 elementor-widget elementor-widget-uael-google-map\" data-id=\"8c66170\" data-element_type=\"widget\" data-settings=\"{&quot;zoom_control&quot;:&quot;yes&quot;,&quot;fullscreen_control&quot;:&quot;yes&quot;}\" data-widget_type=\"uael-google-map.default\">\n\t\t\t\t<div class=\"elementor-widget-container\">\n\t\t\t\t\t\t\t<div class=\"uael-google-map-wrap\">\n\t\t\t<div id=\"uael-google-map-8c66170\" class=\"uael-google-map\" data-map_options=\"{&quot;zoom&quot;:6,&quot;mapTypeId&quot;:&quot;roadmap&quot;,&quot;mapTypeControl&quot;:false,&quot;streetViewControl&quot;:false,&quot;zoomControl&quot;:true,&quot;fullscreenControl&quot;:true,&quot;gestureHandling&quot;:true}\" data-cluster=\"no\" data-cluster-attr=\"[]\" data-max-width=\"250\" data-locations=\"[[&quot;46.999855&quot;,&quot;11.484844&quot;,false,&quot;Tyrol, Austria&quot;,null,&quot;&quot;,&quot;&quot;,&quot;&quot;,&quot;&quot;]]\" data-animate=\"\" data-auto-center=\"center\" data-predefined-style=\"earth\"><\/div>\n\t\t<\/div>\n\t\t\t\t\t\t<\/div>\n\t\t\t\t<\/div>\n\t\t\t\t\t<\/div>\n\t\t\t\t<\/div>\n\t\t\t\t<\/div>\n\t\t<div class=\"elementor-element elementor-element-af06852 e-con-full bg-irish-mint e-flex e-con e-parent\" data-id=\"af06852\" data-element_type=\"container\" data-settings=\"{&quot;background_background&quot;:&quot;classic&quot;}\">\n\t\t<div class=\"elementor-element elementor-element-e0d965c e-con-full e-flex e-con e-child\" data-id=\"e0d965c\" data-element_type=\"container\">\n\t\t\t\t<div class=\"elementor-element elementor-element-596b8a2 elementor-widget elementor-widget-heading\" data-id=\"596b8a2\" data-element_type=\"widget\" data-widget_type=\"heading.default\">\n\t\t\t\t<div class=\"elementor-widget-container\">\n\t\t\t\t\t<h2 class=\"elementor-heading-title elementor-size-default\">Am Ende einer ersch\u00fctternden Reise: Liebe<\/h2>\t\t\t\t<\/div>\n\t\t\t\t<\/div>\n\t\t\t\t<div class=\"elementor-element elementor-element-4da081e elementor-widget elementor-widget-text-editor\" data-id=\"4da081e\" data-element_type=\"widget\" data-widget_type=\"text-editor.default\">\n\t\t\t\t<div class=\"elementor-widget-container\">\n\t\t\t\t\t\t\t\t\t<p>Europa ist das Ziel von Hunderttausenden von Migranten, die vor gewaltsamen Konflikten, Menschenrechtsverletzungen, extremer Armut, Hunger und den Folgen des Klimawandels fliehen. Die Armen und Vergessenen, f\u00fcr die Maria Hueber die Tertiarschwestern gegr\u00fcndet hat!<\/p><p>In der gesamten Region verwalten wir viele Wohnungen, die wir den Migrantenfamilien zur Verf\u00fcgung stellen.<\/p><p>Sobald wir ihre Unterkunft gesichert haben, bauen wir zu vielen Familien pers\u00f6nliche Beziehungen auf und hei\u00dfen sie in unseren Gemeinschaften willkommen. All unsere Arbeit erfolgt in enger Zusammenarbeit mit der Di\u00f6zese Bozen-Brixen, die den Migranten Ressourcen f\u00fcr die Integration, das t\u00e4gliche Leben und spezielle Beratung bei Traumata anbietet.<\/p>\t\t\t\t\t\t\t\t<\/div>\n\t\t\t\t<\/div>\n\t\t\t\t<\/div>\n\t\t<div class=\"elementor-element elementor-element-e541009 e-con-full e-flex e-con e-child\" data-id=\"e541009\" data-element_type=\"container\" data-settings=\"{&quot;background_background&quot;:&quot;classic&quot;}\">\n\t\t\t\t<\/div>\n\t\t\t\t<\/div>\n\t\t<div class=\"elementor-element elementor-element-9376473 e-con-full bg-darker-green e-flex e-con e-parent\" data-id=\"9376473\" data-element_type=\"container\" data-settings=\"{&quot;background_background&quot;:&quot;classic&quot;}\">\n\t\t<div class=\"elementor-element elementor-element-292692b e-con-full e-flex e-con e-child\" data-id=\"292692b\" data-element_type=\"container\">\n\t\t\t\t<div class=\"elementor-element elementor-element-00b3af4 elementor-widget elementor-widget-heading\" data-id=\"00b3af4\" data-element_type=\"widget\" data-widget_type=\"heading.default\">\n\t\t\t\t<div class=\"elementor-widget-container\">\n\t\t\t\t\t<h2 class=\"elementor-heading-title elementor-size-default\">Gemeinsam f\u00fcr die Unterbringung von Ukrainern<\/h2>\t\t\t\t<\/div>\n\t\t\t\t<\/div>\n\t\t\t\t<div class=\"elementor-element elementor-element-056805a elementor-widget elementor-widget-text-editor\" data-id=\"056805a\" data-element_type=\"widget\" data-widget_type=\"text-editor.default\">\n\t\t\t\t<div class=\"elementor-widget-container\">\n\t\t\t\t\t\t\t\t\t<p>Als Russland im Februar 2022 in die Ukraine einmarschierte, l\u00f6ste es eine Fl\u00fcchtlingskrise aus, die nur wenige vorhersahen. Wir haben sofort gehandelt.<\/p>\n<p class=\"p1\">Bis April 2022 sicherten wir die Unterbringung von 16 ukrainischen Fl\u00fcchtlingen - M\u00e4nner, Frauen, Eltern und Kinder - im Kloster St. Anna in Eppan, Italien.&nbsp;<\/p>\n<p class=\"p1\">Kurze Zeit sp\u00e4ter gr\u00fcndete eine Gruppe von Einheimischen die Aktion \"Eppan hilft\", um die neu angekommenen Ukrainer willkommen zu hei\u00dfen und ihnen zu helfen, sich in einem neuen Teil der Welt zurechtzufinden.<\/p>\n<p>Eines der ersten Projekte im Rahmen dieser Aktion bestand darin, die Spende von Schultaschen an Kinder, die kurz nach ihrer Ankunft in Italien eingeschult wurden.<\/p>\t\t\t\t\t\t\t\t<\/div>\n\t\t\t\t<\/div>\n\t\t\t\t<\/div>\n\t\t<div class=\"elementor-element elementor-element-8335d2b e-con-full e-flex e-con e-child\" data-id=\"8335d2b\" data-element_type=\"container\" data-settings=\"{&quot;background_background&quot;:&quot;classic&quot;}\">\n\t\t\t\t<\/div>\n\t\t\t\t<\/div>\n\t\t<div class=\"elementor-element elementor-element-03392a8 e-con-full bg-army-green e-flex e-con e-parent\" data-id=\"03392a8\" data-element_type=\"container\" data-settings=\"{&quot;background_background&quot;:&quot;classic&quot;}\" data-no-translation=\"\">\n\t\t<div class=\"elementor-element elementor-element-52a028b e-flex e-con-boxed e-con e-child\" data-id=\"52a028b\" data-element_type=\"container\">\n\t\t\t\t\t<div class=\"e-con-inner\">\n\t\t\t\t<div class=\"elementor-element elementor-element-987b2ef elementor-widget elementor-widget-video\" data-id=\"987b2ef\" data-element_type=\"widget\" data-settings=\"{&quot;youtube_url&quot;:&quot;https:\\\/\\\/www.youtube.com\\\/watch?v=7UOwuuknhBg&quot;,&quot;video_type&quot;:&quot;youtube&quot;,&quot;controls&quot;:&quot;yes&quot;}\" data-widget_type=\"video.default\">\n\t\t\t\t<div class=\"elementor-widget-container\">\n\t\t\t\t\t\t\t<div class=\"elementor-wrapper elementor-open-inline\">\n\t\t\t<div class=\"elementor-video\"><\/div>\t\t<\/div>\n\t\t\t\t\t\t<\/div>\n\t\t\t\t<\/div>\n\t\t\t\t\t<\/div>\n\t\t\t\t<\/div>\n\t\t\t\t<\/div>\n\t\t<div class=\"elementor-element elementor-element-8665eee e-con-full bg-midnight e-flex e-con e-parent\" data-id=\"8665eee\" data-element_type=\"container\" data-settings=\"{&quot;background_background&quot;:&quot;classic&quot;}\">\n\t\t<div class=\"elementor-element elementor-element-491f8db e-con-full e-flex e-con e-child\" data-id=\"491f8db\" data-element_type=\"container\">\n\t\t\t\t<div class=\"elementor-element elementor-element-ebbeeb5 elementor-widget elementor-widget-heading\" data-id=\"ebbeeb5\" data-element_type=\"widget\" data-widget_type=\"heading.default\">\n\t\t\t\t<div class=\"elementor-widget-container\">\n\t\t\t\t\t<h2 class=\"elementor-heading-title elementor-size-default\">Wie du helfen kannst<\/h2>\t\t\t\t<\/div>\n\t\t\t\t<\/div>\n\t\t\t\t<div class=\"elementor-element elementor-element-124580e elementor-widget elementor-widget-text-editor\" data-id=\"124580e\" data-element_type=\"widget\" data-widget_type=\"text-editor.default\">\n\t\t\t\t<div class=\"elementor-widget-container\">\n\t\t\t\t\t\t\t\t\t<p>Die Unterst\u00fctzung der Fl\u00fcchtlinge ist uns sehr wichtig.<\/p><p>Wir arbeiten eng mit den \u00f6rtlichen Di\u00f6zesen sowie \u00f6ffentlichen, privaten und sozialen Einrichtungen zusammen. Jedoch m\u00f6chten wir betonen, dass alle Ma\u00dfnahmen, die wir anbieten - sei es Unterbringung, Beratung oder geistliche Begleitung - ausschlie\u00dflich durch Spenden finanziert werden. Unsere Zusammenarbeit ist dabei eine Erg\u00e4nzung, um noch bessere Unterst\u00fctzung anbieten zu k\u00f6nnen.<\/p><p>Wenn Sie in der Lage sind, uns <a href=\"https:\/\/tertiarysisters.org\/de\/spende\/\">eine Spende zukommen zu lassen,<\/a> freuen wir uns sehr dar\u00fcber und sind Ihnen sehr dankbar. Wir werden Ihre Spende zweckbestimmt und sofort einsetzen.<\/p>\t\t\t\t\t\t\t\t<\/div>\n\t\t\t\t<\/div>\n\t\t\t\t<div class=\"elementor-element elementor-element-6973441 elementor-align-center elementor-widget elementor-widget-button\" data-id=\"6973441\" data-element_type=\"widget\" data-widget_type=\"button.default\">\n\t\t\t\t<div class=\"elementor-widget-container\">\n\t\t\t\t\t\t\t\t\t<div class=\"elementor-button-wrapper\">\n\t\t\t\t\t<a class=\"elementor-button elementor-button-link elementor-size-xs elementor-animation-grow\" href=\"https:\/\/tertiarysisters.org\/de\/spende\/\">\n\t\t\t\t\t\t<span class=\"elementor-button-content-wrapper\">\n\t\t\t\t\t\t\t\t\t<span class=\"elementor-button-text\">Gib eine Spende<\/span>\n\t\t\t\t\t<\/span>\n\t\t\t\t\t<\/a>\n\t\t\t\t<\/div>\n\t\t\t\t\t\t\t\t<\/div>\n\t\t\t\t<\/div>\n\t\t\t\t<\/div>\n\t\t\t\t<\/div>\n\t\t\t\t<\/div>","protected":false},"excerpt":{"rendered":"<p>South Tyrol, Italy and North Tyrol, Austria \u201c\u2026I was a stranger and you welcomed me.\u201dMt 25:35 The brutal wars in Ukraine and Syria have led to the largest movement of refugees to Europe since the Second World War. Scarred by war, perilous migration routes, and often hostile reception from governments and local residents, migrants arrive [&hellip;]<\/p>","protected":false},"author":1,"featured_media":1096,"parent":0,"menu_order":0,"comment_status":"closed","ping_status":"closed","template":"","meta":{"_acf_changed":false,"cybocfi_hide_featured_image":"","footnotes":""},"categories":[8],"class_list":["post-1628","page","type-page","status-publish","has-post-thumbnail","hentry","category-transparent-header-c"],"acf":[],"_links":{"self":[{"href":"https:\/\/tertiarysisters.org\/de\/wp-json\/wp\/v2\/pages\/1628","targetHints":{"allow":["GET"]}}],"collection":[{"href":"https:\/\/tertiarysisters.org\/de\/wp-json\/wp\/v2\/pages"}],"about":[{"href":"https:\/\/tertiarysisters.org\/de\/wp-json\/wp\/v2\/types\/page"}],"author":[{"embeddable":true,"href":"https:\/\/tertiarysisters.org\/de\/wp-json\/wp\/v2\/users\/1"}],"replies":[{"embeddable":true,"href":"https:\/\/tertiarysisters.org\/de\/wp-json\/wp\/v2\/comments?post=1628"}],"version-history":[{"count":46,"href":"https:\/\/tertiarysisters.org\/de\/wp-json\/wp\/v2\/pages\/1628\/revisions"}],"predecessor-version":[{"id":3777,"href":"https:\/\/tertiarysisters.org\/de\/wp-json\/wp\/v2\/pages\/1628\/revisions\/3777"}],"wp:featuredmedia":[{"embeddable":true,"href":"https:\/\/tertiarysisters.org\/de\/wp-json\/wp\/v2\/media\/1096"}],"wp:attachment":[{"href":"https:\/\/tertiarysisters.org\/de\/wp-json\/wp\/v2\/media?parent=1628"}],"wp:term":[{"taxonomy":"category","embeddable":true,"href":"https:\/\/tertiarysisters.org\/de\/wp-json\/wp\/v2\/categories?post=1628"}],"curies":[{"name":"wp","href":"https:\/\/api.w.org\/{rel}","templated":true}]}}