{"id":1709,"date":"2023-09-19T07:07:21","date_gmt":"2023-09-19T11:07:21","guid":{"rendered":"https:\/\/tertiarysisters.org\/?page_id=1709"},"modified":"2023-12-03T05:33:04","modified_gmt":"2023-12-03T10:33:04","slug":"informationen-fur-eltern-zum-thema-berufung","status":"publish","type":"page","link":"https:\/\/tertiarysisters.org\/de\/berufungen\/informationen-fur-eltern-zum-thema-berufung\/","title":{"rendered":"Informationen f\u00fcr Eltern zum Thema Berufung"},"content":{"rendered":"<div data-elementor-type=\"wp-page\" data-elementor-id=\"1709\" class=\"elementor elementor-1709\" data-elementor-post-type=\"page\">\n\t\t\t\t<div class=\"elementor-element elementor-element-4b2f8ca hero-page e-flex e-con-boxed e-con e-parent\" data-id=\"4b2f8ca\" data-element_type=\"container\" data-settings=\"{&quot;background_background&quot;:&quot;classic&quot;}\">\n\t\t\t\t\t<div class=\"e-con-inner\">\n\t\t<div class=\"elementor-element elementor-element-d1c6995 hero-title e-flex e-con-boxed e-con e-child\" data-id=\"d1c6995\" data-element_type=\"container\" data-settings=\"{&quot;background_background&quot;:&quot;classic&quot;}\">\n\t\t\t\t\t<div class=\"e-con-inner\">\n\t\t\t\t<div class=\"elementor-element elementor-element-801aacd elementor-widget-divider--view-line elementor-widget elementor-widget-divider\" data-id=\"801aacd\" data-element_type=\"widget\" data-widget_type=\"divider.default\">\n\t\t\t\t<div class=\"elementor-widget-container\">\n\t\t\t\t\t\t\t<div class=\"elementor-divider\">\n\t\t\t<span class=\"elementor-divider-separator\">\n\t\t\t\t\t\t<\/span>\n\t\t<\/div>\n\t\t\t\t\t\t<\/div>\n\t\t\t\t<\/div>\n\t\t\t\t\t<\/div>\n\t\t\t\t<\/div>\n\t\t\t\t\t<\/div>\n\t\t\t\t<\/div>\n\t\t<div class=\"elementor-element elementor-element-3ecfb92 bg-mint-green e-flex e-con-boxed e-con e-parent\" data-id=\"3ecfb92\" data-element_type=\"container\" data-settings=\"{&quot;background_background&quot;:&quot;classic&quot;}\">\n\t\t\t\t\t<div class=\"e-con-inner\">\n\t\t<div class=\"elementor-element elementor-element-98f92ee e-con-full e-flex e-con e-child\" data-id=\"98f92ee\" data-element_type=\"container\">\n\t\t\t\t<div class=\"elementor-element elementor-element-6691e48 elementor-widget elementor-widget-heading\" data-id=\"6691e48\" data-element_type=\"widget\" data-widget_type=\"heading.default\">\n\t\t\t\t<div class=\"elementor-widget-container\">\n\t\t\t\t\t<h2 class=\"elementor-heading-title elementor-size-default\">Ein Ratgeber f\u00fcr Eltern<\/h2>\t\t\t\t<\/div>\n\t\t\t\t<\/div>\n\t\t\t\t<div class=\"elementor-element elementor-element-c985b14 elementor-widget elementor-widget-text-editor\" data-id=\"c985b14\" data-element_type=\"widget\" data-widget_type=\"text-editor.default\">\n\t\t\t\t<div class=\"elementor-widget-container\">\n\t\t\t\t\t\t\t\t\t<p>Alle Eltern m\u00f6chten, dass ihre Kinder erwachsen werden und ein gl\u00fcckliches und erf\u00fclltes Leben f\u00fchren. Nur wenige Eltern stellen sich ein Leben ihrer Tochter als Schwester vor.<\/p><p>Wenn Sie sich verwirrt oder \u00e4ngstlich f\u00fchlen oder einfach weitere Informationen w\u00fcnschen, sind Sie hier richtig.<\/p><p>Wir laden Sie ein, die Liste h\u00e4ufig gestellter Fragen durchzulesen und unsere Website zu erkunden, um mehr \u00fcber die Tertiarschwestern zu erfahren.<\/p><p>Vor allem aber ermutigen wir Sie, mit Ihrer Tochter zu sprechen und ihren Wunsch nach einem religi\u00f6sen Leben zu verstehen.<\/p><p>Unsere Mission ist es, Gutes in der Welt zu tun . Sie k\u00f6nnen stolz darauf sein, dass Ihre Tochter durch Ihr Beispiel den Wunsch hat, Gutes zu tun und der Menschheit und Gott zu dienen.<\/p>\t\t\t\t\t\t\t\t<\/div>\n\t\t\t\t<\/div>\n\t\t\t\t<\/div>\n\t\t\t\t\t<\/div>\n\t\t\t\t<\/div>\n\t\t<div class=\"elementor-element elementor-element-b1bf1ff bg-irish-mint e-flex e-con-boxed e-con e-parent\" data-id=\"b1bf1ff\" data-element_type=\"container\" data-settings=\"{&quot;background_background&quot;:&quot;classic&quot;}\">\n\t\t\t\t\t<div class=\"e-con-inner\">\n\t\t<div class=\"elementor-element elementor-element-f907970 e-con-full e-flex e-con e-child\" data-id=\"f907970\" data-element_type=\"container\">\n\t\t\t\t<div class=\"elementor-element elementor-element-62319e4 uael-faq-box-layout-yes align-at-left elementor-widget elementor-widget-uael-faq\" data-id=\"62319e4\" data-element_type=\"widget\" data-widget_type=\"uael-faq.default\">\n\t\t\t\t<div class=\"elementor-widget-container\">\n\t\t\t\t\t\n\t\t\t<div id='uael-faq-wrapper-102' class=\"uael-faq-wrapper\">\n\t\t\t\t<div class=\"uael-faq-container uael-faq-layout-accordion\" data-layout=\"accordion\" >\n\t\t\t\t\t\t\t\t\t\t\t\t<div id=\"uael-accordion-12d1d3b\" class=\"uael-faq-accordion\" role=\"tablist\">\n\t\t\t\t\t\t\t\t<div class= \"uael-accordion-title\" aria-expanded=\"false\" role=\"tab\">\n\t\t\t\t\t\t\t\t\t<span class=\"uael-accordion-icon uael-accordion-icon-left\">\n\t\t\t\t\t\t\t\t\t\t<span class=\"uael-accordion-icon-closed\"><i class=\"fas fa-plus\"><\/i><\/span>\n\t\t\t\t\t\t\t\t\t\t<span class=\"uael-accordion-icon-opened\"><i class=\"fas fa-minus\"><\/i><\/span>\n\t\t\t\t\t\t\t\t\t<\/span>\n\t\t\t\t\t\t\t\t\t<span class=\"uael-question-12d1d3b uael-question-span\" tabindex=\"0\" id=\"uael-faq-1-69d8113886c33\">Wie soll ich reagieren, wenn meine Tochter mir erz\u00e4hlt, dass sie \u00fcber ein Ordensleben nachdenkt?<\/span>\n\t\t\t\t\t\t\t\t<\/div>\n\t\t\t\t\t\t\t\t<div class=\"uael-accordion-content\" role=\"tabpanel\">\n\t\t\t\t\t\t\t\t\t<span>\n\t\t\t\t\t\t\t\t\t<span><p>Manche Eltern sind vom Interesse ihrer Tochter am Ordensleben v\u00f6llig \u00fcberrascht. Andere wissen schon seit langem, dass ihre Tochter \u00fcber einen Dienst in der Kirche nachdenkt. Wo auch immer Sie sich befinden, die Entscheidung Ihrer Tochter ist zweifellos bedeutsam.<\/p><p>Egal, ob Sie zun\u00e4chst aufgeregt, ver\u00e4ngstigt, w\u00fctend oder verwirrt sind: das Beste, was Sie tun k\u00f6nnen, ist, mit Ihrer Tochter zu sprechen. Was sind ihre Lebensziele? Was hat sie zu einem Leben als Schwester gef\u00fchrt? Wie vertr\u00e4gt sich ein religi\u00f6ser Beruf mit ihren Grunds\u00e4tzen?<\/p><p>Als n\u00e4chstes m\u00f6chten wir Sie ermutigen, mehr \u00fcber das Ordensleben und die Tertiarschwestern zu erfahren. Diese Website ist ein gute Informationsquelle. Unsere Schwestern und unser Berufungsteam sprechen gerne mit Ihnen \u00fcber ihre  Mission, ihr Berufungsprogramm und wie das Ordensleben in der realen Welt aussieht.<\/p><\/span>\t\t\t\t\t\t\t\t\t<\/span>\n\t\t\t\t\t\t\t\t<\/div>\n\t\t\t\t\t\t\t<\/div>\n\t\t\t\t\t\t\t\t\t\t\t\t\t\t<div id=\"uael-accordion-eef5a4d\" class=\"uael-faq-accordion\" role=\"tablist\">\n\t\t\t\t\t\t\t\t<div class= \"uael-accordion-title\" aria-expanded=\"false\" role=\"tab\">\n\t\t\t\t\t\t\t\t\t<span class=\"uael-accordion-icon uael-accordion-icon-left\">\n\t\t\t\t\t\t\t\t\t\t<span class=\"uael-accordion-icon-closed\"><i class=\"fas fa-plus\"><\/i><\/span>\n\t\t\t\t\t\t\t\t\t\t<span class=\"uael-accordion-icon-opened\"><i class=\"fas fa-minus\"><\/i><\/span>\n\t\t\t\t\t\t\t\t\t<\/span>\n\t\t\t\t\t\t\t\t\t<span class=\"uael-question-eef5a4d uael-question-span\" tabindex=\"0\" id=\"uael-faq-2-69d8113886c9c\">Wie sind Eltern-Kind-Beziehungen zwischen Schwestern und ihren Eltern?<\/span>\n\t\t\t\t\t\t\t\t<\/div>\n\t\t\t\t\t\t\t\t<div class=\"uael-accordion-content\" role=\"tabpanel\">\n\t\t\t\t\t\t\t\t\t<span>\n\t\t\t\t\t\t\t\t\t<span><p class=\"p1\">Meistens so, wie es war, bevor Frauen ins Ordensleben eintraten. Eltern sind immer noch Eltern und Kinder sind Kinder!<\/p><p class=\"p1\">W\u00e4hrend unsere Frauen das Berufungsprogramm durchlaufen und Schwestern werden, stellen wir fest, dass die famili\u00e4ren Beziehungen durch spirituelle Unterst\u00fctzung, Gebete, Ratschl\u00e4ge und andere Hilfestellungen gest\u00e4rkt werden.<\/p><\/span>\t\t\t\t\t\t\t\t\t<\/span>\n\t\t\t\t\t\t\t\t<\/div>\n\t\t\t\t\t\t\t<\/div>\n\t\t\t\t\t\t\t\t\t\t\t\t\t\t<div id=\"uael-accordion-ce318e6\" class=\"uael-faq-accordion\" role=\"tablist\">\n\t\t\t\t\t\t\t\t<div class= \"uael-accordion-title\" aria-expanded=\"false\" role=\"tab\">\n\t\t\t\t\t\t\t\t\t<span class=\"uael-accordion-icon uael-accordion-icon-left\">\n\t\t\t\t\t\t\t\t\t\t<span class=\"uael-accordion-icon-closed\"><i class=\"fas fa-plus\"><\/i><\/span>\n\t\t\t\t\t\t\t\t\t\t<span class=\"uael-accordion-icon-opened\"><i class=\"fas fa-minus\"><\/i><\/span>\n\t\t\t\t\t\t\t\t\t<\/span>\n\t\t\t\t\t\t\t\t\t<span class=\"uael-question-ce318e6 uael-question-span\" tabindex=\"0\" id=\"uael-faq-3-69d8113886cdd\">Das ist eine gro\u00dfe \u00dcberraschung! Warum hat sich meine Tochter f\u00fcr diese Berufung entschieden?<\/span>\n\t\t\t\t\t\t\t\t<\/div>\n\t\t\t\t\t\t\t\t<div class=\"uael-accordion-content\" role=\"tabpanel\">\n\t\t\t\t\t\t\t\t\t<span>\n\t\t\t\t\t\t\t\t\t<span><p>Diese Frage ist im Internet schwer zu beantworten!<\/p><p>Wir finden, dass die Antwort auf die Frage, warum Kinder sich entscheiden, anderen Berufungen, Karrierewegen und Lebensentscheidungen zu folgen, im Allgemeinen dieselbe ist: Jeder hat eine einzigartige Mission im Leben zu erf\u00fcllen und einen einzigartigen Weg, den er einschlagen muss.<\/p><\/span>\t\t\t\t\t\t\t\t\t<\/span>\n\t\t\t\t\t\t\t\t<\/div>\n\t\t\t\t\t\t\t<\/div>\n\t\t\t\t\t\t\t\t\t\t\t\t\t\t<div id=\"uael-accordion-ecb7c59\" class=\"uael-faq-accordion\" role=\"tablist\">\n\t\t\t\t\t\t\t\t<div class= \"uael-accordion-title\" aria-expanded=\"false\" role=\"tab\">\n\t\t\t\t\t\t\t\t\t<span class=\"uael-accordion-icon uael-accordion-icon-left\">\n\t\t\t\t\t\t\t\t\t\t<span class=\"uael-accordion-icon-closed\"><i class=\"fas fa-plus\"><\/i><\/span>\n\t\t\t\t\t\t\t\t\t\t<span class=\"uael-accordion-icon-opened\"><i class=\"fas fa-minus\"><\/i><\/span>\n\t\t\t\t\t\t\t\t\t<\/span>\n\t\t\t\t\t\t\t\t\t<span class=\"uael-question-ecb7c59 uael-question-span\" tabindex=\"0\" id=\"uael-faq-4-69d8113886d17\">Wie kann ich meine Tochter im Entscheidungs- und Berufungsprozess am besten unterst\u00fctzen?<\/span>\n\t\t\t\t\t\t\t\t<\/div>\n\t\t\t\t\t\t\t\t<div class=\"uael-accordion-content\" role=\"tabpanel\">\n\t\t\t\t\t\t\t\t\t<span>\n\t\t\t\t\t\t\t\t\t<span><p>Ihr habt als Eltern Eure Tochter schon immer unterst\u00fctzt! Sprecht mit ihr, versucht  ihre Beweggr\u00fcnde zu verstehen und lernt die Tertiarschwestern kennen.<\/p><p>Ermutigen Sie sie, an Programmen zur Berufsfindung teilzunehmen, beten Sie um die F\u00fchrung des Heiligen Geistes (f\u00fcr Sie und Ihre Tochter) und ermutigen Sie sie vor allem, die Wahl zu treffen, die sie f\u00fcr richtig h\u00e4lt.<\/p><\/span>\t\t\t\t\t\t\t\t\t<\/span>\n\t\t\t\t\t\t\t\t<\/div>\n\t\t\t\t\t\t\t<\/div>\n\t\t\t\t\t\t\t\t\t\t\t\t\t\t<div id=\"uael-accordion-8a017b5\" class=\"uael-faq-accordion\" role=\"tablist\">\n\t\t\t\t\t\t\t\t<div class= \"uael-accordion-title\" aria-expanded=\"false\" role=\"tab\">\n\t\t\t\t\t\t\t\t\t<span class=\"uael-accordion-icon uael-accordion-icon-left\">\n\t\t\t\t\t\t\t\t\t\t<span class=\"uael-accordion-icon-closed\"><i class=\"fas fa-plus\"><\/i><\/span>\n\t\t\t\t\t\t\t\t\t\t<span class=\"uael-accordion-icon-opened\"><i class=\"fas fa-minus\"><\/i><\/span>\n\t\t\t\t\t\t\t\t\t<\/span>\n\t\t\t\t\t\t\t\t\t<span class=\"uael-question-8a017b5 uael-question-span\" tabindex=\"0\" id=\"uael-faq-5-69d8113886d50\">Ist es normal, dass ich entt\u00e4uscht bin? Besorgt bin?<\/span>\n\t\t\t\t\t\t\t\t<\/div>\n\t\t\t\t\t\t\t\t<div class=\"uael-accordion-content\" role=\"tabpanel\">\n\t\t\t\t\t\t\t\t\t<span>\n\t\t\t\t\t\t\t\t\t<span><p class=\"p1\">Absolut! Es ist v\u00f6llig normal, dass Eltern, die f\u00fcr ihre Tochter m\u00f6glicherweise andere Tr\u00e4ume hatten, entt\u00e4uscht oder verwirrt sind. Ein religi\u00f6ses Leben zu f\u00fchren ist keine \u00fcbliche Entscheidung.<\/p><p>Je besser Eltern die Beweggr\u00fcnde ihrer Tochter verstehen und je vertrauter sie mit dem religi\u00f6sen Leben sind, desto besser f\u00fchlen sie sich \u00fcber die Entscheidung ihrer Tochter.<\/p><p>Sprechen Sie offen mit Ihrer Tochter, erfahren Sie mehr \u00fcber die Tertiarschwestern und ihr Wirken und denken Sie daran, dass es ein gro\u00dfes Geschenk ist, seine Tr\u00e4ume verwirklichen zu k\u00f6nnen.<\/p><\/span>\t\t\t\t\t\t\t\t\t<\/span>\n\t\t\t\t\t\t\t\t<\/div>\n\t\t\t\t\t\t\t<\/div>\n\t\t\t\t\t\t\t\t\t\t\t<\/div>\n\t\t\t<\/div>\n\t\t\t\t\t\t\t<\/div>\n\t\t\t\t<\/div>\n\t\t\t\t<\/div>\n\t\t\t\t\t<\/div>\n\t\t\t\t<\/div>\n\t\t\t\t<\/div>","protected":false},"excerpt":{"rendered":"<p>A guide for parents All parents want to see their children grow up to lead happy and fulfilling lives. Few, however, imagined a life for their daughters as sisters. If you&#8217;re feeling confused, anxious, or simply want more information, this is a great place to start. We invite you to read through this list of [&hellip;]<\/p>","protected":false},"author":1,"featured_media":1711,"parent":980,"menu_order":0,"comment_status":"closed","ping_status":"closed","template":"","meta":{"_acf_changed":false,"cybocfi_hide_featured_image":"","footnotes":""},"categories":[8],"class_list":["post-1709","page","type-page","status-publish","has-post-thumbnail","hentry","category-transparent-header-c"],"acf":[],"_links":{"self":[{"href":"https:\/\/tertiarysisters.org\/de\/wp-json\/wp\/v2\/pages\/1709","targetHints":{"allow":["GET"]}}],"collection":[{"href":"https:\/\/tertiarysisters.org\/de\/wp-json\/wp\/v2\/pages"}],"about":[{"href":"https:\/\/tertiarysisters.org\/de\/wp-json\/wp\/v2\/types\/page"}],"author":[{"embeddable":true,"href":"https:\/\/tertiarysisters.org\/de\/wp-json\/wp\/v2\/users\/1"}],"replies":[{"embeddable":true,"href":"https:\/\/tertiarysisters.org\/de\/wp-json\/wp\/v2\/comments?post=1709"}],"version-history":[{"count":34,"href":"https:\/\/tertiarysisters.org\/de\/wp-json\/wp\/v2\/pages\/1709\/revisions"}],"predecessor-version":[{"id":3857,"href":"https:\/\/tertiarysisters.org\/de\/wp-json\/wp\/v2\/pages\/1709\/revisions\/3857"}],"up":[{"embeddable":true,"href":"https:\/\/tertiarysisters.org\/de\/wp-json\/wp\/v2\/pages\/980"}],"wp:featuredmedia":[{"embeddable":true,"href":"https:\/\/tertiarysisters.org\/de\/wp-json\/wp\/v2\/media\/1711"}],"wp:attachment":[{"href":"https:\/\/tertiarysisters.org\/de\/wp-json\/wp\/v2\/media?parent=1709"}],"wp:term":[{"taxonomy":"category","embeddable":true,"href":"https:\/\/tertiarysisters.org\/de\/wp-json\/wp\/v2\/categories?post=1709"}],"curies":[{"name":"wp","href":"https:\/\/api.w.org\/{rel}","templated":true}]}}