{"id":521,"date":"2023-05-28T06:17:40","date_gmt":"2023-05-28T10:17:40","guid":{"rendered":"https:\/\/tertiarysisters.org\/?page_id=521"},"modified":"2023-12-03T04:31:05","modified_gmt":"2023-12-03T09:31:05","slug":"ausbildung-der-nachsten-generation-der-gesundheitsfachkrafte-in-kamerun","status":"publish","type":"page","link":"https:\/\/tertiarysisters.org\/de\/ausbildung-der-nachsten-generation-der-gesundheitsfachkrafte-in-kamerun\/","title":{"rendered":"Health and Hope: Training the Next Generation of Health Professionals in Cameroon"},"content":{"rendered":"<div data-elementor-type=\"wp-page\" data-elementor-id=\"521\" class=\"elementor elementor-521\" data-elementor-post-type=\"page\">\n\t\t\t\t<div class=\"elementor-element elementor-element-4b2f8ca hero-page e-flex e-con-boxed e-con e-parent\" data-id=\"4b2f8ca\" data-element_type=\"container\" data-settings=\"{&quot;background_background&quot;:&quot;classic&quot;}\">\n\t\t\t\t\t<div class=\"e-con-inner\">\n\t\t<div class=\"elementor-element elementor-element-d1c6995 hero-title e-flex e-con-boxed e-con e-child\" data-id=\"d1c6995\" data-element_type=\"container\" data-settings=\"{&quot;background_background&quot;:&quot;classic&quot;}\">\n\t\t\t\t\t<div class=\"e-con-inner\">\n\t\t\t\t<div class=\"elementor-element elementor-element-3eb4d0c hero-overline elementor-widget elementor-widget-text-editor\" data-id=\"3eb4d0c\" data-element_type=\"widget\" data-widget_type=\"text-editor.default\">\n\t\t\t\t<div class=\"elementor-widget-container\">\n\t\t\t\t\t\t\t\t\t<p>Katholische Fakult\u00e4t f\u00fcr Gesundheitswissenschaften<br \/>Shisong, Kamerun<\/p>\t\t\t\t\t\t\t\t<\/div>\n\t\t\t\t<\/div>\n\t\t\t\t<div class=\"elementor-element elementor-element-801aacd elementor-widget-divider--view-line elementor-widget elementor-widget-divider\" data-id=\"801aacd\" data-element_type=\"widget\" data-widget_type=\"divider.default\">\n\t\t\t\t<div class=\"elementor-widget-container\">\n\t\t\t\t\t\t\t<div class=\"elementor-divider\">\n\t\t\t<span class=\"elementor-divider-separator\">\n\t\t\t\t\t\t<\/span>\n\t\t<\/div>\n\t\t\t\t\t\t<\/div>\n\t\t\t\t<\/div>\n\t\t\t\t<div class=\"elementor-element elementor-element-d68474d elementor-widget elementor-widget-heading\" data-id=\"d68474d\" data-element_type=\"widget\" data-widget_type=\"heading.default\">\n\t\t\t\t<div class=\"elementor-widget-container\">\n\t\t\t\t\t<h2 class=\"elementor-heading-title elementor-size-default\">Ausbildung der n\u00e4chsten Generation der Gesundheitsfachkr\u00e4fte in Kamerun<\/h2>\t\t\t\t<\/div>\n\t\t\t\t<\/div>\n\t\t\t\t\t<\/div>\n\t\t\t\t<\/div>\n\t\t\t\t\t<\/div>\n\t\t\t\t<\/div>\n\t\t<div class=\"elementor-element elementor-element-3ecfb92 e-con-full bg-mint-green e-flex e-con e-parent\" data-id=\"3ecfb92\" data-element_type=\"container\" data-settings=\"{&quot;background_background&quot;:&quot;classic&quot;}\">\n\t\t<div class=\"elementor-element elementor-element-98f92ee e-con-full e-flex e-con e-child\" data-id=\"98f92ee\" data-element_type=\"container\">\n\t\t\t\t<div class=\"elementor-element elementor-element-5ed03b6 elementor-widget elementor-widget-heading\" data-id=\"5ed03b6\" data-element_type=\"widget\" data-widget_type=\"heading.default\">\n\t\t\t\t<div class=\"elementor-widget-container\">\n\t\t\t\t\t<h2 class=\"elementor-heading-title elementor-size-default\">Eine Ausbildung, die auf die Herausforderungen \ndes lokalen Gesundheitswesens zugeschnitten ist<\/h2>\t\t\t\t<\/div>\n\t\t\t\t<\/div>\n\t\t\t\t<div class=\"elementor-element elementor-element-3ce157e elementor-widget elementor-widget-text-editor\" data-id=\"3ce157e\" data-element_type=\"widget\" data-widget_type=\"text-editor.default\">\n\t\t\t\t<div class=\"elementor-widget-container\">\n\t\t\t\t\t\t\t\t\t<p>Das Gesundheitssystem Kameruns steht an fast allen Fronten vor Herausforderungen. Das Land hat einen extremen \u00c4rztemangel, personell unterbesetzte und schlecht ausgestattete Gesundheits-Einrichtungen sowie eine sehr hohe Kindersterblichkeitsrate und eine hohe Frequenz von Infektionskrankheiten. Diese Probleme haben sich durch die geringen Staatsausgaben f\u00fcr das Gesundheitswesen zugespitzt.<\/p>\n<p>Wohlt\u00e4tigkeitsorganisationen, Nicht \u2013 Regierungsorganisationen und religi\u00f6se Gruppen stellen einen Gro\u00dfteil der Gesundheitsinfrastruktur Kameruns bereit, wobei die katholische Kirche etwa ein Drittel der konfessionsbasierten Gesundheitsversorgung anbietet. Die Tertiarschwestern sind die gr\u00f6\u00dfte katholische Ordensgemeinschaft des Landes.<\/p>\n<p>Die katholische Schule f\u00fcr Gesundheitswissenschaften der Tertiarschwestern, Shisong (CSHS), ist eine der f\u00fchrenden Schulen der Krankenpflege und Gesundheitswissenschaften des Landes, deren Programme auf die besonderen Bed\u00fcrfnisse Kameruns zugeschnitten sind.<\/p>\n<p>Qualifizierte Ausbildung in Krankenpflege und Geburtshilfe von drei bis vier Jahren bef\u00e4higen Absolventen*Innen in den Krankenh\u00e4usern und Kliniken Kameruns in den St\u00e4dten und auf dem Land an vorderster Front zu arbeiten.&nbsp;<\/p>\t\t\t\t\t\t\t\t<\/div>\n\t\t\t\t<\/div>\n\t\t<div class=\"elementor-element elementor-element-bbba307 hypebox bg-dark-green-text e-flex e-con-boxed e-con e-child\" data-id=\"bbba307\" data-element_type=\"container\" data-settings=\"{&quot;background_background&quot;:&quot;classic&quot;}\">\n\t\t\t\t\t<div class=\"e-con-inner\">\n\t\t\t\t<div class=\"elementor-element elementor-element-d872d37 elementor-widget elementor-widget-text-editor\" data-id=\"d872d37\" data-element_type=\"widget\" data-widget_type=\"text-editor.default\">\n\t\t\t\t<div class=\"elementor-widget-container\">\n\t\t\t\t\t\t\t\t\t<p class=\"translation-block\">CSHS erh\u00e4lt, wie alle unsere Einrichtungen in Kamerun, nur geringe Mittel aus Regierungs- und NGO - Quellen. Mehr als  <b><i>90 % unserer Aktivit\u00e4ten werden von Spendern finanziert.<\/i><\/b><\/p><p>Wenn Sie in der Lage sind, uns <a href=\"https:\/\/tertiarysisters.org\/de\/spende\/\">eine Spende zukommen zu lassen,<\/a> freuen wir uns sehr dar\u00fcber und sind Ihnen sehr dankbar. Wir werden Ihre Spende zweckbestimmt und sofort einsetzen.<\/p>\t\t\t\t\t\t\t\t<\/div>\n\t\t\t\t<\/div>\n\t\t\t\t\t<\/div>\n\t\t\t\t<\/div>\n\t\t\t\t<\/div>\n\t\t<div class=\"elementor-element elementor-element-3a9b4a6 e-flex e-con-boxed e-con e-child\" data-id=\"3a9b4a6\" data-element_type=\"container\">\n\t\t\t\t\t<div class=\"e-con-inner\">\n\t\t\t\t<div class=\"elementor-element elementor-element-ac004fd elementor-widget elementor-widget-heading\" data-id=\"ac004fd\" data-element_type=\"widget\" data-widget_type=\"heading.default\">\n\t\t\t\t<div class=\"elementor-widget-container\">\n\t\t\t\t\t<div class=\"elementor-heading-title elementor-size-default\">Auf einen blick<\/div>\t\t\t\t<\/div>\n\t\t\t\t<\/div>\n\t\t\t\t<div class=\"elementor-element elementor-element-0bb8511 elementor-icon-list--layout-traditional elementor-list-item-link-full_width elementor-widget elementor-widget-icon-list\" data-id=\"0bb8511\" data-element_type=\"widget\" data-widget_type=\"icon-list.default\">\n\t\t\t\t<div class=\"elementor-widget-container\">\n\t\t\t\t\t\t\t<ul class=\"elementor-icon-list-items\">\n\t\t\t\t\t\t\t<li class=\"elementor-icon-list-item\">\n\t\t\t\t\t\t\t\t\t\t\t<span class=\"elementor-icon-list-icon\">\n\t\t\t\t\t\t\t<i aria-hidden=\"true\" class=\"fas fa-square-full\"><\/i>\t\t\t\t\t\t<\/span>\n\t\t\t\t\t\t\t\t\t\t<span class=\"elementor-icon-list-text\">500 eingeschriebene Studenten*Innen<\/span>\n\t\t\t\t\t\t\t\t\t<\/li>\n\t\t\t\t\t\t\t\t<li class=\"elementor-icon-list-item\">\n\t\t\t\t\t\t\t\t\t\t\t<span class=\"elementor-icon-list-icon\">\n\t\t\t\t\t\t\t<i aria-hidden=\"true\" class=\"fas fa-square-full\"><\/i>\t\t\t\t\t\t<\/span>\n\t\t\t\t\t\t\t\t\t\t<span class=\"elementor-icon-list-text\">185 Absolventen*Innen j\u00e4hrlich<\/span>\n\t\t\t\t\t\t\t\t\t<\/li>\n\t\t\t\t\t\t\t\t<li class=\"elementor-icon-list-item\">\n\t\t\t\t\t\t\t\t\t\t\t<span class=\"elementor-icon-list-icon\">\n\t\t\t\t\t\t\t<i aria-hidden=\"true\" class=\"fas fa-square-full\"><\/i>\t\t\t\t\t\t<\/span>\n\t\t\t\t\t\t\t\t\t\t<span class=\"elementor-icon-list-text\">Studieng\u00e4nge in den Bereichen Pflege, Hebammen-Ausbildung und Labortechnik<\/span>\n\t\t\t\t\t\t\t\t\t<\/li>\n\t\t\t\t\t\t\t\t<li class=\"elementor-icon-list-item\">\n\t\t\t\t\t\t\t\t\t\t\t<span class=\"elementor-icon-list-icon\">\n\t\t\t\t\t\t\t<i aria-hidden=\"true\" class=\"fas fa-square-full\"><\/i>\t\t\t\t\t\t<\/span>\n\t\t\t\t\t\t\t\t\t\t<span class=\"elementor-icon-list-text\">Die Absolventen*Innen machen ihr Praktikum in, vom Gesundheitssystem des Landes, unterversorgten l\u00e4ndlichen Gebieten<\/span>\n\t\t\t\t\t\t\t\t\t<\/li>\n\t\t\t\t\t\t<\/ul>\n\t\t\t\t\t\t<\/div>\n\t\t\t\t<\/div>\n\t\t\t\t<div class=\"elementor-element elementor-element-8c66170 elementor-widget elementor-widget-uael-google-map\" data-id=\"8c66170\" data-element_type=\"widget\" data-settings=\"{&quot;zoom_control&quot;:&quot;yes&quot;,&quot;fullscreen_control&quot;:&quot;yes&quot;}\" data-widget_type=\"uael-google-map.default\">\n\t\t\t\t<div class=\"elementor-widget-container\">\n\t\t\t\t\t\t\t<div class=\"uael-google-map-wrap\">\n\t\t\t<div id=\"uael-google-map-8c66170\" class=\"uael-google-map\" data-map_options=\"{&quot;zoom&quot;:5,&quot;mapTypeId&quot;:&quot;roadmap&quot;,&quot;mapTypeControl&quot;:false,&quot;streetViewControl&quot;:false,&quot;zoomControl&quot;:true,&quot;fullscreenControl&quot;:true,&quot;gestureHandling&quot;:true}\" data-cluster=\"no\" data-cluster-attr=\"[]\" data-max-width=\"250\" data-locations=\"[[&quot;6.209570&quot;,&quot;10.686000&quot;,false,&quot;Kumbo, Cameroon&quot;,null,&quot;&quot;,&quot;&quot;,&quot;&quot;,&quot;&quot;]]\" data-animate=\"\" data-auto-center=\"center\" data-predefined-style=\"magnesium\"><\/div>\n\t\t<\/div>\n\t\t\t\t\t\t<\/div>\n\t\t\t\t<\/div>\n\t\t\t\t\t<\/div>\n\t\t\t\t<\/div>\n\t\t\t\t<\/div>\n\t\t<div class=\"elementor-element elementor-element-af06852 e-con-full bg-irish-mint e-flex e-con e-parent\" data-id=\"af06852\" data-element_type=\"container\" data-settings=\"{&quot;background_background&quot;:&quot;classic&quot;}\">\n\t\t<div class=\"elementor-element elementor-element-e0d965c e-con-full e-flex e-con e-child\" data-id=\"e0d965c\" data-element_type=\"container\">\n\t\t\t\t<div class=\"elementor-element elementor-element-596b8a2 elementor-widget elementor-widget-heading\" data-id=\"596b8a2\" data-element_type=\"widget\" data-widget_type=\"heading.default\">\n\t\t\t\t<div class=\"elementor-widget-container\">\n\t\t\t\t\t<h2 class=\"elementor-heading-title elementor-size-default\">Eine Zukunft an vorderster Front<\/h2>\t\t\t\t<\/div>\n\t\t\t\t<\/div>\n\t\t\t\t<div class=\"elementor-element elementor-element-4da081e elementor-widget elementor-widget-text-editor\" data-id=\"4da081e\" data-element_type=\"widget\" data-widget_type=\"text-editor.default\">\n\t\t\t\t<div class=\"elementor-widget-container\">\n\t\t\t\t\t\t\t\t\t<p>In einem Land, in dem chronischer \u00c4rztemangel besteht, sind Krankenschwestern und Pflege-Hilfskr\u00e4fte oft die einzigen, die sich um die Kranken vor Ort k\u00fcmmern.<\/p><p>Die CSHS-Programme trainieren die Absolventen in einem System zu arbeiten, in dem von ihnen erwartet wird, dass sie die erste und entscheidende  Betreuungsperson vor Ort sind.<\/p><p>Die Krankenpflegestudenten*Innen werden in den traditionellen Pflegekompetenzen geschult und besonders in der Betreuung an vorderster Front und das in Abwesenheit von \u00c4rzten. Besonderes Augenmerk wird auf die Erkennung und Behandlung von Infektionskrankheiten gelegt.<\/p><p>Studierende der CSHS machen ein Praktikum im St. Elizabeth Catholic General Hospital in Shisong, das ebenfalls von den Tertiarschwestern gef\u00fchrt wird. Unter der Leitung von Pflegekr\u00e4ften und \u00c4rzten sammeln sie Erfahrungen im Umgang mit Patienten und erhalten eine praxisnahe Ausbildung an modernen Medizin- und Laborger\u00e4ten.<\/p>\t\t\t\t\t\t\t\t<\/div>\n\t\t\t\t<\/div>\n\t\t<div class=\"elementor-element elementor-element-62e5ce3 bg-darker-green e-flex e-con-boxed e-con e-child\" data-id=\"62e5ce3\" data-element_type=\"container\" data-settings=\"{&quot;background_background&quot;:&quot;classic&quot;}\">\n\t\t\t\t\t<div class=\"e-con-inner\">\n\t\t\t\t<div class=\"elementor-element elementor-element-bf9fb59 elementor-widget elementor-widget-heading\" data-id=\"bf9fb59\" data-element_type=\"widget\" data-widget_type=\"heading.default\">\n\t\t\t\t<div class=\"elementor-widget-container\">\n\t\t\t\t\t<div class=\"elementor-heading-title elementor-size-default\">Neue Nachrichten<\/div>\t\t\t\t<\/div>\n\t\t\t\t<\/div>\n\t\t\t\t<div class=\"elementor-element elementor-element-53725d9 elementor-widget elementor-widget-text-editor\" data-id=\"53725d9\" data-element_type=\"widget\" data-widget_type=\"text-editor.default\">\n\t\t\t\t<div class=\"elementor-widget-container\">\n\t\t\t\t\t\t\t\t\t<p>Die CSHS wurde im August 2023 in einem Artikel in der Vatikan-Zeitung erw\u00e4hnt: <em>siehe OSSERVATORE ROMANO\u00a0<\/em><a href=\"https:\/\/www.osservatoreromano.va\/en\/news\/2023-08\/ing-031\/walking-together-with-the-gospel-of-creation.html\" target=\"_blank\" rel=\"noopener\">Read it now!<\/a><\/p>\t\t\t\t\t\t\t\t<\/div>\n\t\t\t\t<\/div>\n\t\t\t\t\t<\/div>\n\t\t\t\t<\/div>\n\t\t\t\t<\/div>\n\t\t<div class=\"elementor-element elementor-element-e541009 e-con-full e-flex e-con e-child\" data-id=\"e541009\" data-element_type=\"container\" data-settings=\"{&quot;background_background&quot;:&quot;classic&quot;}\">\n\t\t\t\t<\/div>\n\t\t\t\t<\/div>\n\t\t<div class=\"elementor-element elementor-element-9376473 e-con-full bg-darker-green e-flex e-con e-parent\" data-id=\"9376473\" data-element_type=\"container\" data-settings=\"{&quot;background_background&quot;:&quot;classic&quot;}\">\n\t\t<div class=\"elementor-element elementor-element-292692b e-con-full e-flex e-con e-child\" data-id=\"292692b\" data-element_type=\"container\">\n\t\t\t\t<div class=\"elementor-element elementor-element-e3e0dcb elementor-widget elementor-widget-heading\" data-id=\"e3e0dcb\" data-element_type=\"widget\" data-widget_type=\"heading.default\">\n\t\t\t\t<div class=\"elementor-widget-container\">\n\t\t\t\t\t<h2 class=\"elementor-heading-title elementor-size-default\">Auf dem Weg zu einer Generation ges\u00fcnderer Kinder - und M\u00fctter<\/h2>\t\t\t\t<\/div>\n\t\t\t\t<\/div>\n\t\t\t\t<div class=\"elementor-element elementor-element-056805a elementor-widget elementor-widget-text-editor\" data-id=\"056805a\" data-element_type=\"widget\" data-widget_type=\"text-editor.default\">\n\t\t\t\t<div class=\"elementor-widget-container\">\n\t\t\t\t\t\t\t\t\t<div class=\"translation-block\"><p>Die erschreckend hohe Kindersterblichkeitsrate in Kamerun, die 50-mal h\u00f6her ist als in der Europ\u00e4ischen Union, ist das Ziel des Hebammenprogramms, des CSHS. Hier werden die Studenten*Innen unterrichtet, M\u00fctter vom Anfang der Schwangerschaft an bis ans Ende des S\u00e4uglingsalters des Kindes zu begleiten.<\/p><p>\n<\/p><p>Praktische Kurse zu Geburt, Krankheitsvorsorge und Betreuung von Neugeborenen werden durch Schulungen unter Ber\u00fccksichtigung der besonderen Bed\u00fcrfnisse der unterversorgten werdenden M\u00fctter Kameruns erg\u00e4nzt.<\/p><p>Da Gesundheitskompetenz in Kamerun eine anhaltende Herausforderung darstellt, ist die Gesundheitserziehung ein zentraler Bestandteil des Hebammenprogramms. Die Sch\u00fcler*Innen lernen, wie sie werdenden M\u00fcttern etwas \u00fcber die Ern\u00e4hrung, K\u00f6rperpflege und Selbstf\u00fcrsorge beibringen k\u00f6nnen.<\/div>\t\t\t\t\t\t\t\t<\/div>\n\t\t\t\t<\/div>\n\t\t\t\t<\/div>\n\t\t<div class=\"elementor-element elementor-element-8335d2b e-con-full e-flex e-con e-child\" data-id=\"8335d2b\" data-element_type=\"container\" data-settings=\"{&quot;background_background&quot;:&quot;classic&quot;}\">\n\t\t\t\t<\/div>\n\t\t\t\t<\/div>\n\t\t<div class=\"elementor-element elementor-element-0bc1ea0 e-con-full bg-army-green e-flex e-con e-parent\" data-id=\"0bc1ea0\" data-element_type=\"container\" data-settings=\"{&quot;background_background&quot;:&quot;classic&quot;}\">\n\t\t<div class=\"elementor-element elementor-element-ad4cb21 e-con-full e-flex e-con e-child\" data-id=\"ad4cb21\" data-element_type=\"container\">\n\t\t\t\t<div class=\"elementor-element elementor-element-00b3af4 elementor-widget elementor-widget-heading\" data-id=\"00b3af4\" data-element_type=\"widget\" data-widget_type=\"heading.default\">\n\t\t\t\t<div class=\"elementor-widget-container\">\n\t\t\t\t\t<h2 class=\"elementor-heading-title elementor-size-default\">Vor Ort ausgebildet<\/h2>\t\t\t\t<\/div>\n\t\t\t\t<\/div>\n\t\t\t\t<div class=\"elementor-element elementor-element-70f501b elementor-widget elementor-widget-text-editor\" data-id=\"70f501b\" data-element_type=\"widget\" data-widget_type=\"text-editor.default\">\n\t\t\t\t<div class=\"elementor-widget-container\">\n\t\t\t\t\t\t\t\t\t<p>CSHS-Absolventen*Innen geh\u00f6ren zu den bestqualifizierten Studienabg\u00e4nger*Innen in Kamerun. W\u00e4hrend Absolventen*Innen wichtige F\u00fchrungspositionen in Krankenh\u00e4usern und Labors bekleiden, sind es andere Absolventen*Innen, die in den D\u00f6rfern und l\u00e4ndlichen Gebieten arbeiten und das Leben der Menschen dort wesentlich zum Besseren ver\u00e4ndern.<\/p><p>\u00a0<\/p>\t\t\t\t\t\t\t\t<\/div>\n\t\t\t\t<\/div>\n\t\t\t\t<\/div>\n\t\t<div class=\"elementor-element elementor-element-3d132a9 e-con-full e-flex e-con e-child\" data-id=\"3d132a9\" data-element_type=\"container\" data-settings=\"{&quot;background_background&quot;:&quot;classic&quot;}\">\n\t\t\t\t<div class=\"elementor-element elementor-element-0f8ee40 elementor-widget elementor-widget-video\" data-id=\"0f8ee40\" data-element_type=\"widget\" data-settings=\"{&quot;youtube_url&quot;:&quot;https:\\\/\\\/youtu.be\\\/6Gb4QgYtU74&quot;,&quot;video_type&quot;:&quot;youtube&quot;,&quot;controls&quot;:&quot;yes&quot;}\" data-widget_type=\"video.default\">\n\t\t\t\t<div class=\"elementor-widget-container\">\n\t\t\t\t\t\t\t<div class=\"elementor-wrapper elementor-open-inline\">\n\t\t\t<div class=\"elementor-video\"><\/div>\t\t<\/div>\n\t\t\t\t\t\t<\/div>\n\t\t\t\t<\/div>\n\t\t\t\t<\/div>\n\t\t\t\t<\/div>\n\t\t<div class=\"elementor-element elementor-element-bdcc0e4 e-con-full bg-irish-mint e-flex e-con e-parent\" data-id=\"bdcc0e4\" data-element_type=\"container\" data-settings=\"{&quot;background_background&quot;:&quot;classic&quot;}\">\n\t\t<div class=\"elementor-element elementor-element-ca174a8 e-con-full e-flex e-con e-child\" data-id=\"ca174a8\" data-element_type=\"container\">\n\t\t\t\t<div class=\"elementor-element elementor-element-12c020c elementor-widget elementor-widget-heading\" data-id=\"12c020c\" data-element_type=\"widget\" data-widget_type=\"heading.default\">\n\t\t\t\t<div class=\"elementor-widget-container\">\n\t\t\t\t\t<h2 class=\"elementor-heading-title elementor-size-default\">Gemeinschaft, Freundschaft und Glaube<\/h2>\t\t\t\t<\/div>\n\t\t\t\t<\/div>\n\t\t\t\t<div class=\"elementor-element elementor-element-1401bd9 elementor-widget elementor-widget-text-editor\" data-id=\"1401bd9\" data-element_type=\"widget\" data-widget_type=\"text-editor.default\">\n\t\t\t\t<div class=\"elementor-widget-container\">\n\t\t\t\t\t\t\t\t\t<p>Die Studenten*Innen lernen und trainieren drei Jahre lang tage- und n\u00e4chtelang. Aber CSHS ist mehr als eine Schule. Es ist eine Wohngemeinschaft, die sich an den Grunds\u00e4tzen unseres katholischen Glaubens orientiert.<\/p><p>Ein typischer Tag beginnt mit einem Morgengebet, gefolgt vom ganzt\u00e4gigen Unterricht oder praktischer Ausbildung. Auf die pastorale Betreuung der Student*Innen wird Wert gelegt. Auch die Sakramente der katholischen Kirche werden regelm\u00e4\u00dfig angeboten.<\/p>\t\t\t\t\t\t\t\t<\/div>\n\t\t\t\t<\/div>\n\t\t\t\t<\/div>\n\t\t<div class=\"elementor-element elementor-element-3a52c07 e-con-full e-flex e-con e-child\" data-id=\"3a52c07\" data-element_type=\"container\" data-settings=\"{&quot;background_background&quot;:&quot;classic&quot;}\">\n\t\t\t\t<\/div>\n\t\t\t\t<\/div>\n\t\t<div class=\"elementor-element elementor-element-8665eee e-con-full bg-midnight e-flex e-con e-parent\" data-id=\"8665eee\" data-element_type=\"container\" data-settings=\"{&quot;background_background&quot;:&quot;classic&quot;}\">\n\t\t<div class=\"elementor-element elementor-element-491f8db e-con-full e-flex e-con e-child\" data-id=\"491f8db\" data-element_type=\"container\">\n\t\t\t\t<div class=\"elementor-element elementor-element-ebbeeb5 elementor-widget elementor-widget-heading\" data-id=\"ebbeeb5\" data-element_type=\"widget\" data-widget_type=\"heading.default\">\n\t\t\t\t<div class=\"elementor-widget-container\">\n\t\t\t\t\t<h2 class=\"elementor-heading-title elementor-size-default\">Wie du helfen kannst<\/h2>\t\t\t\t<\/div>\n\t\t\t\t<\/div>\n\t\t\t\t<div class=\"elementor-element elementor-element-124580e elementor-widget elementor-widget-text-editor\" data-id=\"124580e\" data-element_type=\"widget\" data-widget_type=\"text-editor.default\">\n\t\t\t\t<div class=\"elementor-widget-container\">\n\t\t\t\t\t\t\t\t\t<div class=\"translation-block\">Die Gesundheitsversorgung in Kamerun ist sowohl teuer als auch stark unterfinanziert.<\/p><p>Die Katholische Fakult\u00e4t f\u00fcr Gesundheitswissenschaften erh\u00e4lt, wie alle unsere Einrichtungen in Kamerun, nur geringe Mittel aus Regierungs- und NGO-Quellen.\nStudiengeb\u00fchren sind f\u00fcr einen Gro\u00dfteil unserer Studierenden unerschwinglich.<\/p><p>\n30 % unserer Studierenden bestehen ihre Aufnahmepr\u00fcfungen, k\u00f6nnen sich aber die Studiengeb\u00fchren nicht leisten.<\/p><p>Ihre Ausbildung wird vollst\u00e4ndig von Spenden finanziert.\nWenn Sie unserer Schule eine Spende zukommen lassen, werden wir diese, unabh\u00e4ngig von der H\u00f6he, sofort, sinnvoll und zweckbestimmt einsetzen.<\/p><\/div>\t\t\t\t\t\t\t\t<\/div>\n\t\t\t\t<\/div>\n\t\t\t\t<div class=\"elementor-element elementor-element-6973441 elementor-align-center elementor-widget elementor-widget-button\" data-id=\"6973441\" data-element_type=\"widget\" data-widget_type=\"button.default\">\n\t\t\t\t<div class=\"elementor-widget-container\">\n\t\t\t\t\t\t\t\t\t<div class=\"elementor-button-wrapper\">\n\t\t\t\t\t<a class=\"elementor-button elementor-button-link elementor-size-xs elementor-animation-grow\" href=\"https:\/\/tertiarysisters.org\/de\/spende\/\">\n\t\t\t\t\t\t<span class=\"elementor-button-content-wrapper\">\n\t\t\t\t\t\t\t\t\t<span class=\"elementor-button-text\">Gib eine Spende<\/span>\n\t\t\t\t\t<\/span>\n\t\t\t\t\t<\/a>\n\t\t\t\t<\/div>\n\t\t\t\t\t\t\t\t<\/div>\n\t\t\t\t<\/div>\n\t\t\t\t<\/div>\n\t\t<div class=\"elementor-element elementor-element-f837098 e-con-full e-flex e-con e-child\" data-id=\"f837098\" data-element_type=\"container\" data-settings=\"{&quot;background_background&quot;:&quot;classic&quot;}\">\n\t\t\t\t<\/div>\n\t\t\t\t<\/div>\n\t\t\t\t<\/div>","protected":false},"excerpt":{"rendered":"<p>Catholic School of Health SciencesShisong, Cameroon Training the next generation of Cameroon&#8217;s health professionals An education tailored for healthcare challenges Cameroon&#8217;s healthcare system faces challenges on nearly every front. The country has an extreme shortage of doctors, understaffed and under-equipped facilities, and has very high rates of infant mortality and infectious disease. These problems are [&hellip;]<\/p>","protected":false},"author":1,"featured_media":531,"parent":0,"menu_order":0,"comment_status":"closed","ping_status":"closed","template":"","meta":{"_acf_changed":false,"cybocfi_hide_featured_image":"","footnotes":""},"categories":[8],"class_list":["post-521","page","type-page","status-publish","has-post-thumbnail","hentry","category-transparent-header-c"],"acf":[],"_links":{"self":[{"href":"https:\/\/tertiarysisters.org\/de\/wp-json\/wp\/v2\/pages\/521","targetHints":{"allow":["GET"]}}],"collection":[{"href":"https:\/\/tertiarysisters.org\/de\/wp-json\/wp\/v2\/pages"}],"about":[{"href":"https:\/\/tertiarysisters.org\/de\/wp-json\/wp\/v2\/types\/page"}],"author":[{"embeddable":true,"href":"https:\/\/tertiarysisters.org\/de\/wp-json\/wp\/v2\/users\/1"}],"replies":[{"embeddable":true,"href":"https:\/\/tertiarysisters.org\/de\/wp-json\/wp\/v2\/comments?post=521"}],"version-history":[{"count":142,"href":"https:\/\/tertiarysisters.org\/de\/wp-json\/wp\/v2\/pages\/521\/revisions"}],"predecessor-version":[{"id":3761,"href":"https:\/\/tertiarysisters.org\/de\/wp-json\/wp\/v2\/pages\/521\/revisions\/3761"}],"wp:featuredmedia":[{"embeddable":true,"href":"https:\/\/tertiarysisters.org\/de\/wp-json\/wp\/v2\/media\/531"}],"wp:attachment":[{"href":"https:\/\/tertiarysisters.org\/de\/wp-json\/wp\/v2\/media?parent=521"}],"wp:term":[{"taxonomy":"category","embeddable":true,"href":"https:\/\/tertiarysisters.org\/de\/wp-json\/wp\/v2\/categories?post=521"}],"curies":[{"name":"wp","href":"https:\/\/api.w.org\/{rel}","templated":true}]}}