{"id":668,"date":"2023-06-06T22:32:51","date_gmt":"2023-06-07T02:32:51","guid":{"rendered":"https:\/\/tertiarysisters.org\/?page_id=668"},"modified":"2023-12-03T04:37:28","modified_gmt":"2023-12-03T09:37:28","slug":"jedes-kind-hat-ein-recht-auf-bildung-wie-gross-die-herausforderungen-auch-sind","status":"publish","type":"page","link":"https:\/\/tertiarysisters.org\/de\/jedes-kind-hat-ein-recht-auf-bildung-wie-gross-die-herausforderungen-auch-sind\/","title":{"rendered":"Teaching Every Child in Rural Bolivia"},"content":{"rendered":"<div data-elementor-type=\"wp-page\" data-elementor-id=\"668\" class=\"elementor elementor-668\" data-elementor-post-type=\"page\">\n\t\t\t\t<div class=\"elementor-element elementor-element-4b2f8ca hero-page e-flex e-con-boxed e-con e-parent\" data-id=\"4b2f8ca\" data-element_type=\"container\" data-settings=\"{&quot;background_background&quot;:&quot;classic&quot;}\">\n\t\t\t\t\t<div class=\"e-con-inner\">\n\t\t<div class=\"elementor-element elementor-element-d1c6995 hero-title e-flex e-con-boxed e-con e-child\" data-id=\"d1c6995\" data-element_type=\"container\" data-settings=\"{&quot;background_background&quot;:&quot;classic&quot;}\">\n\t\t\t\t\t<div class=\"e-con-inner\">\n\t\t\t\t<div class=\"elementor-element elementor-element-3eb4d0c hero-overline elementor-widget elementor-widget-text-editor\" data-id=\"3eb4d0c\" data-element_type=\"widget\" data-widget_type=\"text-editor.default\">\n\t\t\t\t<div class=\"elementor-widget-container\">\n\t\t\t\t\t\t\t\t\t<p>Centro Tau<br \/>Ascensi\u00f3n de Guarayos, Bolivien<\/p>\t\t\t\t\t\t\t\t<\/div>\n\t\t\t\t<\/div>\n\t\t\t\t<div class=\"elementor-element elementor-element-801aacd elementor-widget-divider--view-line elementor-widget elementor-widget-divider\" data-id=\"801aacd\" data-element_type=\"widget\" data-widget_type=\"divider.default\">\n\t\t\t\t<div class=\"elementor-widget-container\">\n\t\t\t\t\t\t\t<div class=\"elementor-divider\">\n\t\t\t<span class=\"elementor-divider-separator\">\n\t\t\t\t\t\t<\/span>\n\t\t<\/div>\n\t\t\t\t\t\t<\/div>\n\t\t\t\t<\/div>\n\t\t\t\t<div class=\"elementor-element elementor-element-d68474d elementor-widget elementor-widget-heading\" data-id=\"d68474d\" data-element_type=\"widget\" data-widget_type=\"heading.default\">\n\t\t\t\t<div class=\"elementor-widget-container\">\n\t\t\t\t\t<h2 class=\"elementor-heading-title elementor-size-default\">Jedes Kind hat ein Recht auf Bildung, wie gro\u00df die Herausforderungen auch sind<\/h2>\t\t\t\t<\/div>\n\t\t\t\t<\/div>\n\t\t\t\t\t<\/div>\n\t\t\t\t<\/div>\n\t\t\t\t\t<\/div>\n\t\t\t\t<\/div>\n\t\t<div class=\"elementor-element elementor-element-3ecfb92 e-con-full bg-mint-green e-flex e-con e-parent\" data-id=\"3ecfb92\" data-element_type=\"container\" data-settings=\"{&quot;background_background&quot;:&quot;classic&quot;}\">\n\t\t<div class=\"elementor-element elementor-element-98f92ee e-con-full e-flex e-con e-child\" data-id=\"98f92ee\" data-element_type=\"container\">\n\t\t\t\t<div class=\"elementor-element elementor-element-5ed03b6 elementor-widget elementor-widget-heading\" data-id=\"5ed03b6\" data-element_type=\"widget\" data-widget_type=\"heading.default\">\n\t\t\t\t<div class=\"elementor-widget-container\">\n\t\t\t\t\t<h2 class=\"elementor-heading-title elementor-size-default\">Bildung, F\u00fcrsorge und Zuwendung f\u00fcr Kinder mit besonderen Bed\u00fcrfnissen in einem l\u00e4ndlichen Gebiet in Bolivien.<\/h2>\t\t\t\t<\/div>\n\t\t\t\t<\/div>\n\t\t\t\t<div class=\"elementor-element elementor-element-3ce157e elementor-widget elementor-widget-text-editor\" data-id=\"3ce157e\" data-element_type=\"widget\" data-widget_type=\"text-editor.default\">\n\t\t\t\t<div class=\"elementor-widget-container\">\n\t\t\t\t\t\t\t\t\t<p>Selbst in den reichsten L\u00e4ndern mit den besten Schulsystemen ist es eine enorme Herausforderung, Kindern mit besonderen Bed\u00fcrfnissen eine qualitativ hochwertige Bildung zukommen zu lassen. In armen L\u00e4ndern wie Bolivien, in denen es an finaziellen Mitteln, Fachwissen und staatlicher Unterst\u00fctzung mangelt, fallen diese Kinder oft v\u00f6llig durch die Maschen und erhalten \u00fcberhaupt keine Schulbildung.<\/p><p>CENTRO TAU , 2010 von den Tertiarschwestern gegr\u00fcndet und gef\u00fchrt, ist eine der wenigen vom Staat anerkannten Sonderschulen in der abgelegenen Region Ost-Boliviens. Eine ausgesprochene Entwicklungs- und Missionsarbeit! Hier arbeiten die Lehrer*Innen, Psychologen*Innen und andere Fachkr\u00e4fte mit den Schwestern zusammen, um ein sicheres und f\u00f6rderliches Umfeld zu schaffen, in dem Sch\u00fcler*Innen im Alter von 6 bis 15 Jahren soziale und praktische Kompetenzen f\u00fcr ihr Leben, akademische Kenntnisse sowie menschliche und christliche Werte erlernen.<\/p><p>Centro Tau teilt sich einen Campus mit dem Ern\u00e4hrungszentrum SANTA CLARA, das ebenfalls von den Tertiarschwestern gef\u00fchrt wird und in den mehr als 40.000 von extremer Armut betroffenen Ureinwohnern der Region - 37% von ihnen sind Kinder - dient. Santa Clara bietet Ern\u00e4hrungs- und Gesundheitsberatung, medizinische und soziale Hilfe und verteilt Baby- und Kindernahrung.<\/p><p>Sr. Yanira Leida Justiniano , die Verantwortliche von Santa Clara, dankt Fr. Dr. Ute Glock, der Mitgr\u00fcnderin des CENTRO TAU, und der Missionszentrale der Franziskaner f\u00fcr ihre wertvolle und langj\u00e4hrige Unterst\u00fctzung!<\/p>\t\t\t\t\t\t\t\t<\/div>\n\t\t\t\t<\/div>\n\t\t<div class=\"elementor-element elementor-element-bbba307 hypebox bg-dark-green-text e-flex e-con-boxed e-con e-child\" data-id=\"bbba307\" data-element_type=\"container\" data-settings=\"{&quot;background_background&quot;:&quot;classic&quot;}\">\n\t\t\t\t\t<div class=\"e-con-inner\">\n\t\t\t\t<div class=\"elementor-element elementor-element-d872d37 elementor-widget__width-initial elementor-widget elementor-widget-text-editor\" data-id=\"d872d37\" data-element_type=\"widget\" data-widget_type=\"text-editor.default\">\n\t\t\t\t<div class=\"elementor-widget-container\">\n\t\t\t\t\t\t\t\t\t<p>Das Centro Tau erh\u00e4lt von der bolivianischen Regierung nur sehr begrenzte Mittel. Die Familien zahlen nichts f\u00fcr die Ausbildung ihrer Kinder. <strong>Mehr als 95% unserer Aktivit\u00e4ten werden von Spenden finanziert.<\/strong><\/p><p>Wenn Sie in der Lage sind, uns <a href=\"https:\/\/tertiarysisters.org\/de\/spende\/\">eine Spende zukommen zu lassen,<\/a> freuen wir uns sehr dar\u00fcber und sind Ihnen sehr dankbar. Wir werden Ihre Spende zweckbestimmt und sofort einsetzen.<\/p>\t\t\t\t\t\t\t\t<\/div>\n\t\t\t\t<\/div>\n\t\t\t\t<div class=\"elementor-element elementor-element-16cb68c elementor-align-center elementor-widget elementor-widget-button\" data-id=\"16cb68c\" data-element_type=\"widget\" data-widget_type=\"button.default\">\n\t\t\t\t<div class=\"elementor-widget-container\">\n\t\t\t\t\t\t\t\t\t<div class=\"elementor-button-wrapper\">\n\t\t\t\t\t<a class=\"elementor-button elementor-button-link elementor-size-xs elementor-animation-grow\" href=\"https:\/\/tertiarysisters.org\/de\/spende\/\">\n\t\t\t\t\t\t<span class=\"elementor-button-content-wrapper\">\n\t\t\t\t\t\t\t\t\t<span class=\"elementor-button-text\">Gib eine Spende<\/span>\n\t\t\t\t\t<\/span>\n\t\t\t\t\t<\/a>\n\t\t\t\t<\/div>\n\t\t\t\t\t\t\t\t<\/div>\n\t\t\t\t<\/div>\n\t\t\t\t\t<\/div>\n\t\t\t\t<\/div>\n\t\t\t\t<\/div>\n\t\t<div class=\"elementor-element elementor-element-3a9b4a6 e-flex e-con-boxed e-con e-child\" data-id=\"3a9b4a6\" data-element_type=\"container\">\n\t\t\t\t\t<div class=\"e-con-inner\">\n\t\t\t\t<div class=\"elementor-element elementor-element-ac004fd elementor-widget elementor-widget-heading\" data-id=\"ac004fd\" data-element_type=\"widget\" data-widget_type=\"heading.default\">\n\t\t\t\t<div class=\"elementor-widget-container\">\n\t\t\t\t\t<div class=\"elementor-heading-title elementor-size-default\">Auf einen blick<\/div>\t\t\t\t<\/div>\n\t\t\t\t<\/div>\n\t\t\t\t<div class=\"elementor-element elementor-element-0bb8511 elementor-icon-list--layout-traditional elementor-list-item-link-full_width elementor-widget elementor-widget-icon-list\" data-id=\"0bb8511\" data-element_type=\"widget\" data-widget_type=\"icon-list.default\">\n\t\t\t\t<div class=\"elementor-widget-container\">\n\t\t\t\t\t\t\t<ul class=\"elementor-icon-list-items\">\n\t\t\t\t\t\t\t<li class=\"elementor-icon-list-item\">\n\t\t\t\t\t\t\t\t\t\t\t<span class=\"elementor-icon-list-icon\">\n\t\t\t\t\t\t\t<i aria-hidden=\"true\" class=\"fas fa-square-full\"><\/i>\t\t\t\t\t\t<\/span>\n\t\t\t\t\t\t\t\t\t\t<span class=\"elementor-icon-list-text\">90 eingeschriebene Sch\u00fcler*Innen<\/span>\n\t\t\t\t\t\t\t\t\t<\/li>\n\t\t\t\t\t\t\t\t<li class=\"elementor-icon-list-item\">\n\t\t\t\t\t\t\t\t\t\t\t<span class=\"elementor-icon-list-icon\">\n\t\t\t\t\t\t\t<i aria-hidden=\"true\" class=\"fas fa-square-full\"><\/i>\t\t\t\t\t\t<\/span>\n\t\t\t\t\t\t\t\t\t\t<span class=\"elementor-icon-list-text\">Betreuung von Sch\u00fcler*Innen mit Autismus, Down Syndrom und anderen geistigen- und physischen Behinderungen<\/span>\n\t\t\t\t\t\t\t\t\t<\/li>\n\t\t\t\t\t\t\t\t<li class=\"elementor-icon-list-item\">\n\t\t\t\t\t\t\t\t\t\t\t<span class=\"elementor-icon-list-icon\">\n\t\t\t\t\t\t\t<i aria-hidden=\"true\" class=\"fas fa-square-full\"><\/i>\t\t\t\t\t\t<\/span>\n\t\t\t\t\t\t\t\t\t\t<span class=\"elementor-icon-list-text\">Eine der wenigen Sonderschulen in der riesigen Provinz im Osten Boliviens<\/span>\n\t\t\t\t\t\t\t\t\t<\/li>\n\t\t\t\t\t\t\t\t<li class=\"elementor-icon-list-item\">\n\t\t\t\t\t\t\t\t\t\t\t<span class=\"elementor-icon-list-icon\">\n\t\t\t\t\t\t\t<i aria-hidden=\"true\" class=\"fas fa-square-full\"><\/i>\t\t\t\t\t\t<\/span>\n\t\t\t\t\t\t\t\t\t\t<span class=\"elementor-icon-list-text\">Mehr als 95% der Betriebskosten werden durch Spenden finanziert<\/span>\n\t\t\t\t\t\t\t\t\t<\/li>\n\t\t\t\t\t\t<\/ul>\n\t\t\t\t\t\t<\/div>\n\t\t\t\t<\/div>\n\t\t\t\t<div class=\"elementor-element elementor-element-8c66170 elementor-widget elementor-widget-uael-google-map\" data-id=\"8c66170\" data-element_type=\"widget\" data-settings=\"{&quot;zoom_control&quot;:&quot;yes&quot;,&quot;fullscreen_control&quot;:&quot;yes&quot;}\" data-widget_type=\"uael-google-map.default\">\n\t\t\t\t<div class=\"elementor-widget-container\">\n\t\t\t\t\t\t\t<div class=\"uael-google-map-wrap\">\n\t\t\t<div id=\"uael-google-map-8c66170\" class=\"uael-google-map\" data-map_options=\"{&quot;zoom&quot;:5,&quot;mapTypeId&quot;:&quot;roadmap&quot;,&quot;mapTypeControl&quot;:false,&quot;streetViewControl&quot;:false,&quot;zoomControl&quot;:true,&quot;fullscreenControl&quot;:true,&quot;gestureHandling&quot;:true}\" data-cluster=\"no\" data-cluster-attr=\"[]\" data-max-width=\"250\" data-locations=\"[[&quot;-15.886451744250792&quot;,&quot;-63.18396608910939&quot;,false,&quot;Bolivia&quot;,null,&quot;&quot;,&quot;&quot;,&quot;&quot;,&quot;&quot;]]\" data-animate=\"\" data-auto-center=\"center\" data-predefined-style=\"magnesium\"><\/div>\n\t\t<\/div>\n\t\t\t\t\t\t<\/div>\n\t\t\t\t<\/div>\n\t\t\t\t\t<\/div>\n\t\t\t\t<\/div>\n\t\t\t\t<\/div>\n\t\t<div class=\"elementor-element elementor-element-af06852 e-con-full bg-irish-mint e-flex e-con e-parent\" data-id=\"af06852\" data-element_type=\"container\" data-settings=\"{&quot;background_background&quot;:&quot;classic&quot;}\">\n\t\t<div class=\"elementor-element elementor-element-e0d965c e-con-full e-flex e-con e-child\" data-id=\"e0d965c\" data-element_type=\"container\">\n\t\t\t\t<div class=\"elementor-element elementor-element-596b8a2 elementor-widget elementor-widget-heading\" data-id=\"596b8a2\" data-element_type=\"widget\" data-widget_type=\"heading.default\">\n\t\t\t\t<div class=\"elementor-widget-container\">\n\t\t\t\t\t<h2 class=\"elementor-heading-title elementor-size-default\">Es begann \nmit Begeisterung \nund Mut!<\/h2>\t\t\t\t<\/div>\n\t\t\t\t<\/div>\n\t\t\t\t<div class=\"elementor-element elementor-element-4da081e elementor-widget elementor-widget-text-editor\" data-id=\"4da081e\" data-element_type=\"widget\" data-widget_type=\"text-editor.default\">\n\t\t\t\t<div class=\"elementor-widget-container\">\n\t\t\t\t\t\t\t\t\t<p>Die Herausforderungen sind vielf\u00e4ltig: Armut, geringe staatliche Mittel und nat\u00fcrlich die \u00dcberwindung geistiger Behinderungen.<\/p><p>Aber im Centro Tau ist die Liebe gr\u00f6\u00dfer: die Liebe zu jedem einzelnen von Gottes Kindern. Die Freude, die wir haben, wenn wir sehen, wie diese Kinder wachsen, lernen, lachen und neue Freunde finden.<\/p><p>Es ist eine schwierige Aufgabe, aber eine, die uns bereichert, wenn wir unseren Sch\u00fcler*Innen helfen, ihre ihnen von Gott gegebenen Talente zu verwirklichen.<\/p>\t\t\t\t\t\t\t\t<\/div>\n\t\t\t\t<\/div>\n\t\t\t\t<\/div>\n\t\t<div class=\"elementor-element elementor-element-e541009 e-con-full e-flex e-con e-child\" data-id=\"e541009\" data-element_type=\"container\" data-settings=\"{&quot;background_background&quot;:&quot;classic&quot;}\">\n\t\t\t\t<\/div>\n\t\t\t\t<\/div>\n\t\t<div class=\"elementor-element elementor-element-9376473 e-con-full bg-darker-green e-flex e-con e-parent\" data-id=\"9376473\" data-element_type=\"container\" data-settings=\"{&quot;background_background&quot;:&quot;classic&quot;}\">\n\t\t<div class=\"elementor-element elementor-element-292692b e-con-full e-flex e-con e-child\" data-id=\"292692b\" data-element_type=\"container\">\n\t\t\t\t<div class=\"elementor-element elementor-element-00b3af4 elementor-widget elementor-widget-heading\" data-id=\"00b3af4\" data-element_type=\"widget\" data-widget_type=\"heading.default\">\n\t\t\t\t<div class=\"elementor-widget-container\">\n\t\t\t\t\t<h2 class=\"elementor-heading-title elementor-size-default\">Freunde, Spa\u00df und Glaube<\/h2>\t\t\t\t<\/div>\n\t\t\t\t<\/div>\n\t\t\t\t<div class=\"elementor-element elementor-element-056805a elementor-widget elementor-widget-text-editor\" data-id=\"056805a\" data-element_type=\"widget\" data-widget_type=\"text-editor.default\">\n\t\t\t\t<div class=\"elementor-widget-container\">\n\t\t\t\t\t\t\t\t\t<p>F\u00fcr Kinder mit besonderen Bed\u00fcrfnissen ist es schwierig Freunde zu finden, sich zugeh\u00f6rig zu f\u00fchlen und sich einzuf\u00fcgen. Dies gilt umso mehr f\u00fcr Kinder, die in Armut leben und kaum Zugang zu spezieller Bildung und sozialen Diensten haben.<\/p><p>Die Gruppendynamik steht im Mittelpunkt der Erfahrung des Centro Tau. Fast f\u00fcr alle unserer Sch\u00fcler*Innen ist ihre Erfahrung im Centro Tau das erste Mal in ihrem Leben, dass sie mit Gleichaltrigen spielen und so Beziehungen aufbauen k\u00f6nnen. Die Freundschaften aus der Kindheit, die anderen Kindern leichtfallen, ver\u00e4ndern das Leben unserer Sch\u00fcler*Innen wesentlich.<\/p>\t\t\t\t\t\t\t\t<\/div>\n\t\t\t\t<\/div>\n\t\t\t\t<\/div>\n\t\t<div class=\"elementor-element elementor-element-8335d2b e-con-full e-flex e-con e-child\" data-id=\"8335d2b\" data-element_type=\"container\" data-settings=\"{&quot;background_background&quot;:&quot;classic&quot;}\">\n\t\t\t\t<\/div>\n\t\t\t\t<\/div>\n\t\t<div class=\"elementor-element elementor-element-bdcc0e4 e-con-full bg-army-green e-flex e-con e-parent\" data-id=\"bdcc0e4\" data-element_type=\"container\" data-settings=\"{&quot;background_background&quot;:&quot;classic&quot;}\">\n\t\t<div class=\"elementor-element elementor-element-ca174a8 e-con-full e-flex e-con e-child\" data-id=\"ca174a8\" data-element_type=\"container\">\n\t\t\t\t<div class=\"elementor-element elementor-element-e3e0dcb elementor-widget elementor-widget-heading\" data-id=\"e3e0dcb\" data-element_type=\"widget\" data-widget_type=\"heading.default\">\n\t\t\t\t<div class=\"elementor-widget-container\">\n\t\t\t\t\t<h2 class=\"elementor-heading-title elementor-size-default\">Kompetenzen f\u00fcr das Leben<\/h2>\t\t\t\t<\/div>\n\t\t\t\t<\/div>\n\t\t\t\t<div class=\"elementor-element elementor-element-70f501b elementor-widget elementor-widget-text-editor\" data-id=\"70f501b\" data-element_type=\"widget\" data-widget_type=\"text-editor.default\">\n\t\t\t\t<div class=\"elementor-widget-container\">\n\t\t\t\t\t\t\t\t\t<p>Ein typischer Schultag beinhaltet Unterricht im Lesen und Schreiben und in  Mathematik.\u00a0<\/p><p>Das Lehrpersonal gibt Unterricht, in dem soziale und praktische Lebenskompetenzen vermittelt und gest\u00e4rkt werden. Sr. Andrea Schett, die Gr\u00fcnderin und Koordinatorin des Centro Tau gibt Unterricht zu menschlichen und christlichen Werten. Freiwillige bieten Kunst- und Bastelkurse sowie Sport-, Tanz- und Gesangsunterricht an.<\/p><p>Wir arbeiten eng mit den Familien der Sch\u00fcler*Innen zusammen, um sicherzustellen, dass die Angeh\u00f6rigen an den Fortschritten, die sie in der Schule machen zu Hause weiterarbeiten und bieten den bed\u00fcrftigen Familien Zugang zu Lebensmitteln, Beratung und medizinischen Leistungen an.<\/p>\t\t\t\t\t\t\t\t<\/div>\n\t\t\t\t<\/div>\n\t\t\t\t<\/div>\n\t\t<div class=\"elementor-element elementor-element-3a52c07 e-con-full e-flex e-con e-child\" data-id=\"3a52c07\" data-element_type=\"container\" data-settings=\"{&quot;background_background&quot;:&quot;classic&quot;}\">\n\t\t\t\t<\/div>\n\t\t\t\t<\/div>\n\t\t<div class=\"elementor-element elementor-element-c2c7dca e-con-full bg-irish-mint e-flex e-con e-parent\" data-id=\"c2c7dca\" data-element_type=\"container\" data-settings=\"{&quot;background_background&quot;:&quot;classic&quot;}\">\n\t\t<div class=\"elementor-element elementor-element-296888f e-con-full e-flex e-con e-child\" data-id=\"296888f\" data-element_type=\"container\">\n\t\t\t\t<div class=\"elementor-element elementor-element-c46eae5 elementor-widget elementor-widget-heading\" data-id=\"c46eae5\" data-element_type=\"widget\" data-widget_type=\"heading.default\">\n\t\t\t\t<div class=\"elementor-widget-container\">\n\t\t\t\t\t<h2 class=\"elementor-heading-title elementor-size-default\">Die Erf\u00fcllung unseres Auftrags<\/h2>\t\t\t\t<\/div>\n\t\t\t\t<\/div>\n\t\t\t\t<div class=\"elementor-element elementor-element-c927fa4 elementor-widget elementor-widget-text-editor\" data-id=\"c927fa4\" data-element_type=\"widget\" data-widget_type=\"text-editor.default\">\n\t\t\t\t<div class=\"elementor-widget-container\">\n\t\t\t\t\t\t\t\t\t<p>MARIA HUEBER, unsere Mutter Anf\u00e4ngerin, widmete ihr Leben dem Dienst an den Bed\u00fcrftigen und setzte sich f\u00fcr ein besseres Leben f\u00fcr sie ein. Wir k\u00f6nnen uns keine sch\u00f6nere M\u00f6glichkeit vorstellen, dem Beispiel von Maria Hueber zu folgen, als unsere Arbeit mit den Kindern im Centro Tau.<\/p>\n<p>Dies ist unsere Antwort auf die Zeichen der Zeit.<\/p>\n<p>Wir beobachten  Kinder, die beginnen zu uns zu kommen, wie sie sich  Gleichaltrigen gegen\u00fcber fremd f\u00fchlen, ihre sozialen F\u00e4higkeiten  unterentwickelt sind und ihre Selbst\u00e4ndigkeit eingeschr\u00e4nkt ist.&nbsp;<\/p>\n<p><span style=\"color: var( --e-global-color-247b398 ); text-align: var(--text-align); background-color: var( --e-global-color-c62a19d );\">Es gibt nichts Sch\u00f6neres als zu sehen, wie die Kinder und ihre Familien sich entwickeln und wie sie durch die Zeit bei uns an Selbstvertrauen und Selbstsicherheit gewinnen.<\/span><\/p>\t\t\t\t\t\t\t\t<\/div>\n\t\t\t\t<\/div>\n\t\t\t\t<\/div>\n\t\t<div class=\"elementor-element elementor-element-090ea80 e-con-full e-flex e-con e-child\" data-id=\"090ea80\" data-element_type=\"container\" data-settings=\"{&quot;background_background&quot;:&quot;classic&quot;}\">\n\t\t\t\t<\/div>\n\t\t\t\t<\/div>\n\t\t<div class=\"elementor-element elementor-element-8665eee e-con-full bg-midnight e-flex e-con e-parent\" data-id=\"8665eee\" data-element_type=\"container\" data-settings=\"{&quot;background_background&quot;:&quot;classic&quot;}\">\n\t\t<div class=\"elementor-element elementor-element-491f8db e-con-full e-flex e-con e-child\" data-id=\"491f8db\" data-element_type=\"container\">\n\t\t\t\t<div class=\"elementor-element elementor-element-ebbeeb5 elementor-widget elementor-widget-heading\" data-id=\"ebbeeb5\" data-element_type=\"widget\" data-widget_type=\"heading.default\">\n\t\t\t\t<div class=\"elementor-widget-container\">\n\t\t\t\t\t<h2 class=\"elementor-heading-title elementor-size-default\">Wie du helfen kannst<\/h2>\t\t\t\t<\/div>\n\t\t\t\t<\/div>\n\t\t\t\t<div class=\"elementor-element elementor-element-124580e elementor-widget elementor-widget-text-editor\" data-id=\"124580e\" data-element_type=\"widget\" data-widget_type=\"text-editor.default\">\n\t\t\t\t<div class=\"elementor-widget-container\">\n\t\t\t\t\t\t\t\t\t<p><strong>Mehr als 95% des Bugets von CENTRO TAU wird durch Spenden finanziert.<\/strong><\/p><p>Centro Tau betreut 90 Sch\u00fcler*Innen und besch\u00e4ftigt mehr als ein Dutzend Mitarbeiter*Innen, aber die bolivianische Regierung finanziert nur eine einzige Lehrstelle. \nAlle anderen Ausgaben werden \u00fcber Spenden finanziert.<\/p><p>Wenn Sie in der Lage sind, uns <a href=\"https:\/\/tertiarysisters.org\/de\/spende\/\">eine Spende zukommen zu lassen,<\/a> freuen wir uns sehr dar\u00fcber und sind Ihnen sehr dankbar. Wir werden Ihre Spende zweckbestimmt und sofort einsetzen.<\/p>\t\t\t\t\t\t\t\t<\/div>\n\t\t\t\t<\/div>\n\t\t\t\t<div class=\"elementor-element elementor-element-6973441 elementor-align-center elementor-widget elementor-widget-button\" data-id=\"6973441\" data-element_type=\"widget\" data-widget_type=\"button.default\">\n\t\t\t\t<div class=\"elementor-widget-container\">\n\t\t\t\t\t\t\t\t\t<div class=\"elementor-button-wrapper\">\n\t\t\t\t\t<a class=\"elementor-button elementor-button-link elementor-size-xs elementor-animation-grow\" href=\"https:\/\/tertiarysisters.org\/de\/spende\/\">\n\t\t\t\t\t\t<span class=\"elementor-button-content-wrapper\">\n\t\t\t\t\t\t\t\t\t<span class=\"elementor-button-text\">Gib eine Spende<\/span>\n\t\t\t\t\t<\/span>\n\t\t\t\t\t<\/a>\n\t\t\t\t<\/div>\n\t\t\t\t\t\t\t\t<\/div>\n\t\t\t\t<\/div>\n\t\t\t\t<\/div>\n\t\t<div class=\"elementor-element elementor-element-f837098 e-con-full e-flex e-con e-child\" data-id=\"f837098\" data-element_type=\"container\" data-settings=\"{&quot;background_background&quot;:&quot;classic&quot;}\">\n\t\t\t\t<\/div>\n\t\t\t\t<\/div>\n\t\t\t\t<\/div>","protected":false},"excerpt":{"rendered":"<p>Centro TauAscensi\u00f3n de Guarayos, Bolivia Teaching every child, no matter the challenge Education, love, and care for special needs children in rural Bolivia. Even in the richest countries with the best school systems, providing a quality, care-filled education to developmentally disabled children is an enormous challenge. In poor countries like Bolivia that lack the funding, [&hellip;]<\/p>","protected":false},"author":1,"featured_media":674,"parent":0,"menu_order":0,"comment_status":"closed","ping_status":"closed","template":"","meta":{"_acf_changed":false,"cybocfi_hide_featured_image":"","footnotes":""},"categories":[8],"class_list":["post-668","page","type-page","status-publish","has-post-thumbnail","hentry","category-transparent-header-c"],"acf":[],"_links":{"self":[{"href":"https:\/\/tertiarysisters.org\/de\/wp-json\/wp\/v2\/pages\/668","targetHints":{"allow":["GET"]}}],"collection":[{"href":"https:\/\/tertiarysisters.org\/de\/wp-json\/wp\/v2\/pages"}],"about":[{"href":"https:\/\/tertiarysisters.org\/de\/wp-json\/wp\/v2\/types\/page"}],"author":[{"embeddable":true,"href":"https:\/\/tertiarysisters.org\/de\/wp-json\/wp\/v2\/users\/1"}],"replies":[{"embeddable":true,"href":"https:\/\/tertiarysisters.org\/de\/wp-json\/wp\/v2\/comments?post=668"}],"version-history":[{"count":59,"href":"https:\/\/tertiarysisters.org\/de\/wp-json\/wp\/v2\/pages\/668\/revisions"}],"predecessor-version":[{"id":3769,"href":"https:\/\/tertiarysisters.org\/de\/wp-json\/wp\/v2\/pages\/668\/revisions\/3769"}],"wp:featuredmedia":[{"embeddable":true,"href":"https:\/\/tertiarysisters.org\/de\/wp-json\/wp\/v2\/media\/674"}],"wp:attachment":[{"href":"https:\/\/tertiarysisters.org\/de\/wp-json\/wp\/v2\/media?parent=668"}],"wp:term":[{"taxonomy":"category","embeddable":true,"href":"https:\/\/tertiarysisters.org\/de\/wp-json\/wp\/v2\/categories?post=668"}],"curies":[{"name":"wp","href":"https:\/\/api.w.org\/{rel}","templated":true}]}}