{"id":842,"date":"2023-07-25T04:10:49","date_gmt":"2023-07-25T08:10:49","guid":{"rendered":"https:\/\/tertiarysisters.org\/?page_id=842"},"modified":"2024-02-16T05:29:33","modified_gmt":"2024-02-16T10:29:33","slug":"traditionelle-franziskanische-gebete","status":"publish","type":"page","link":"https:\/\/tertiarysisters.org\/de\/traditionelle-franziskanische-gebete\/","title":{"rendered":"Traditionelle franziskanische Gebete"},"content":{"rendered":"<div data-elementor-type=\"wp-page\" data-elementor-id=\"842\" class=\"elementor elementor-842\" data-elementor-post-type=\"page\">\n\t\t\t\t<div class=\"elementor-element elementor-element-4b2f8ca hero-page e-flex e-con-boxed e-con e-parent\" data-id=\"4b2f8ca\" data-element_type=\"container\" data-settings=\"{&quot;background_background&quot;:&quot;classic&quot;}\">\n\t\t\t\t\t<div class=\"e-con-inner\">\n\t\t<div class=\"elementor-element elementor-element-d1c6995 hero-title e-flex e-con-boxed e-con e-child\" data-id=\"d1c6995\" data-element_type=\"container\" data-settings=\"{&quot;background_background&quot;:&quot;classic&quot;}\">\n\t\t\t\t\t<div class=\"e-con-inner\">\n\t\t\t\t<div class=\"elementor-element elementor-element-801aacd elementor-widget-divider--view-line elementor-widget elementor-widget-divider\" data-id=\"801aacd\" data-element_type=\"widget\" data-widget_type=\"divider.default\">\n\t\t\t\t<div class=\"elementor-widget-container\">\n\t\t\t\t\t\t\t<div class=\"elementor-divider\">\n\t\t\t<span class=\"elementor-divider-separator\">\n\t\t\t\t\t\t<\/span>\n\t\t<\/div>\n\t\t\t\t\t\t<\/div>\n\t\t\t\t<\/div>\n\t\t\t\t<div class=\"elementor-element elementor-element-d68474d hero-heading-text elementor-widget elementor-widget-heading\" data-id=\"d68474d\" data-element_type=\"widget\" data-widget_type=\"heading.default\">\n\t\t\t\t<div class=\"elementor-widget-container\">\n\t\t\t\t\t<h2 class=\"elementor-heading-title elementor-size-default\">Traditionelle franziskanische Gebete<\/h2>\t\t\t\t<\/div>\n\t\t\t\t<\/div>\n\t\t\t\t\t<\/div>\n\t\t\t\t<\/div>\n\t\t\t\t\t<\/div>\n\t\t\t\t<\/div>\n\t\t<div class=\"elementor-element elementor-element-3ecfb92 e-con-full bg-mint-green e-flex e-con e-parent\" data-id=\"3ecfb92\" data-element_type=\"container\" data-settings=\"{&quot;background_background&quot;:&quot;classic&quot;}\">\n\t\t<div class=\"elementor-element elementor-element-98f92ee e-con-full e-flex e-con e-child\" data-id=\"98f92ee\" data-element_type=\"container\">\n\t\t\t\t<div class=\"elementor-element elementor-element-3ce157e elementor-widget elementor-widget-text-editor\" data-id=\"3ce157e\" data-element_type=\"widget\" data-widget_type=\"text-editor.default\">\n\t\t\t\t<div class=\"elementor-widget-container\">\n\t\t\t\t\t\t\t\t\t<p>Einer der bedeutungsvollsten Aspekte des franziskanischen Lebens sind unsere besonderen und einzigartigen Gebete. Unsere Gebete sind einfach und originell, tief in der Heiligen Schrift und der Liturgie verwurzelt und lassen sich leicht auswendig lernen.<\/p><p>Diese Gebete halten uns mit unserem franziskanischen Erbe verbunden und erinnern uns daran, wie wichtig es ist, unseren christlichen Glauben in der Gegenwart zu leben.<\/p><p>Generationen von Anh\u00e4ngern des heiligen Franziskus haben diese Gebete im individuellen und gemeinschaftlichen Gebet verwendet.<\/p><p><strong>Wie auch immer Sie beten, wir laden Sie ein, mit uns diese ganz besonderen Gebete zu sprechen.<\/strong><\/p>\t\t\t\t\t\t\t\t<\/div>\n\t\t\t\t<\/div>\n\t\t\t\t<\/div>\n\t\t<div class=\"elementor-element elementor-element-b061c02 e-con-full e-flex e-con e-child\" data-id=\"b061c02\" data-element_type=\"container\">\n\t\t\t\t<div class=\"elementor-element elementor-element-5574dbf elementor-toc--minimized-on-mobile toc-intro elementor-widget elementor-widget-table-of-contents\" data-id=\"5574dbf\" data-element_type=\"widget\" data-settings=\"{&quot;exclude_headings_by_selector&quot;:&quot;.intro-heading-text, .hero-heading-text&quot;,&quot;marker_view&quot;:&quot;bullets&quot;,&quot;icon&quot;:{&quot;value&quot;:&quot;fas fa-square-full&quot;,&quot;library&quot;:&quot;fa-solid&quot;},&quot;minimized_on&quot;:&quot;mobile&quot;,&quot;headings_by_tags&quot;:[&quot;h2&quot;,&quot;h3&quot;,&quot;h4&quot;,&quot;h5&quot;,&quot;h6&quot;],&quot;no_headings_message&quot;:&quot;Es wurden keine \\u00dcberschriften auf dieser Seite gefunden.&quot;,&quot;minimize_box&quot;:&quot;yes&quot;,&quot;hierarchical_view&quot;:&quot;yes&quot;,&quot;min_height&quot;:{&quot;unit&quot;:&quot;px&quot;,&quot;size&quot;:&quot;&quot;,&quot;sizes&quot;:[]},&quot;min_height_tablet&quot;:{&quot;unit&quot;:&quot;px&quot;,&quot;size&quot;:&quot;&quot;,&quot;sizes&quot;:[]},&quot;min_height_mobile&quot;:{&quot;unit&quot;:&quot;px&quot;,&quot;size&quot;:&quot;&quot;,&quot;sizes&quot;:[]}}\" data-widget_type=\"table-of-contents.default\">\n\t\t\t\t<div class=\"elementor-widget-container\">\n\t\t\t\t\t\t\t<div class=\"elementor-toc__header\">\n\t\t\t<h4 class=\"elementor-toc__header-title\">\n\t\t\t\tUnsere Gebete\t\t\t<\/h4>\n\t\t\t\t\t\t\t<div class=\"elementor-toc__toggle-button elementor-toc__toggle-button--expand\" role=\"button\" tabindex=\"0\" aria-controls=\"elementor-toc__5574dbf\" aria-expanded=\"true\" aria-label=\"Inhaltsverzeichnis \u00f6ffnen\" data-no-translation-aria-label=\"\"><i aria-hidden=\"true\" class=\"fas fa-chevron-down\"><\/i><\/div>\n\t\t\t\t<div class=\"elementor-toc__toggle-button elementor-toc__toggle-button--collapse\" role=\"button\" tabindex=\"0\" aria-controls=\"elementor-toc__5574dbf\" aria-expanded=\"true\" aria-label=\"Inhaltsverzeichnis schlie\u00dfen\" data-no-translation-aria-label=\"\"><i aria-hidden=\"true\" class=\"fas fa-chevron-up\"><\/i><\/div>\n\t\t\t\t\t<\/div>\n\t\t<div id=\"elementor-toc__5574dbf\" class=\"elementor-toc__body\">\n\t\t\t<div class=\"elementor-toc__spinner-container\">\n\t\t\t\t<i class=\"elementor-toc__spinner eicon-animation-spin eicon-loading\" aria-hidden=\"true\"><\/i>\t\t\t<\/div>\n\t\t<\/div>\n\t\t\t\t\t\t<\/div>\n\t\t\t\t<\/div>\n\t\t\t\t<\/div>\n\t\t\t\t<\/div>\n\t\t<div class=\"elementor-element elementor-element-af06852 e-con-full bg-irish-mint e-flex e-con e-parent\" data-id=\"af06852\" data-element_type=\"container\" data-settings=\"{&quot;background_background&quot;:&quot;classic&quot;}\">\n\t\t<div class=\"elementor-element elementor-element-e0d965c e-con-full e-flex e-con e-child\" data-id=\"e0d965c\" data-element_type=\"container\">\n\t\t\t\t<div class=\"elementor-element elementor-element-596b8a2 elementor-widget elementor-widget-heading\" data-id=\"596b8a2\" data-element_type=\"widget\" data-widget_type=\"heading.default\">\n\t\t\t\t<div class=\"elementor-widget-container\">\n\t\t\t\t\t<h2 class=\"elementor-heading-title elementor-size-default\">Friedensgebet des hl. Franziskus<\/h2>\t\t\t\t<\/div>\n\t\t\t\t<\/div>\n\t\t\t\t<div class=\"elementor-element elementor-element-4da081e translation-block elementor-widget elementor-widget-text-editor\" data-id=\"4da081e\" data-element_type=\"widget\" data-widget_type=\"text-editor.default\">\n\t\t\t\t<p>O Herr, mach mich zu einem Werkzeug deines Friedens:<br \/>\ndass ich Liebe bringe, wo man sich hasst;<br \/>\nDass ich verzeihe, wo man sich beleidigt, dass ich verbinde, wo man sich streitet;<br \/>\nDass ich die Wahrheit sage, wo Irrtum herrscht;<br \/>\nDass ich den Glauben bringe, wo Zweifel dr\u00fcckt;<br \/>\nDass ich Hoffnung wecke, wo Verzweiflung qu\u00e4lt;<br \/>\nDass ich dein Licht anz\u00fcnde, wo Finsternis regiert;<br \/>\nDass ich Freude mache, wo Kummer wohnt.<\/p><p>Ach Herr, lass mich mehr danach trachten:<br \/>\nzu tr\u00f6sten als getr\u00f6stet zu werden;<br \/>\nzu verstehen als verstanden zu werden;<br \/>\nzu lieben als geliebt zu werden.<\/p><p>\nDenn wer da hingibt, der empf\u00e4ngt;<br \/>\nwer sich selbst vergisst, der findet;<br \/>\nwer verzeiht, dem wird verziehen;<br \/>\nund wer stirbt, der erwacht zum ewigen Leben.<br \/><\/p>\n\t\t\t\t<\/div>\n\t\t\t\t<div class=\"elementor-element elementor-element-b6c6485 elementor-widget elementor-widget-html\" data-id=\"b6c6485\" data-element_type=\"widget\" data-widget_type=\"html.default\">\n\t\t\t\t<div class=\"elementor-widget-container\">\n\t\t\t\t\t<script>\njQuery(document).ready(function($) {\nvar delay = 100; setTimeout(function() {\n$('.elementor-tab-title').removeClass('elementor-active');\n $('.elementor-tab-content').css('display', 'none'); }, delay);\n});\n<\/script>\t\t\t\t<\/div>\n\t\t\t\t<\/div>\n\t\t\t\t<div class=\"elementor-element elementor-element-4146681 prayer-accordion elementor-widget elementor-widget-accordion\" data-id=\"4146681\" data-element_type=\"widget\" data-widget_type=\"accordion.default\">\n\t\t\t\t<div class=\"elementor-widget-container\">\n\t\t\t\t\t\t\t<div class=\"elementor-accordion\">\n\t\t\t\t\t\t\t<div class=\"elementor-accordion-item\">\n\t\t\t\t\t<div id=\"elementor-tab-title-6841\" class=\"elementor-tab-title\" data-tab=\"1\" role=\"button\" aria-controls=\"elementor-tab-content-6841\" aria-expanded=\"false\">\n\t\t\t\t\t\t\t\t\t\t\t\t\t<span class=\"elementor-accordion-icon elementor-accordion-icon-left\" aria-hidden=\"true\">\n\t\t\t\t\t\t\t\t\t\t\t\t\t\t\t<span class=\"elementor-accordion-icon-closed\"><i class=\"fas fa-plus\"><\/i><\/span>\n\t\t\t\t\t\t\t\t<span class=\"elementor-accordion-icon-opened\"><i class=\"fas fa-minus\"><\/i><\/span>\n\t\t\t\t\t\t\t\t\t\t\t\t\t\t<\/span>\n\t\t\t\t\t\t\t\t\t\t\t\t<a class=\"elementor-accordion-title\" tabindex=\"0\">Kommentar von Sr. Paschaline Dubam, TSSF<\/a>\n\t\t\t\t\t<\/div>\n\t\t\t\t\t<div id=\"elementor-tab-content-6841\" class=\"elementor-tab-content elementor-clearfix\" data-tab=\"1\" role=\"region\" aria-labelledby=\"elementor-tab-title-6841\"><p>H\u00f6chster, glorreicher Gott,<span class=\"Apple-converted-space\"><br \/><\/span>erleuchte die Finsternis meines Herzens,<span class=\"Apple-converted-space\">\u00a0<br \/><\/span>schenke mir rechten Glauben,<span class=\"Apple-converted-space\">\u00a0<\/span>gefestigte Hoffnung<span class=\"Apple-converted-space\"><br \/><\/span>und vollendete Liebe.<br \/>Gib mir, Herr, das rechte Empfinden und Erkennen,<br \/>Damit ich deinen heiligen und wahrhaften Auftrag erf\u00fclle. Amen<\/p><\/div>\n\t\t\t\t<\/div>\n\t\t\t\t\t\t\t\t<\/div>\n\t\t\t\t\t\t<\/div>\n\t\t\t\t<\/div>\n\t\t\t\t<\/div>\n\t\t<div class=\"elementor-element elementor-element-e541009 e-con-full e-flex e-con e-child\" data-id=\"e541009\" data-element_type=\"container\" data-settings=\"{&quot;background_background&quot;:&quot;classic&quot;}\">\n\t\t\t\t<\/div>\n\t\t\t\t<\/div>\n\t\t<div class=\"elementor-element elementor-element-6a0f5a9 e-con-full bg-darker-green e-flex e-con e-parent\" data-id=\"6a0f5a9\" data-element_type=\"container\" data-settings=\"{&quot;background_background&quot;:&quot;classic&quot;}\">\n\t\t<div class=\"elementor-element elementor-element-3baf11a e-con-full e-flex e-con e-child\" data-id=\"3baf11a\" data-element_type=\"container\">\n\t\t\t\t<div class=\"elementor-element elementor-element-f7ef5d4 elementor-widget elementor-widget-heading\" data-id=\"f7ef5d4\" data-element_type=\"widget\" data-widget_type=\"heading.default\">\n\t\t\t\t<div class=\"elementor-widget-container\">\n\t\t\t\t\t<h2 class=\"elementor-heading-title elementor-size-default\">Der Sonnengesang des heiligen Franziskus<\/h2>\t\t\t\t<\/div>\n\t\t\t\t<\/div>\n\t\t\t\t<div class=\"elementor-element elementor-element-13307db translation-block elementor-widget elementor-widget-text-editor\" data-id=\"13307db\" data-element_type=\"widget\" data-widget_type=\"text-editor.default\">\n\t\t\t\tH\u00f6chster, allm\u00e4chtiger, guter Herr,<br \/>\ndein sind das Lob, die Herrlichkeit und Ehre und jeglicher Segen.<br \/>\nDir allein, H\u00f6chster, geb\u00fchren sie,<br \/>\nund kein Mensch ist w\u00fcrdig, dich zu nennen.<br \/>\nGelobt seist du, mein Herr,<br \/>\nmit allen deinen Gesch\u00f6pfen,<br \/>\nzumal dem Herrn Bruder Sonne,<br \/>\nwelcher der Tag ist und durch den du uns leuchtest.<br \/>\nUnd sch\u00f6n ist er und strahlend mit gro\u00dfem Glanz:<br \/>\nVon dir, H\u00f6chster, ein Sinnbild.<br \/>\nGelobt seist du, mein Herr,<br \/>\ndurch Schwester Mond und die Sterne;<br \/>\nam Himmel hast du sie gebildet,<br \/>\nklar und kostbar und sch\u00f6n.<br \/>\nGelobt seist du, mein Herr,<br \/>\ndurch Bruder Wind und durch Luft und Wolken<br \/>\nund heiteres und jegliches Wetter,<br \/>\ndurch das du deinen Gesch\u00f6pfen Unterhalt gibst.<br \/>\nGelobt seist du, mein Herr,<br \/>\ndurch Schwester Wasser,<br \/>\ngar n\u00fctzlich ist es und dem\u00fctig und kostbar und keusch.<br \/>\nGelobt seist du, mein Herr,<br \/>\ndurch Bruder Feuer,<br \/>\ndurch das du die Nacht erleuchtest;<br \/>\nund sch\u00f6n ist es und fr\u00f6hlich und kraftvoll und stark.<br \/>\nGelobt seist du, mein Herr,<br \/>\ndurch unsere Schwester, Mutter Erde,<br \/>\ndie uns erh\u00e4lt und lenkt<br \/>\nund vielf\u00e4ltige Fr\u00fcchte hervorbringt<br \/>\nund bunte Blumen und Kr\u00e4uter.<br \/>\nGelobt seist du, mein Herr,<br \/>\ndurch jene, die verzeihen um deiner Liebe willen<br \/>\nund Krankheit ertragen und Drangsal.<br \/>\nSelig jene, die solches ertragen in Frieden,<br \/>\ndenn von dir, H\u00f6chster, werden sie gekr\u00f6nt.<br \/>\nGelobt seist du, mein Herr,<br \/>\ndurch unsere Schwester, den leiblichen Tod;<br \/>\nihm kann kein Mensch lebend entrinnen.<br \/>\nWehe jenen, die in t\u00f6dlicher S\u00fcnde sterben.<br \/>\nSelig jene, die er findet in deinem heiligsten Willen,<br \/>\ndenn der zweite Tod wird ihnen kein Leid antun.<br \/>\nLobt und preist meinen Herrn<br \/>\nund dankt ihm und dient ihm mit gro\u00dfer Demut.<\/p><p>\n<i>Aus: Franziskus-Quellen, Butzon und Bercker 2009<\/i><\/p>\n\t\t\t\t<\/div>\n\t\t\t\t<\/div>\n\t\t<div class=\"elementor-element elementor-element-a106d28 e-con-full e-flex e-con e-child\" data-id=\"a106d28\" data-element_type=\"container\" data-settings=\"{&quot;background_background&quot;:&quot;classic&quot;}\">\n\t\t\t\t<\/div>\n\t\t\t\t<\/div>\n\t\t<div class=\"elementor-element elementor-element-c2c7dca e-con-full bg-irish-mint e-flex e-con e-parent\" data-id=\"c2c7dca\" data-element_type=\"container\" data-settings=\"{&quot;background_background&quot;:&quot;classic&quot;}\">\n\t\t<div class=\"elementor-element elementor-element-296888f e-con-full e-flex e-con e-child\" data-id=\"296888f\" data-element_type=\"container\">\n\t\t\t\t<div class=\"elementor-element elementor-element-c46eae5 elementor-widget elementor-widget-heading\" data-id=\"c46eae5\" data-element_type=\"widget\" data-widget_type=\"heading.default\">\n\t\t\t\t<div class=\"elementor-widget-container\">\n\t\t\t\t\t<h2 class=\"elementor-heading-title elementor-size-default\">Gebet beim Betreten der Kirche \/ vor dem Kreuz<\/h2>\t\t\t\t<\/div>\n\t\t\t\t<\/div>\n\t\t\t\t<div class=\"elementor-element elementor-element-c927fa4 translation-block elementor-widget elementor-widget-text-editor\" data-id=\"c927fa4\" data-element_type=\"widget\" data-widget_type=\"text-editor.default\">\n\t\t\t\tWir beten dich an, Herr Jesus Christus und wir preisen dich, hier und in allen deinen Kirchen, die auf der ganzen Welt sind, denn durch dein heiliges Kreuz hast du die Welt erl\u00f6st. Amen\n\t\t\t\t<\/div>\n\t\t\t\t<\/div>\n\t\t<div class=\"elementor-element elementor-element-090ea80 e-con-full e-flex e-con e-child\" data-id=\"090ea80\" data-element_type=\"container\" data-settings=\"{&quot;background_background&quot;:&quot;classic&quot;}\">\n\t\t\t\t<\/div>\n\t\t\t\t<\/div>\n\t\t<div class=\"elementor-element elementor-element-9376473 e-con-full bg-darker-green e-flex e-con e-parent\" data-id=\"9376473\" data-element_type=\"container\" data-settings=\"{&quot;background_background&quot;:&quot;classic&quot;}\">\n\t\t<div class=\"elementor-element elementor-element-292692b e-con-full e-flex e-con e-child\" data-id=\"292692b\" data-element_type=\"container\">\n\t\t\t\t<div class=\"elementor-element elementor-element-00b3af4 elementor-widget elementor-widget-heading\" data-id=\"00b3af4\" data-element_type=\"widget\" data-widget_type=\"heading.default\">\n\t\t\t\t<div class=\"elementor-widget-container\">\n\t\t\t\t\t<h2 class=\"elementor-heading-title elementor-size-default\">Gebet vor dem Kreuz von San Damiano<\/h2>\t\t\t\t<\/div>\n\t\t\t\t<\/div>\n\t\t\t\t<div class=\"elementor-element elementor-element-056805a translation-block elementor-widget elementor-widget-text-editor\" data-id=\"056805a\" data-element_type=\"widget\" data-widget_type=\"text-editor.default\">\n\t\t\t\tH\u00f6chster, glorreicher Gott, erleuchte die Finsternis meines Herzens und\nschenke mir rechten Glauben, sichere Hoffnung und vollkommene Liebe.<\/p><p>\nGib mir, Herr, das rechte Empfinden und Erkennen,<br \/>\ndamit ich deinen heiligen Auftrag erf\u00fclle. Amen.<\/p><p>(GebKr: FQ 13)<\/p>\n\t\t\t\t<\/div>\n\t\t\t\t<div class=\"elementor-element elementor-element-fec7c56 prayer-accordion elementor-widget elementor-widget-accordion\" data-id=\"fec7c56\" data-element_type=\"widget\" data-widget_type=\"accordion.default\">\n\t\t\t\t<div class=\"elementor-widget-container\">\n\t\t\t\t\t\t\t<div class=\"elementor-accordion\">\n\t\t\t\t\t\t\t<div class=\"elementor-accordion-item\">\n\t\t\t\t\t<div id=\"elementor-tab-title-2671\" class=\"elementor-tab-title\" data-tab=\"1\" role=\"button\" aria-controls=\"elementor-tab-content-2671\" aria-expanded=\"false\">\n\t\t\t\t\t\t\t\t\t\t\t\t\t<span class=\"elementor-accordion-icon elementor-accordion-icon-left\" aria-hidden=\"true\">\n\t\t\t\t\t\t\t\t\t\t\t\t\t\t\t<span class=\"elementor-accordion-icon-closed\"><i class=\"fas fa-plus\"><\/i><\/span>\n\t\t\t\t\t\t\t\t<span class=\"elementor-accordion-icon-opened\"><i class=\"fas fa-minus\"><\/i><\/span>\n\t\t\t\t\t\t\t\t\t\t\t\t\t\t<\/span>\n\t\t\t\t\t\t\t\t\t\t\t\t<a class=\"elementor-accordion-title\" tabindex=\"0\">Kommentar von Fth. Francis Dor OFMCap<\/a>\n\t\t\t\t\t<\/div>\n\t\t\t\t\t<div id=\"elementor-tab-content-2671\" class=\"elementor-tab-content elementor-clearfix\" data-tab=\"1\" role=\"region\" aria-labelledby=\"elementor-tab-title-2671\"><p>Das Gebet vor dem Kreuz von San Damiano ist eines der ersten uns \u00fcberlieferten Gebete des heiligen Vaters Franziskus. Es dr\u00fcckt den tiefen Herzenswunsch des heiligen Franziskus zum Ausdruck \u2013 seine Suche nach dem Willen Gottes. Es ist ein Gebet der Unterscheidung.<\/p><p>Fr\u00fche Biographen wie Thomas von Celano und Bonaventura best\u00e4tigen, dass die ersten Jahre des Lebens von Franziskus vom Ringen den Willen Gottes zu erkennen, gepr\u00e4gt waren. Franziskanische Gelehrte wie Regis J. Amstrong sagen, dass \u201edieses Gebet durch das Er\u00f6ffnungsgebet der eucharistischen Liturgie beeinflusst worden sein k\u00f6nnte\u201c.<\/p><p>Da es sich um ein liturgisches Gebet handelt, machte Franziskus es sich zu eigen, indem er es mit Bibelstellen ausschm\u00fcckte. Die Verse 1 und 2 scheinen eine Erweiterung von Psalm 18, 23 zu sein. \u201eJahwe, du selbst bist meine Lampe, mein Gott erhellt meine Finternis\u201c. Die Bitte erleuchtet zu werden, ist ein Hinweis auf seinen Wunsch, nur das zu wissen und zu tun, was Gott, dem Herrn gef\u00e4llt.<\/p><p>Dieses Gebet gibt uns einen Einblick in die religi\u00f6se Erfahrung und Spiritualit\u00e4t von Franziskus, die immer eine starke Spannung zwischen Wissen und Verstehen beinhaltet, weil aus dem Wissen die Liebe und sogar mystische Erfahrungen entstehen \u2013 und Franziskus wei\u00df, dass dies alleiniges Geschenk der Gnade ist.<\/p><p>Das Wissen zielt nie darauf ab, um des Wissens willen zu wissen: denn die Bitte um innere Erleuchtung, um Vernunft und Wissen, ist bei Franziskus unmittelbar auf die bewusste Verwirklichung des Berufungsplanes ausgerichtet, den Gott f\u00fcr ihn hatte (vgl. Carlo Paolazzi, kritische Ausgabe S. 34).<\/p><p>Deshalb empfehle ich dieses Gebet allen, die auf der Suche nach einer Berufung sind oder daran zweifeln, denn Gott, der Franziskus erleuchtet hat, wird euch sicher aus der Dunkelheit in sein wunderbares Licht f\u00fchren. <span class=\"Apple-converted-space\">\u00a0<\/span><\/p><\/div>\n\t\t\t\t<\/div>\n\t\t\t\t\t\t\t\t<\/div>\n\t\t\t\t\t\t<\/div>\n\t\t\t\t<\/div>\n\t\t\t\t<\/div>\n\t\t<div class=\"elementor-element elementor-element-8335d2b e-con-full e-flex e-con e-child\" data-id=\"8335d2b\" data-element_type=\"container\" data-settings=\"{&quot;background_background&quot;:&quot;classic&quot;}\">\n\t\t\t\t<\/div>\n\t\t\t\t<\/div>\n\t\t<div class=\"elementor-element elementor-element-8eaeac7 e-con-full bg-army-green e-flex e-con e-parent\" data-id=\"8eaeac7\" data-element_type=\"container\" data-settings=\"{&quot;background_background&quot;:&quot;classic&quot;}\">\n\t\t<div class=\"elementor-element elementor-element-3879dff e-con-full e-flex e-con e-child\" data-id=\"3879dff\" data-element_type=\"container\">\n\t\t\t\t<div class=\"elementor-element elementor-element-9256b44 elementor-widget elementor-widget-heading\" data-id=\"9256b44\" data-element_type=\"widget\" data-widget_type=\"heading.default\">\n\t\t\t\t<div class=\"elementor-widget-container\">\n\t\t\t\t\t<h2 class=\"elementor-heading-title elementor-size-default\">Gru\u00df des hl. Franziskus an die Selige Jungfrau Maria<\/h2>\t\t\t\t<\/div>\n\t\t\t\t<\/div>\n\t\t\t\t<div class=\"elementor-element elementor-element-61eb699 translation-block elementor-widget elementor-widget-text-editor\" data-id=\"61eb699\" data-element_type=\"widget\" data-widget_type=\"text-editor.default\">\n\t\t\t\tSei gegr\u00fc\u00dft, Herrin, heilige K\u00f6nigin,<br \/>\nheilige Gottesmutter Maria,<br \/>\ndie du bist Jungfrau, zur Kirche geworden<br \/>\nund erw\u00e4hlt vom heiligsten Vater im Himmel,<br \/>\ndie er geweiht hat mit seinem<br \/>\nheiligsten, geliebten Sohn<br \/>\nund dem Heiligen Geiste, dem Tr\u00f6ster,<br \/>\nin der war und ist alle F\u00fclle der Gnade<br \/>\nund jegliches Gute.<\/p><p>\nSei gegr\u00fc\u00dft, du sein Palast.<br \/>\nSei gegr\u00fc\u00dft, du sein Zelt.<br \/>\nSei gegr\u00fc\u00dft, du seine Wohnung.<br \/>\nSei gegr\u00fc\u00dft, du sein Gewand.<br \/>\nSei gegr\u00fc\u00dft, du seine Magd.<br \/>\nSei gegr\u00fc\u00dft, du seine Mutter.<\/p><p>\nUnd seid gegr\u00fc\u00dft, ihr heiligen Tugenden alle,<br \/>\ndie ihr durch die Gnade<br \/>\nund Erleuchtung des Heiligen Geistes<br \/>\nin die Herzen der Gl\u00e4ubigen eingegossen werdet,<br \/>\num aus Ungl\u00e4ubigen<br \/>\nGott getreue Menschen zu machen.\"<\/p><p>\n(GRMar)<\/p>\n\t\t\t\t<\/div>\n\t\t\t\t<\/div>\n\t\t<div class=\"elementor-element elementor-element-b884049 e-con-full e-flex e-con e-child\" data-id=\"b884049\" data-element_type=\"container\" data-settings=\"{&quot;background_background&quot;:&quot;classic&quot;}\">\n\t\t\t\t<\/div>\n\t\t\t\t<\/div>\n\t\t\t\t<\/div>","protected":false},"excerpt":{"rendered":"<p>Traditional Franciscan prayers One of the most meaningful parts about being a Franciscan is our special and unique prayers. Our prayers are simple and original, deeply rooted in Sacred Scripture and Liturgy, and are easy to memorise. These prayers keep us connected to our Franciscan heritage while reminding us of the importance of living our [&hellip;]<\/p>","protected":false},"author":1,"featured_media":868,"parent":0,"menu_order":0,"comment_status":"closed","ping_status":"closed","template":"","meta":{"_acf_changed":false,"cybocfi_hide_featured_image":"","footnotes":""},"categories":[8],"class_list":["post-842","page","type-page","status-publish","has-post-thumbnail","hentry","category-transparent-header-c"],"acf":[],"_links":{"self":[{"href":"https:\/\/tertiarysisters.org\/de\/wp-json\/wp\/v2\/pages\/842","targetHints":{"allow":["GET"]}}],"collection":[{"href":"https:\/\/tertiarysisters.org\/de\/wp-json\/wp\/v2\/pages"}],"about":[{"href":"https:\/\/tertiarysisters.org\/de\/wp-json\/wp\/v2\/types\/page"}],"author":[{"embeddable":true,"href":"https:\/\/tertiarysisters.org\/de\/wp-json\/wp\/v2\/users\/1"}],"replies":[{"embeddable":true,"href":"https:\/\/tertiarysisters.org\/de\/wp-json\/wp\/v2\/comments?post=842"}],"version-history":[{"count":148,"href":"https:\/\/tertiarysisters.org\/de\/wp-json\/wp\/v2\/pages\/842\/revisions"}],"predecessor-version":[{"id":4768,"href":"https:\/\/tertiarysisters.org\/de\/wp-json\/wp\/v2\/pages\/842\/revisions\/4768"}],"wp:featuredmedia":[{"embeddable":true,"href":"https:\/\/tertiarysisters.org\/de\/wp-json\/wp\/v2\/media\/868"}],"wp:attachment":[{"href":"https:\/\/tertiarysisters.org\/de\/wp-json\/wp\/v2\/media?parent=842"}],"wp:term":[{"taxonomy":"category","embeddable":true,"href":"https:\/\/tertiarysisters.org\/de\/wp-json\/wp\/v2\/categories?post=842"}],"curies":[{"name":"wp","href":"https:\/\/api.w.org\/{rel}","templated":true}]}}