{"id":1122,"date":"2023-08-07T21:43:07","date_gmt":"2023-08-08T01:43:07","guid":{"rendered":"https:\/\/tertiarysisters.org\/?page_id=1122"},"modified":"2024-09-17T04:09:22","modified_gmt":"2024-09-17T08:09:22","slug":"jubilares","status":"publish","type":"page","link":"https:\/\/tertiarysisters.org\/es\/jubilares\/","title":{"rendered":"Jubilares"},"content":{"rendered":"<div data-elementor-type=\"wp-page\" data-elementor-id=\"1122\" class=\"elementor elementor-1122\" data-elementor-post-type=\"page\">\n\t\t\t\t<div class=\"elementor-element elementor-element-4b2f8ca hero-page e-flex e-con-boxed e-con e-parent\" data-id=\"4b2f8ca\" data-element_type=\"container\" data-settings=\"{&quot;background_background&quot;:&quot;classic&quot;}\">\n\t\t\t\t\t<div class=\"e-con-inner\">\n\t\t<div class=\"elementor-element elementor-element-d1c6995 hero-title e-flex e-con-boxed e-con e-child\" data-id=\"d1c6995\" data-element_type=\"container\" data-settings=\"{&quot;background_background&quot;:&quot;classic&quot;}\">\n\t\t\t\t\t<div class=\"e-con-inner\">\n\t\t\t\t<div class=\"elementor-element elementor-element-801aacd elementor-widget-divider--view-line elementor-widget elementor-widget-divider\" data-id=\"801aacd\" data-element_type=\"widget\" data-widget_type=\"divider.default\">\n\t\t\t\t<div class=\"elementor-widget-container\">\n\t\t\t\t\t\t\t<div class=\"elementor-divider\">\n\t\t\t<span class=\"elementor-divider-separator\">\n\t\t\t\t\t\t<\/span>\n\t\t<\/div>\n\t\t\t\t\t\t<\/div>\n\t\t\t\t<\/div>\n\t\t\t\t<div class=\"elementor-element elementor-element-d68474d elementor-widget elementor-widget-heading\" data-id=\"d68474d\" data-element_type=\"widget\" data-widget_type=\"heading.default\">\n\t\t\t\t<div class=\"elementor-widget-container\">\n\t\t\t\t\t<h2 class=\"elementor-heading-title elementor-size-default\">Jubilares<\/h2>\t\t\t\t<\/div>\n\t\t\t\t<\/div>\n\t\t\t\t<div class=\"elementor-element elementor-element-3ab65be elementor-widget elementor-widget-text-editor\" data-id=\"3ab65be\" data-element_type=\"widget\" data-widget_type=\"text-editor.default\">\n\t\t\t\t<div class=\"elementor-widget-container\">\n\t\t\t\t\t\t\t\t\t<p>Hitos en la vida de servicio<\/p>\t\t\t\t\t\t\t\t<\/div>\n\t\t\t\t<\/div>\n\t\t\t\t\t<\/div>\n\t\t\t\t<\/div>\n\t\t\t\t\t<\/div>\n\t\t\t\t<\/div>\n\t\t<div class=\"elementor-element elementor-element-3ecfb92 e-con-full bg-mint-green e-flex e-con e-parent\" data-id=\"3ecfb92\" data-element_type=\"container\" data-settings=\"{&quot;background_background&quot;:&quot;classic&quot;}\">\n\t\t<div class=\"elementor-element elementor-element-98f92ee e-con-full e-flex e-con e-child\" data-id=\"98f92ee\" data-element_type=\"container\">\n\t\t\t\t<div class=\"elementor-element elementor-element-5ed03b6 elementor-widget elementor-widget-heading\" data-id=\"5ed03b6\" data-element_type=\"widget\" data-widget_type=\"heading.default\">\n\t\t\t\t<div class=\"elementor-widget-container\">\n\t\t\t\t\t<h2 class=\"elementor-heading-title elementor-size-default\">Celebrando aniversarios y los dones de Dios<\/h2>\t\t\t\t<\/div>\n\t\t\t\t<\/div>\n\t\t\t\t<div class=\"elementor-element elementor-element-3ce157e elementor-widget elementor-widget-text-editor\" data-id=\"3ce157e\" data-element_type=\"widget\" data-widget_type=\"text-editor.default\">\n\t\t\t\t<div class=\"elementor-widget-container\">\n\t\t\t\t\t\t\t\t\t<p>El Jubileo honra los aniversarios que marcan un hito en la vida religiosa de nuestras hermanas.<\/p><p>Cada a\u00f1o, en nuestras cinco provincias de \u00c1frica, Europa y Sudam\u00e9rica, Hermanas, familias y amigos de las Hermanas Terciarias se re\u00fanen para celebrar las vidas de servicio de nuestras jubilarias: Servicio a Dios, servicio a los necesitados y servicio a sus hermanas.<\/p><p>\u00danete a nosotras para honrar a estas hermanas tan especiales.<\/p>\t\t\t\t\t\t\t\t<\/div>\n\t\t\t\t<\/div>\n\t\t\t\t<\/div>\n\t\t<div class=\"elementor-element elementor-element-3a9b4a6 e-flex e-con-boxed e-con e-child\" data-id=\"3a9b4a6\" data-element_type=\"container\">\n\t\t\t\t\t<div class=\"e-con-inner\">\n\t\t<div class=\"elementor-element elementor-element-bbba307 hypebox bg-dark-green-text e-flex e-con-boxed e-con e-child\" data-id=\"bbba307\" data-element_type=\"container\" data-settings=\"{&quot;background_background&quot;:&quot;classic&quot;}\">\n\t\t\t\t\t<div class=\"e-con-inner\">\n\t\t\t\t<div class=\"elementor-element elementor-element-d872d37 elementor-widget__width-initial elementor-widget elementor-widget-text-editor\" data-id=\"d872d37\" data-element_type=\"widget\" data-widget_type=\"text-editor.default\">\n\t\t\t\t<div class=\"elementor-widget-container\">\n\t\t\t\t\t\t\t\t\t<p>Enhorabuena a nuestras hermanas por sus muchos a\u00f1os de servicio prestado a la Iglesia y al pueblo de Dios. Damos gracias a Dios por su vocaci\u00f3n y&nbsp;<a href=\"https:\/\/tertiarysisters.org\/es\/oraciones-franciscanas-tradicionales\/\">rezamos por la<\/a><\/p>\t\t\t\t\t\t\t\t<\/div>\n\t\t\t\t<\/div>\n\t\t\t\t\t<\/div>\n\t\t\t\t<\/div>\n\t\t\t\t\t<\/div>\n\t\t\t\t<\/div>\n\t\t\t\t<\/div>\n\t\t<div class=\"elementor-element elementor-element-e3a5723 bg-darker-green e-flex e-con-boxed e-con e-parent\" data-id=\"e3a5723\" data-element_type=\"container\" data-settings=\"{&quot;background_background&quot;:&quot;classic&quot;}\">\n\t\t\t\t\t<div class=\"e-con-inner\">\n\t\t<a class=\"elementor-element elementor-element-c67fcda e-con-full e-flex e-con e-child\" data-id=\"c67fcda\" data-element_type=\"container\" href=\"https:\/\/tertiarysisters.org\/es\/jubilares\/2024-jubilares\/\">\n\t\t\t\t<div class=\"elementor-element elementor-element-e19a262 elementor-widget elementor-widget-image\" data-id=\"e19a262\" data-element_type=\"widget\" data-widget_type=\"image.default\">\n\t\t\t\t<div class=\"elementor-widget-container\">\n\t\t\t\t\t\t\t\t\t\t\t\t\t\t\t<img fetchpriority=\"high\" decoding=\"async\" width=\"768\" height=\"576\" src=\"https:\/\/tertiarysisters.org\/wp-content\/uploads\/2024\/09\/jubilarians-2024-768x576.jpg\" class=\"attachment-medium_large size-medium_large wp-image-5299\" alt=\"\" srcset=\"https:\/\/tertiarysisters.org\/wp-content\/uploads\/2024\/09\/jubilarians-2024-768x576.jpg 768w, https:\/\/tertiarysisters.org\/wp-content\/uploads\/2024\/09\/jubilarians-2024-300x225.jpg 300w, https:\/\/tertiarysisters.org\/wp-content\/uploads\/2024\/09\/jubilarians-2024-1024x768.jpg 1024w, https:\/\/tertiarysisters.org\/wp-content\/uploads\/2024\/09\/jubilarians-2024-1536x1152.jpg 1536w, https:\/\/tertiarysisters.org\/wp-content\/uploads\/2024\/09\/jubilarians-2024-16x12.jpg 16w, https:\/\/tertiarysisters.org\/wp-content\/uploads\/2024\/09\/jubilarians-2024.jpg 1600w\" sizes=\"(max-width: 768px) 100vw, 768px\" \/>\t\t\t\t\t\t\t\t\t\t\t\t\t\t\t<\/div>\n\t\t\t\t<\/div>\n\t\t\t\t<div class=\"elementor-element elementor-element-1499726 elementor-widget elementor-widget-heading\" data-id=\"1499726\" data-element_type=\"widget\" data-widget_type=\"heading.default\">\n\t\t\t\t<div class=\"elementor-widget-container\">\n\t\t\t\t\t<h2 class=\"elementor-heading-title elementor-size-default\">2024 Jubilares<\/h2>\t\t\t\t<\/div>\n\t\t\t\t<\/div>\n\t\t\t\t<\/a>\n\t\t<a class=\"elementor-element elementor-element-a935b83 e-con-full e-flex e-con e-child\" data-id=\"a935b83\" data-element_type=\"container\" href=\"https:\/\/tertiarysisters.org\/es\/jubilares\/2023-jubilares\/\">\n\t\t\t\t<div class=\"elementor-element elementor-element-394dc43 elementor-widget elementor-widget-image\" data-id=\"394dc43\" data-element_type=\"widget\" data-widget_type=\"image.default\">\n\t\t\t\t<div class=\"elementor-widget-container\">\n\t\t\t\t\t\t\t\t\t\t\t\t\t\t\t<img decoding=\"async\" width=\"768\" height=\"576\" src=\"2023 Jubilares\" class=\"attachment-medium_large size-medium_large wp-image-3291\" alt=\"\" srcset=\"\" sizes=\"(max-width: 768px) 100vw, 768px\" data-srcset=\"\" \/>\t\t\t\t\t\t\t\t\t\t\t\t\t\t\t<\/div>\n\t\t\t\t<\/div>\n\t\t\t\t<div class=\"elementor-element elementor-element-ffc9a2d elementor-widget elementor-widget-heading\" data-id=\"ffc9a2d\" data-element_type=\"widget\" data-widget_type=\"heading.default\">\n\t\t\t\t<div class=\"elementor-widget-container\">\n\t\t\t\t\t<h2 class=\"elementor-heading-title elementor-size-default\">2023 Jubilares<\/h2>\t\t\t\t<\/div>\n\t\t\t\t<\/div>\n\t\t\t\t<\/a>\n\t\t<a class=\"elementor-element elementor-element-f6d83d4 e-con-full e-flex e-con e-child\" data-id=\"f6d83d4\" data-element_type=\"container\" href=\"https:\/\/tertiarysisters.org\/es\/jubilares\/2022-jubilares\/\">\n\t\t\t\t<div class=\"elementor-element elementor-element-8efa584 elementor-widget elementor-widget-image\" data-id=\"8efa584\" data-element_type=\"widget\" data-widget_type=\"image.default\">\n\t\t\t\t<div class=\"elementor-widget-container\">\n\t\t\t\t\t\t\t\t\t\t\t\t\t\t\t<img decoding=\"async\" width=\"768\" height=\"576\" src=\"https:\/\/tertiarysisters.org\/wp-content\/uploads\/2023\/11\/jubilarians-2022-lead-1200-768x576.jpg\" class=\"attachment-medium_large size-medium_large wp-image-3290\" alt=\"\" srcset=\"https:\/\/tertiarysisters.org\/wp-content\/uploads\/2023\/11\/jubilarians-2022-lead-1200-768x576.jpg 768w, https:\/\/tertiarysisters.org\/wp-content\/uploads\/2023\/11\/jubilarians-2022-lead-1200-300x225.jpg 300w, https:\/\/tertiarysisters.org\/wp-content\/uploads\/2023\/11\/jubilarians-2022-lead-1200-1024x768.jpg 1024w, https:\/\/tertiarysisters.org\/wp-content\/uploads\/2023\/11\/jubilarians-2022-lead-1200-1536x1152.jpg 1536w, https:\/\/tertiarysisters.org\/wp-content\/uploads\/2023\/11\/jubilarians-2022-lead-1200-16x12.jpg 16w, https:\/\/tertiarysisters.org\/wp-content\/uploads\/2023\/11\/jubilarians-2022-lead-1200.jpg 1600w\" sizes=\"(max-width: 768px) 100vw, 768px\" \/>\t\t\t\t\t\t\t\t\t\t\t\t\t\t\t<\/div>\n\t\t\t\t<\/div>\n\t\t\t\t<div class=\"elementor-element elementor-element-31a0289 elementor-widget elementor-widget-heading\" data-id=\"31a0289\" data-element_type=\"widget\" data-widget_type=\"heading.default\">\n\t\t\t\t<div class=\"elementor-widget-container\">\n\t\t\t\t\t<h2 class=\"elementor-heading-title elementor-size-default\">2022 Jubilares<\/h2>\t\t\t\t<\/div>\n\t\t\t\t<\/div>\n\t\t\t\t<\/a>\n\t\t\t\t\t<\/div>\n\t\t\t\t<\/div>\n\t\t\t\t<\/div>","protected":false},"excerpt":{"rendered":"<p>Jubilarians Milestone years in lives of service Celebrating anniversaires and God&#8217;s gifts Jubilee honors the milestone anniversary years of our sisters\u2019 vowed religious life. Every year, in our four provinces in Africa, Europe, and South America, sisters, families and friends of the Tertiary Sisters gather to celebrate our jubilarians&#8217; lives of service: Service to God, [&hellip;]<\/p>","protected":false},"author":1,"featured_media":3296,"parent":0,"menu_order":0,"comment_status":"closed","ping_status":"closed","template":"","meta":{"_acf_changed":false,"cybocfi_hide_featured_image":"","footnotes":""},"categories":[8],"class_list":["post-1122","page","type-page","status-publish","has-post-thumbnail","hentry","category-transparent-header-c"],"acf":[],"_links":{"self":[{"href":"https:\/\/tertiarysisters.org\/es\/wp-json\/wp\/v2\/pages\/1122","targetHints":{"allow":["GET"]}}],"collection":[{"href":"https:\/\/tertiarysisters.org\/es\/wp-json\/wp\/v2\/pages"}],"about":[{"href":"https:\/\/tertiarysisters.org\/es\/wp-json\/wp\/v2\/types\/page"}],"author":[{"embeddable":true,"href":"https:\/\/tertiarysisters.org\/es\/wp-json\/wp\/v2\/users\/1"}],"replies":[{"embeddable":true,"href":"https:\/\/tertiarysisters.org\/es\/wp-json\/wp\/v2\/comments?post=1122"}],"version-history":[{"count":79,"href":"https:\/\/tertiarysisters.org\/es\/wp-json\/wp\/v2\/pages\/1122\/revisions"}],"predecessor-version":[{"id":5356,"href":"https:\/\/tertiarysisters.org\/es\/wp-json\/wp\/v2\/pages\/1122\/revisions\/5356"}],"wp:featuredmedia":[{"embeddable":true,"href":"https:\/\/tertiarysisters.org\/es\/wp-json\/wp\/v2\/media\/3296"}],"wp:attachment":[{"href":"https:\/\/tertiarysisters.org\/es\/wp-json\/wp\/v2\/media?parent=1122"}],"wp:term":[{"taxonomy":"category","embeddable":true,"href":"https:\/\/tertiarysisters.org\/es\/wp-json\/wp\/v2\/categories?post=1122"}],"curies":[{"name":"wp","href":"https:\/\/api.w.org\/{rel}","templated":true}]}}