{"id":1320,"date":"2023-08-13T23:42:41","date_gmt":"2023-08-14T03:42:41","guid":{"rendered":"https:\/\/tertiarysisters.org\/?page_id=1320"},"modified":"2023-12-03T03:47:48","modified_gmt":"2023-12-03T08:47:48","slug":"maria-hueber","status":"publish","type":"page","link":"https:\/\/tertiarysisters.org\/es\/maria-hueber\/","title":{"rendered":"Maria Hueber"},"content":{"rendered":"<div data-elementor-type=\"wp-page\" data-elementor-id=\"1320\" class=\"elementor elementor-1320\" data-elementor-post-type=\"page\">\n\t\t\t\t<div class=\"elementor-element elementor-element-4b2f8ca hero-page e-flex e-con-boxed e-con e-parent\" data-id=\"4b2f8ca\" data-element_type=\"container\" data-settings=\"{&quot;background_background&quot;:&quot;classic&quot;}\">\n\t\t\t\t\t<div class=\"e-con-inner\">\n\t\t<div class=\"elementor-element elementor-element-d1c6995 hero-title e-flex e-con-boxed e-con e-child\" data-id=\"d1c6995\" data-element_type=\"container\" data-settings=\"{&quot;background_background&quot;:&quot;classic&quot;}\">\n\t\t\t\t\t<div class=\"e-con-inner\">\n\t\t\t\t<div class=\"elementor-element elementor-element-801aacd elementor-widget-divider--view-line elementor-widget elementor-widget-divider\" data-id=\"801aacd\" data-element_type=\"widget\" data-widget_type=\"divider.default\">\n\t\t\t\t<div class=\"elementor-widget-container\">\n\t\t\t\t\t\t\t<div class=\"elementor-divider\">\n\t\t\t<span class=\"elementor-divider-separator\">\n\t\t\t\t\t\t<\/span>\n\t\t<\/div>\n\t\t\t\t\t\t<\/div>\n\t\t\t\t<\/div>\n\t\t\t\t<div class=\"elementor-element elementor-element-62a6bbe elementor-widget elementor-widget-text-editor\" data-id=\"62a6bbe\" data-element_type=\"widget\" data-widget_type=\"text-editor.default\">\n\t\t\t\t<div class=\"elementor-widget-container\">\n\t\t\t\t\t\t\t\t\t<p>Nuestra Madre Fundadora<\/p>\t\t\t\t\t\t\t\t<\/div>\n\t\t\t\t<\/div>\n\t\t\t\t\t<\/div>\n\t\t\t\t<\/div>\n\t\t\t\t\t<\/div>\n\t\t\t\t<\/div>\n\t\t<div class=\"elementor-element elementor-element-3ecfb92 intro-container e-flex e-con-boxed e-con e-parent\" data-id=\"3ecfb92\" data-element_type=\"container\" data-settings=\"{&quot;background_background&quot;:&quot;classic&quot;}\">\n\t\t\t\t\t<div class=\"e-con-inner\">\n\t\t<div class=\"elementor-element elementor-element-98f92ee e-con-full e-flex e-con e-child\" data-id=\"98f92ee\" data-element_type=\"container\">\n\t\t\t\t<div class=\"elementor-element elementor-element-3ce157e elementor-widget elementor-widget-text-editor\" data-id=\"3ce157e\" data-element_type=\"widget\" data-widget_type=\"text-editor.default\">\n\t\t\t\t<div class=\"elementor-widget-container\">\n\t\t\t\t\t\t\t\t\t<div class=\"translation-block\"><img class=\"wp-image-1298 alignright\" src=\"https:\/\/tertiarysisters.org\/wp-content\/uploads\/2023\/08\/maria-hueber-500-267x300.jpg\" alt=\"\" width=\"300\" height=\"337\" \/>\n<p class=\"p1\"><strong>Maria Hueber naci\u00f3 el 22 de mayo de 1653 en Brixen (Tirol del Sur), en el norte de Italia.<\/strong> Fue la menor de los cinco hijos de Nicol\u00e1s Hueber y Anna Tapp. Poco despu\u00e9s del nacimiento de Mar\u00eda parti\u00f3 su padre a la guerra, de donde nunca regres\u00f3. Su madre a veces tuvo que darla en cuidado. Sin embargo, es notable, que la ense\u00f1aba a leer. Como era inteligente y curiosa, aprendi\u00f3 a escribir de forma autodidacta. Desde muy joven Mar\u00eda tuvo que ayudar a su madre a coser para contribuir a su sustento. Pronto abandon\u00f3 al hogar paterno y trabaj\u00f3 como ni\u00f1era en Bolzano, y m\u00e1s tarde como empleada dom\u00e9stica en Bressanone, Innsbruck y Salzburgo. Cultiv\u00f3 una estrecha relaci\u00f3n con Dios, fue sensible a las necesidades de la \u00e9poca y trat\u00f3 \u201csin demora\u201d de reconocer y cumplir la voluntad de Dios.<\/p>\n\n<h2 class=\"p1\">Persona de contacto para muchas mujeres y hombres<\/h2>\n<p class=\"p1\"><img class=\"alignleft wp-image-1340\" src=\"https:\/\/tertiarysisters.org\/wp-content\/uploads\/2023\/08\/brixen-map.jpg\" alt=\"\" width=\"300\" height=\"376\" \/>En sus lugares de trabajo en Bolzano, Bressanone, Innsbruck y Salzburgo, casi siempre encontr\u00f3 condiciones favorables de desarrollo y trabajo. Sus jefes reconocieron su potencial y la apoyaron. Tambi\u00e9n es notable que la joven fuera muy viajada para las circunstancias de la \u00e9poca y, por tanto, probablemente tambi\u00e9n h\u00e1bil y segura de s\u00ed misma en el trato con la gente. Su profunda espiritualidad, que combinaba con una actitud pr\u00e1ctica, vital y creativa ante el trabajo y una visi\u00f3n realista del mundo, le abri\u00f3 muchas puertas e innumerables corazones. Incluso a una edad temprana, era considerada una persona de contacto importante por muchas personas nobles, seculares y espirituales del pa\u00eds. En particular, muchas mujeres buscaban su consejo, instrucci\u00f3n y gu\u00eda. Entre sus protegidas hab\u00eda nobles monjas del convento Servitinnen de Innsbruck, pero tambi\u00e9n representantes de la noble familia de Enzenberg. Est\u00e1 claro que Maria Hueber ten\u00eda una intuici\u00f3n, un conocimiento de la naturaleza humana y una clarividencia notable. A menudo acompa\u00f1\u00f3 a mujeres y hombres durante d\u00e9cadas y tambi\u00e9n en crisises existenciales. Impresionada por el ideal franciscano, ingres\u00f3 en la Tercera Orden de San Francisco a los 24 a\u00f1os.<\/p>\n\n<h2 class=\"p1\">Apertura de la escuela femenina<\/h2>\n<p class=\"p1\">A la edad de 47 a\u00f1os, junto con su compa\u00f1era Regina Pfurner, abri\u00f3 la primera escuela femenina gratuita del Tirol en Brixen cerca de la iglesia de Santa Clara en un piso alquilado. No conocemos las circunstancias exactas, ya que las fuentes contempor\u00e1neas guardan silencio sobre el curso exacto de los acontecimientos. Pero esto no disminuye el tama\u00f1o y el impacto innovador de esta escuela: esta peque\u00f1a y manejable instituci\u00f3n educativa para ni\u00f1as indigentes era algo completamente nuevo. Hasta entonces, s\u00f3lo los propietarios de las escuelas y s\u00f3lo previo pago, hab\u00edan dado clases a los varones. Que las ni\u00f1as de los estratos educativos m\u00e1s bajos aprendieran tambi\u00e9n a leer, escribir y calcular era una novedad en el pa\u00eds. Que el concepto educativo estaba bien pensado, se desprende tambi\u00e9n del hecho, de que la asignatura \u201cartesan\u00eda fina\u201d figuraba en el horario. Las ni\u00f1as tambi\u00e9n deb\u00edan aprender a remendar, tejer y bordar para poder ganarse la vida como costureras. Con estos conocimientos, las mujeres no s\u00f3lo daban a sus alumnas aptitudes educativas, sino tambi\u00e9n una perspectiva de la vida, ya que de este modo se les abr\u00eda una vida independiente y autodeterminada.<\/p>\n\n<h3 class=\"p1\">La vida de fe de Maria Hueber<\/h3>\n<p class=\"p1\">Pero la escuela femenina no fue el \u00fanico logro pionero de Maria Hueber. Paralelamente a la escuela, tambi\u00e9n estableci\u00f3 una comunidad religiosa con un formato innovador. En enero de 1701, ella y su compa\u00f1era Regina Pfurner iniciaron una vida mon\u00e1stica seg\u00fan la Regla de la Tercera Orden y pusieron la primera piedra de la comunidad de las Hermanas Terciarias de San Francisco. Las hermanas, de influencia franciscana, deb\u00edan orientarse inflexiblemente hacia los valores franciscanos, llevar un estilo de vida sencillo, una vida profundamente vinculada a Dios y emplear sus capacidades intelectuales y emocionales en labores educativas. Maria Hueber rechaz\u00f3 categ\u00f3ricamente las diferencias jer\u00e1rquicas basadas en el origen, la educaci\u00f3n y el dote, como era habitual en otras comunidades religiosas. En cartas manuscritas describe sus experiencias espirituales a su compa\u00f1ero espiritual y, al mismo tiempo, ofrece profundas visiones de su alma. Su confianza absoluta en el amor incondicional y la gu\u00eda de Dios parece ilimitada cuando escribe: \u201cCreo firmemente que sin Dios no puedo encontrar ni lo bueno, ni lo dulce, ni lo amargo. Alabado sea Dios por toda la eternidad\u201d. (Carta 3)<\/p>\n<p class=\"p1\">Su espiritualidad se caracteriza por un cierto arraigo: Su imagen de Dios est\u00e1 - contrariamente a los dictados eclesi\u00e1sticos de la \u00e9poca - llena de connotaciones positivas, sus di\u00e1logos interiores con Jes\u00fas como ni\u00f1o o como crucificado reflejan su ingenua relac\u00edon con su Dios, a cual ella experimenta lleno de amor y cuidadoso amigo. La situaci\u00f3n de cooperaci\u00f3n da la idea, que Maria Hueber est\u00e1 por su vida en orac\u00edon y no atada por reglamientos, en su caracter asegurado y animada a su compromiso caritativo.<\/p>\n<p class=\"p1\">Lo que todo uni\u00f3 en su vida eran para ella las relaciones: con Dios, sus cohermanas, amigas lejanas, diferentes conocidos y seguro tamb\u00eden a si mismo, porque durante su vida estaba atento a defender sus principios e ideales.<\/p>\n\n<h4 class=\"p1\">La llamada a la santidad y el proceso de beatificaci\u00f3n<\/h4>\n<p class=\"p1\">Maria Hueber muri\u00f3 el 31 de julio de 1705 en Brixen y fue enterrada - a petici\u00f3n propia - junto a la iglesia de las Clarisas de Brixen. Numerosos informes sobre respuestas a la oraci\u00f3n, b\u00e1sicamente s\u00f3lo prueban lo que ya era visible y tangible durante su vida: Maria Hueber entusiasm\u00f3 a personas de todos los grupos sociales y clases con su personalidad carism\u00e1tica y deslumbrante, su aut\u00e9ntica vida de oraci\u00f3n y su compromiso social y caritativo.<\/p>\n<p class=\"p1\">El proceso informativo de la di\u00f3cesis de Bolzano-Bressanone para la beatificaci\u00f3n de nuestra Madre Iniciadora Maria Hueber tuvo lugar entre 1996 y 1998. Ahora el proceso de beatificaci\u00f3n contin\u00faa en Roma. El 19 de marzo de 2019, el Papa Francisco dio a la Congregaci\u00f3n para las Causas de los Santos el mandato de preparar el decreto \"VENERABILE\".<\/p>\n<p class=\"p1\">Para la beatificaci\u00f3n de nuestra Fundadora, todav\u00eda necesitamos un milagro definitivo, que debe ser confirmado por el Vaticano - despu\u00e9s de un examen exhaustivo.<\/p>\n<p class=\"p1\">Por favor, env\u00eden las respuestas a las oraciones a: <a href=\"mailto:maria-paula@tiscali.it\"><span class=\"s1\">maria-paula@tiscali.it<\/span><\/a><\/p><\/div>\t\t\t\t\t\t\t\t<\/div>\n\t\t\t\t<\/div>\n\t\t\t\t<div class=\"elementor-element elementor-element-7ead39c elementor-widget elementor-widget-text-editor\" data-id=\"7ead39c\" data-element_type=\"widget\" data-widget_type=\"text-editor.default\">\n\t\t\t\t<div class=\"elementor-widget-container\">\n\t\t\t\t\t\t\t\t\t<div><a href=\"https:\/\/tertiarysisters.org\/es\/historia-de-la-congregacion\/\">Aqu\u00ed puede aprender m\u00e1s sobre la historia de nuestra congregaci\u00f3n,<\/a> desde la \u00e9poca de Maria Hueber hasta la actualidad.<\/div>\t\t\t\t\t\t\t\t<\/div>\n\t\t\t\t<\/div>\n\t\t\t\t<\/div>\n\t\t\t\t\t<\/div>\n\t\t\t\t<\/div>\n\t\t\t\t<\/div>","protected":false},"excerpt":{"rendered":"<p>Our Foundress Maria Hueber was born on 22 May 1653 in Brixen, in the South Tyrol region of today&#8217;s northern Italy. The youngest of five children of Nicholas and Anna Tapp, she grew up in very modest circumstances. Her father went to war soon after Maria&#8217;s birth and never returned. At times, her mother had [&hellip;]<\/p>","protected":false},"author":1,"featured_media":1321,"parent":0,"menu_order":0,"comment_status":"closed","ping_status":"closed","template":"","meta":{"_acf_changed":false,"cybocfi_hide_featured_image":"","footnotes":""},"categories":[8],"class_list":["post-1320","page","type-page","status-publish","has-post-thumbnail","hentry","category-transparent-header-c"],"acf":[],"_links":{"self":[{"href":"https:\/\/tertiarysisters.org\/es\/wp-json\/wp\/v2\/pages\/1320","targetHints":{"allow":["GET"]}}],"collection":[{"href":"https:\/\/tertiarysisters.org\/es\/wp-json\/wp\/v2\/pages"}],"about":[{"href":"https:\/\/tertiarysisters.org\/es\/wp-json\/wp\/v2\/types\/page"}],"author":[{"embeddable":true,"href":"https:\/\/tertiarysisters.org\/es\/wp-json\/wp\/v2\/users\/1"}],"replies":[{"embeddable":true,"href":"https:\/\/tertiarysisters.org\/es\/wp-json\/wp\/v2\/comments?post=1320"}],"version-history":[{"count":56,"href":"https:\/\/tertiarysisters.org\/es\/wp-json\/wp\/v2\/pages\/1320\/revisions"}],"predecessor-version":[{"id":3709,"href":"https:\/\/tertiarysisters.org\/es\/wp-json\/wp\/v2\/pages\/1320\/revisions\/3709"}],"wp:featuredmedia":[{"embeddable":true,"href":"https:\/\/tertiarysisters.org\/es\/wp-json\/wp\/v2\/media\/1321"}],"wp:attachment":[{"href":"https:\/\/tertiarysisters.org\/es\/wp-json\/wp\/v2\/media?parent=1320"}],"wp:term":[{"taxonomy":"category","embeddable":true,"href":"https:\/\/tertiarysisters.org\/es\/wp-json\/wp\/v2\/categories?post=1320"}],"curies":[{"name":"wp","href":"https:\/\/api.w.org\/{rel}","templated":true}]}}