{"id":1373,"date":"2023-08-14T02:09:30","date_gmt":"2023-08-14T06:09:30","guid":{"rendered":"https:\/\/tertiarysisters.org\/?page_id=1373"},"modified":"2023-12-03T03:51:12","modified_gmt":"2023-12-03T08:51:12","slug":"carisma-y-mision","status":"publish","type":"page","link":"https:\/\/tertiarysisters.org\/es\/carisma-y-mision\/","title":{"rendered":"Carisma y Misi\u00f3n"},"content":{"rendered":"<div data-elementor-type=\"wp-page\" data-elementor-id=\"1373\" class=\"elementor elementor-1373\" data-elementor-post-type=\"page\">\n\t\t\t\t<div class=\"elementor-element elementor-element-4b2f8ca hero-page e-flex e-con-boxed e-con e-parent\" data-id=\"4b2f8ca\" data-element_type=\"container\" data-settings=\"{&quot;background_background&quot;:&quot;classic&quot;}\">\n\t\t\t\t\t<div class=\"e-con-inner\">\n\t\t<div class=\"elementor-element elementor-element-d1c6995 hero-title e-flex e-con-boxed e-con e-child\" data-id=\"d1c6995\" data-element_type=\"container\" data-settings=\"{&quot;background_background&quot;:&quot;classic&quot;}\">\n\t\t\t\t\t<div class=\"e-con-inner\">\n\t\t\t\t<div class=\"elementor-element elementor-element-801aacd elementor-widget-divider--view-line elementor-widget elementor-widget-divider\" data-id=\"801aacd\" data-element_type=\"widget\" data-widget_type=\"divider.default\">\n\t\t\t\t<div class=\"elementor-widget-container\">\n\t\t\t\t\t\t\t<div class=\"elementor-divider\">\n\t\t\t<span class=\"elementor-divider-separator\">\n\t\t\t\t\t\t<\/span>\n\t\t<\/div>\n\t\t\t\t\t\t<\/div>\n\t\t\t\t<\/div>\n\t\t\t\t\t<\/div>\n\t\t\t\t<\/div>\n\t\t\t\t\t<\/div>\n\t\t\t\t<\/div>\n\t\t<div class=\"elementor-element elementor-element-3ecfb92 intro-container bg-mint-green e-flex e-con-boxed e-con e-parent\" data-id=\"3ecfb92\" data-element_type=\"container\" data-settings=\"{&quot;background_background&quot;:&quot;classic&quot;}\">\n\t\t\t\t\t<div class=\"e-con-inner\">\n\t\t<div class=\"elementor-element elementor-element-98f92ee e-con-full e-flex e-con e-child\" data-id=\"98f92ee\" data-element_type=\"container\">\n\t\t\t\t<div class=\"elementor-element elementor-element-441a386 intro-heading-text elementor-widget elementor-widget-heading\" data-id=\"441a386\" data-element_type=\"widget\" data-widget_type=\"heading.default\">\n\t\t\t\t<div class=\"elementor-widget-container\">\n\t\t\t\t\t<h2 class=\"elementor-heading-title elementor-size-default\">Nuestro Carisma y Misi\u00f3n como Hermanas Terciarias de San Francisco es proclamar la Buena Nueva del Reino de Dios y hacer visible a Cristo. <\/h2>\t\t\t\t<\/div>\n\t\t\t\t<\/div>\n\t\t\t\t<div class=\"elementor-element elementor-element-2a53629 intro-heading-text elementor-widget elementor-widget-heading\" data-id=\"2a53629\" data-element_type=\"widget\" data-widget_type=\"heading.default\">\n\t\t\t\t<div class=\"elementor-widget-container\">\n\t\t\t\t\t<p class=\"elementor-heading-title elementor-size-default\"><p>Estamos abiertas y atentas a la Voluntad de Dios y respondemos a los signos y necesidades de nuestro tiempo.<p>Lo hacemos a trav\u00e9s de nuestros ministerios de educaci\u00f3n, sanidad, cuidado de ancianos, asistencia social y pastoral.<\/p>\n<\/p>\t\t\t\t<\/div>\n\t\t\t\t<\/div>\n\t\t\t\t<\/div>\n\t\t\t\t\t<\/div>\n\t\t\t\t<\/div>\n\t\t<div class=\"elementor-element elementor-element-fbe03ef e-con-full bg-irish-mint e-flex e-con e-parent\" data-id=\"fbe03ef\" data-element_type=\"container\" data-settings=\"{&quot;background_background&quot;:&quot;classic&quot;}\">\n\t\t<div class=\"elementor-element elementor-element-1108305a e-con-full e-flex e-con e-child\" data-id=\"1108305a\" data-element_type=\"container\">\n\t\t\t\t<div class=\"elementor-element elementor-element-5e8fb5d5 elementor-widget elementor-widget-text-editor\" data-id=\"5e8fb5d5\" data-element_type=\"widget\" data-widget_type=\"text-editor.default\">\n\t\t\t\t<div class=\"elementor-widget-container\">\n\t\t\t\t\t\t\t\t\t<p><strong>Siguiendo al ejemplo de Mar\u00eda Hueber, acompa\u00f1amos a los ni\u00f1os y j\u00f3venes, a los ancianos y enfermos, a los vulnerables abandonados y a todos los que necesitan acompa\u00f1amiento.<\/strong><\/p><p>Con nuestro ser, llevamos amor, fe y esperanza a la gente. En nuestras comunidades, proporcionamos un espacio en el que las personas pueden sentirse como en casa y recibir ayuda material, la salud y lo  espiritual. Socialmente, tratamos de crear en las personas, que encontramos, la conciencia de su valor y dignidad como personas humanas.<\/p><p>Adem\u00e1s, utilizamos creativamente nuestros recursos al servicio de nuestra misi\u00f3n.<\/p><p>Estamos agradecidas de que, en Mar\u00eda Hueber, nuestra Madre Fundadora, tengamos un ejemplo vivo de una mujer, que sigui\u00f3 su visi\u00f3n de educar a las ni\u00f1as con generosidad y prudencia.<\/p>\t\t\t\t\t\t\t\t<\/div>\n\t\t\t\t<\/div>\n\t\t\t\t<\/div>\n\t\t<div class=\"elementor-element elementor-element-6af5b285 e-con-full e-flex e-con e-child\" data-id=\"6af5b285\" data-element_type=\"container\" data-settings=\"{&quot;background_background&quot;:&quot;classic&quot;}\">\n\t\t\t\t<\/div>\n\t\t\t\t<\/div>\n\t\t\t\t<\/div>","protected":false},"excerpt":{"rendered":"<p>Our Charism and Mission as Tertiary Sisters of St. Francis is to proclaim the Good News of the Kingdom of God and make Christ visible. We are open and attentive to the Will of God and respond to the signs and the needs of the time. We do this through our ministries of education, healthcare, [&hellip;]<\/p>","protected":false},"author":1,"featured_media":2935,"parent":0,"menu_order":0,"comment_status":"closed","ping_status":"closed","template":"","meta":{"_acf_changed":false,"cybocfi_hide_featured_image":"","footnotes":""},"categories":[8],"class_list":["post-1373","page","type-page","status-publish","has-post-thumbnail","hentry","category-transparent-header-c"],"acf":[],"_links":{"self":[{"href":"https:\/\/tertiarysisters.org\/es\/wp-json\/wp\/v2\/pages\/1373","targetHints":{"allow":["GET"]}}],"collection":[{"href":"https:\/\/tertiarysisters.org\/es\/wp-json\/wp\/v2\/pages"}],"about":[{"href":"https:\/\/tertiarysisters.org\/es\/wp-json\/wp\/v2\/types\/page"}],"author":[{"embeddable":true,"href":"https:\/\/tertiarysisters.org\/es\/wp-json\/wp\/v2\/users\/1"}],"replies":[{"embeddable":true,"href":"https:\/\/tertiarysisters.org\/es\/wp-json\/wp\/v2\/comments?post=1373"}],"version-history":[{"count":36,"href":"https:\/\/tertiarysisters.org\/es\/wp-json\/wp\/v2\/pages\/1373\/revisions"}],"predecessor-version":[{"id":3718,"href":"https:\/\/tertiarysisters.org\/es\/wp-json\/wp\/v2\/pages\/1373\/revisions\/3718"}],"wp:featuredmedia":[{"embeddable":true,"href":"https:\/\/tertiarysisters.org\/es\/wp-json\/wp\/v2\/media\/2935"}],"wp:attachment":[{"href":"https:\/\/tertiarysisters.org\/es\/wp-json\/wp\/v2\/media?parent=1373"}],"wp:term":[{"taxonomy":"category","embeddable":true,"href":"https:\/\/tertiarysisters.org\/es\/wp-json\/wp\/v2\/categories?post=1373"}],"curies":[{"name":"wp","href":"https:\/\/api.w.org\/{rel}","templated":true}]}}