{"id":1709,"date":"2023-09-19T07:07:21","date_gmt":"2023-09-19T11:07:21","guid":{"rendered":"https:\/\/tertiarysisters.org\/?page_id=1709"},"modified":"2023-12-03T05:33:04","modified_gmt":"2023-12-03T10:33:04","slug":"informacion-para-padres-sobre-el-tema-vocacional","status":"publish","type":"page","link":"https:\/\/tertiarysisters.org\/es\/vocaciones\/informacion-para-padres-sobre-el-tema-vocacional\/","title":{"rendered":"Informaci\u00f3n para padres sobre el tema vocacional"},"content":{"rendered":"<div data-elementor-type=\"wp-page\" data-elementor-id=\"1709\" class=\"elementor elementor-1709\" data-elementor-post-type=\"page\">\n\t\t\t\t<div class=\"elementor-element elementor-element-4b2f8ca hero-page e-flex e-con-boxed e-con e-parent\" data-id=\"4b2f8ca\" data-element_type=\"container\" data-settings=\"{&quot;background_background&quot;:&quot;classic&quot;}\">\n\t\t\t\t\t<div class=\"e-con-inner\">\n\t\t<div class=\"elementor-element elementor-element-d1c6995 hero-title e-flex e-con-boxed e-con e-child\" data-id=\"d1c6995\" data-element_type=\"container\" data-settings=\"{&quot;background_background&quot;:&quot;classic&quot;}\">\n\t\t\t\t\t<div class=\"e-con-inner\">\n\t\t\t\t<div class=\"elementor-element elementor-element-801aacd elementor-widget-divider--view-line elementor-widget elementor-widget-divider\" data-id=\"801aacd\" data-element_type=\"widget\" data-widget_type=\"divider.default\">\n\t\t\t\t<div class=\"elementor-widget-container\">\n\t\t\t\t\t\t\t<div class=\"elementor-divider\">\n\t\t\t<span class=\"elementor-divider-separator\">\n\t\t\t\t\t\t<\/span>\n\t\t<\/div>\n\t\t\t\t\t\t<\/div>\n\t\t\t\t<\/div>\n\t\t\t\t\t<\/div>\n\t\t\t\t<\/div>\n\t\t\t\t\t<\/div>\n\t\t\t\t<\/div>\n\t\t<div class=\"elementor-element elementor-element-3ecfb92 bg-mint-green e-flex e-con-boxed e-con e-parent\" data-id=\"3ecfb92\" data-element_type=\"container\" data-settings=\"{&quot;background_background&quot;:&quot;classic&quot;}\">\n\t\t\t\t\t<div class=\"e-con-inner\">\n\t\t<div class=\"elementor-element elementor-element-98f92ee e-con-full e-flex e-con e-child\" data-id=\"98f92ee\" data-element_type=\"container\">\n\t\t\t\t<div class=\"elementor-element elementor-element-6691e48 elementor-widget elementor-widget-heading\" data-id=\"6691e48\" data-element_type=\"widget\" data-widget_type=\"heading.default\">\n\t\t\t\t<div class=\"elementor-widget-container\">\n\t\t\t\t\t<h2 class=\"elementor-heading-title elementor-size-default\">Una gu\u00eda para padres<\/h2>\t\t\t\t<\/div>\n\t\t\t\t<\/div>\n\t\t\t\t<div class=\"elementor-element elementor-element-c985b14 elementor-widget elementor-widget-text-editor\" data-id=\"c985b14\" data-element_type=\"widget\" data-widget_type=\"text-editor.default\">\n\t\t\t\t<div class=\"elementor-widget-container\">\n\t\t\t\t\t\t\t\t\t<p>Todos los padres quieren que sus hijos crezcan y lleven una vida feliz y plena. Pocos padres se imaginan la vida de su hija como hermana.<\/p><p>Si se siente confundido, ansioso o simplemente desea obtener m\u00e1s informaci\u00f3n, ha venido al lugar correcto.<\/p><p>Te invitamos a revisar la lista de preguntas frecuentes y explorar nuestro sitio web, para aprender m\u00e1s sobre las Hermanas Terciarias .<\/p><p>Sobre todo, te animamos a hablar con tu hija y comprender su deseo de llevar una vida religiosa.\nNuestra misi\u00f3n es, hacer el bien en el mundo.<\/p><p>Nuestra misi\u00f3n es, hacer el bien en el mundo. Puedes estar orgulloso de que tu hija, a trav\u00e9s de tu ejemplo, tenga el deseo de hacer el bien y servir a la humanidad y a Dios.<\/p>\t\t\t\t\t\t\t\t<\/div>\n\t\t\t\t<\/div>\n\t\t\t\t<\/div>\n\t\t\t\t\t<\/div>\n\t\t\t\t<\/div>\n\t\t<div class=\"elementor-element elementor-element-b1bf1ff bg-irish-mint e-flex e-con-boxed e-con e-parent\" data-id=\"b1bf1ff\" data-element_type=\"container\" data-settings=\"{&quot;background_background&quot;:&quot;classic&quot;}\">\n\t\t\t\t\t<div class=\"e-con-inner\">\n\t\t<div class=\"elementor-element elementor-element-f907970 e-con-full e-flex e-con e-child\" data-id=\"f907970\" data-element_type=\"container\">\n\t\t\t\t<div class=\"elementor-element elementor-element-62319e4 uael-faq-box-layout-yes align-at-left elementor-widget elementor-widget-uael-faq\" data-id=\"62319e4\" data-element_type=\"widget\" data-widget_type=\"uael-faq.default\">\n\t\t\t\t<div class=\"elementor-widget-container\">\n\t\t\t\t\t\n\t\t\t<div id='uael-faq-wrapper-102' class=\"uael-faq-wrapper\">\n\t\t\t\t<div class=\"uael-faq-container uael-faq-layout-accordion\" data-layout=\"accordion\" >\n\t\t\t\t\t\t\t\t\t\t\t\t<div id=\"uael-accordion-12d1d3b\" class=\"uael-faq-accordion\" role=\"tablist\">\n\t\t\t\t\t\t\t\t<div class= \"uael-accordion-title\" aria-expanded=\"false\" role=\"tab\">\n\t\t\t\t\t\t\t\t\t<span class=\"uael-accordion-icon uael-accordion-icon-left\">\n\t\t\t\t\t\t\t\t\t\t<span class=\"uael-accordion-icon-closed\"><i class=\"fas fa-plus\"><\/i><\/span>\n\t\t\t\t\t\t\t\t\t\t<span class=\"uael-accordion-icon-opened\"><i class=\"fas fa-minus\"><\/i><\/span>\n\t\t\t\t\t\t\t\t\t<\/span>\n\t\t\t\t\t\t\t\t\t<span class=\"uael-question-12d1d3b uael-question-span\" tabindex=\"0\" id=\"uael-faq-1-69ebba411a74a\">\u00bfC\u00f3mo debo responder, si mi hija me dice, que est\u00e1 pensando en la vida religiosa?<\/span>\n\t\t\t\t\t\t\t\t<\/div>\n\t\t\t\t\t\t\t\t<div class=\"uael-accordion-content\" role=\"tabpanel\">\n\t\t\t\t\t\t\t\t\t<span>\n\t\t\t\t\t\t\t\t\t<span><p>Algunos padres quedan completamente sorprendidos por el inter\u00e9s de su hija por la vida religiosa. Otros saben desde hace mucho tiempo, que su hija estaba pensando en servir en la Iglesia. Est\u00e9s donde est\u00e9s, la decisi\u00f3n de tu hija es sin duda significativa.<\/p><p>Ya sea, que al principio est\u00e9s emocionado, asustado, enojado o confundido. Lo mejor,que puedes hacer, es hablar con tu hija. \u00bfCuales son sus metas en la vida? \u00bfQu\u00e9 la llev\u00f3 a una vida como hermana? \u00bfC\u00f3mo se relaciona una profesi\u00f3n religiosa con sus principios?<\/p><p>A continuaci\u00f3n, te animamos a conocer m\u00e1s sobre la vida religiosa y las hermanas terciarias . Este sitio web es una buena fuente de informaci\u00f3n. Y nuestras hermanas y nuestro equipo de vocaciones estar\u00e1n felices de hablar con usted sobre su misi\u00f3n, su programa vocacional y c\u00f3mo es la vida religiosa en el mundo real.<\/p><\/span>\t\t\t\t\t\t\t\t\t<\/span>\n\t\t\t\t\t\t\t\t<\/div>\n\t\t\t\t\t\t\t<\/div>\n\t\t\t\t\t\t\t\t\t\t\t\t\t\t<div id=\"uael-accordion-eef5a4d\" class=\"uael-faq-accordion\" role=\"tablist\">\n\t\t\t\t\t\t\t\t<div class= \"uael-accordion-title\" aria-expanded=\"false\" role=\"tab\">\n\t\t\t\t\t\t\t\t\t<span class=\"uael-accordion-icon uael-accordion-icon-left\">\n\t\t\t\t\t\t\t\t\t\t<span class=\"uael-accordion-icon-closed\"><i class=\"fas fa-plus\"><\/i><\/span>\n\t\t\t\t\t\t\t\t\t\t<span class=\"uael-accordion-icon-opened\"><i class=\"fas fa-minus\"><\/i><\/span>\n\t\t\t\t\t\t\t\t\t<\/span>\n\t\t\t\t\t\t\t\t\t<span class=\"uael-question-eef5a4d uael-question-span\" tabindex=\"0\" id=\"uael-faq-2-69ebba411a7af\">\u00bfC\u00f3mo son las relaciones entre padres e hijos entre las hermanas y sus padres?<\/span>\n\t\t\t\t\t\t\t\t<\/div>\n\t\t\t\t\t\t\t\t<div class=\"uael-accordion-content\" role=\"tabpanel\">\n\t\t\t\t\t\t\t\t\t<span>\n\t\t\t\t\t\t\t\t\t<span><p class=\"p1\">B\u00e1sicamente as\u00ed, como era antes, de que las mujeres entraban en la vida religiosa. \u00a1Padres siguen siendo padres y ni\u00f1os son ni\u00f1os!<\/p><p class=\"p1\">B\u00e1sicamente as\u00ed, como era antes, de que las mujeres entraban en la vida religiosa. \u00a1Padres siguen siendo padres y ni\u00f1os son ni\u00f1os!<\/p><\/span>\t\t\t\t\t\t\t\t\t<\/span>\n\t\t\t\t\t\t\t\t<\/div>\n\t\t\t\t\t\t\t<\/div>\n\t\t\t\t\t\t\t\t\t\t\t\t\t\t<div id=\"uael-accordion-ce318e6\" class=\"uael-faq-accordion\" role=\"tablist\">\n\t\t\t\t\t\t\t\t<div class= \"uael-accordion-title\" aria-expanded=\"false\" role=\"tab\">\n\t\t\t\t\t\t\t\t\t<span class=\"uael-accordion-icon uael-accordion-icon-left\">\n\t\t\t\t\t\t\t\t\t\t<span class=\"uael-accordion-icon-closed\"><i class=\"fas fa-plus\"><\/i><\/span>\n\t\t\t\t\t\t\t\t\t\t<span class=\"uael-accordion-icon-opened\"><i class=\"fas fa-minus\"><\/i><\/span>\n\t\t\t\t\t\t\t\t\t<\/span>\n\t\t\t\t\t\t\t\t\t<span class=\"uael-question-ce318e6 uael-question-span\" tabindex=\"0\" id=\"uael-faq-3-69ebba411a7ea\">\u00a1Esta es una gran sorpresa! \u00bfPor qu\u00e9 mi hija eligi\u00f3 esta vocaci\u00f3n?<\/span>\n\t\t\t\t\t\t\t\t<\/div>\n\t\t\t\t\t\t\t\t<div class=\"uael-accordion-content\" role=\"tabpanel\">\n\t\t\t\t\t\t\t\t\t<span>\n\t\t\t\t\t\t\t\t\t<span><p>\u00a1Esta pregunta es dif\u00edcil de responder en Internet!<\/p><p>Descubrimos, que la respuesta a la pregunta, de por qu\u00e9 los ni\u00f1os eligen seguir otros llamamientos, trayectorias profesionales y elecciones de vida, es generalmente la misma: cada uno tiene una misi\u00f3n \u00fanica que cumplir en la vida y un camino \u00fanico que tomar.<\/p><\/span>\t\t\t\t\t\t\t\t\t<\/span>\n\t\t\t\t\t\t\t\t<\/div>\n\t\t\t\t\t\t\t<\/div>\n\t\t\t\t\t\t\t\t\t\t\t\t\t\t<div id=\"uael-accordion-ecb7c59\" class=\"uael-faq-accordion\" role=\"tablist\">\n\t\t\t\t\t\t\t\t<div class= \"uael-accordion-title\" aria-expanded=\"false\" role=\"tab\">\n\t\t\t\t\t\t\t\t\t<span class=\"uael-accordion-icon uael-accordion-icon-left\">\n\t\t\t\t\t\t\t\t\t\t<span class=\"uael-accordion-icon-closed\"><i class=\"fas fa-plus\"><\/i><\/span>\n\t\t\t\t\t\t\t\t\t\t<span class=\"uael-accordion-icon-opened\"><i class=\"fas fa-minus\"><\/i><\/span>\n\t\t\t\t\t\t\t\t\t<\/span>\n\t\t\t\t\t\t\t\t\t<span class=\"uael-question-ecb7c59 uael-question-span\" tabindex=\"0\" id=\"uael-faq-4-69ebba411a820\">\u00bfCu\u00e1l es la mejor manera de apoyar a mi hija en el proceso de toma de decisiones y de apelaciones?<\/span>\n\t\t\t\t\t\t\t\t<\/div>\n\t\t\t\t\t\t\t\t<div class=\"uael-accordion-content\" role=\"tabpanel\">\n\t\t\t\t\t\t\t\t\t<span>\n\t\t\t\t\t\t\t\t\t<span><p>\u00a1Como padres, siempre han apoyado a su hija! Habla con ella, intenta comprender sus motivos y conoce a las hermanas terciarias.<\/p><p>An\u00edmela a participar en programas de exploraci\u00f3n profesional, ore pidiendo la gu\u00eda del Esp\u00edritu Santo (para usted y su hija) y, lo m\u00e1s importante, an\u00edmela a tomar la decisi\u00f3n, que ella crea correcta.<\/p><\/span>\t\t\t\t\t\t\t\t\t<\/span>\n\t\t\t\t\t\t\t\t<\/div>\n\t\t\t\t\t\t\t<\/div>\n\t\t\t\t\t\t\t\t\t\t\t\t\t\t<div id=\"uael-accordion-8a017b5\" class=\"uael-faq-accordion\" role=\"tablist\">\n\t\t\t\t\t\t\t\t<div class= \"uael-accordion-title\" aria-expanded=\"false\" role=\"tab\">\n\t\t\t\t\t\t\t\t\t<span class=\"uael-accordion-icon uael-accordion-icon-left\">\n\t\t\t\t\t\t\t\t\t\t<span class=\"uael-accordion-icon-closed\"><i class=\"fas fa-plus\"><\/i><\/span>\n\t\t\t\t\t\t\t\t\t\t<span class=\"uael-accordion-icon-opened\"><i class=\"fas fa-minus\"><\/i><\/span>\n\t\t\t\t\t\t\t\t\t<\/span>\n\t\t\t\t\t\t\t\t\t<span class=\"uael-question-8a017b5 uael-question-span\" tabindex=\"0\" id=\"uael-faq-5-69ebba411a854\">\u00bfEs normal, que me decepcione? \u00bfEstoy preocupado?<\/span>\n\t\t\t\t\t\t\t\t<\/div>\n\t\t\t\t\t\t\t\t<div class=\"uael-accordion-content\" role=\"tabpanel\">\n\t\t\t\t\t\t\t\t\t<span>\n\t\t\t\t\t\t\t\t\t<span><p class=\"p1\">\u00a1Absolutamente! Es completamente normal, que los padres que pueden haber tenido sue\u00f1os diferentes con su hija, se sientan decepcionados o confundidos. Vivir una vida religiosa no es una elecci\u00f3n com\u00fan.<\/p><p>Cuanto mejor comprendan los padres las motivaciones de su hija y cuanto m\u00e1s familiarizados est\u00e9n con la vida religiosa, mejor se sentir\u00e1n acerca de la decisi\u00f3n de su hija.<\/p><p>Habla abiertamente con tu hija, conoce m\u00e1s sobre las hermanas terciarias y su trabajo y recuerda, que es un gran regalo poder hacer realidada sus sue\u00f1os.<\/p><\/span>\t\t\t\t\t\t\t\t\t<\/span>\n\t\t\t\t\t\t\t\t<\/div>\n\t\t\t\t\t\t\t<\/div>\n\t\t\t\t\t\t\t\t\t\t\t<\/div>\n\t\t\t<\/div>\n\t\t\t\t\t\t\t<\/div>\n\t\t\t\t<\/div>\n\t\t\t\t<\/div>\n\t\t\t\t\t<\/div>\n\t\t\t\t<\/div>\n\t\t\t\t<\/div>","protected":false},"excerpt":{"rendered":"<p>A guide for parents All parents want to see their children grow up to lead happy and fulfilling lives. Few, however, imagined a life for their daughters as sisters. If you&#8217;re feeling confused, anxious, or simply want more information, this is a great place to start. We invite you to read through this list of [&hellip;]<\/p>","protected":false},"author":1,"featured_media":1711,"parent":980,"menu_order":0,"comment_status":"closed","ping_status":"closed","template":"","meta":{"_acf_changed":false,"cybocfi_hide_featured_image":"","footnotes":""},"categories":[8],"class_list":["post-1709","page","type-page","status-publish","has-post-thumbnail","hentry","category-transparent-header-c"],"acf":[],"_links":{"self":[{"href":"https:\/\/tertiarysisters.org\/es\/wp-json\/wp\/v2\/pages\/1709","targetHints":{"allow":["GET"]}}],"collection":[{"href":"https:\/\/tertiarysisters.org\/es\/wp-json\/wp\/v2\/pages"}],"about":[{"href":"https:\/\/tertiarysisters.org\/es\/wp-json\/wp\/v2\/types\/page"}],"author":[{"embeddable":true,"href":"https:\/\/tertiarysisters.org\/es\/wp-json\/wp\/v2\/users\/1"}],"replies":[{"embeddable":true,"href":"https:\/\/tertiarysisters.org\/es\/wp-json\/wp\/v2\/comments?post=1709"}],"version-history":[{"count":34,"href":"https:\/\/tertiarysisters.org\/es\/wp-json\/wp\/v2\/pages\/1709\/revisions"}],"predecessor-version":[{"id":3857,"href":"https:\/\/tertiarysisters.org\/es\/wp-json\/wp\/v2\/pages\/1709\/revisions\/3857"}],"up":[{"embeddable":true,"href":"https:\/\/tertiarysisters.org\/es\/wp-json\/wp\/v2\/pages\/980"}],"wp:featuredmedia":[{"embeddable":true,"href":"https:\/\/tertiarysisters.org\/es\/wp-json\/wp\/v2\/media\/1711"}],"wp:attachment":[{"href":"https:\/\/tertiarysisters.org\/es\/wp-json\/wp\/v2\/media?parent=1709"}],"wp:term":[{"taxonomy":"category","embeddable":true,"href":"https:\/\/tertiarysisters.org\/es\/wp-json\/wp\/v2\/categories?post=1709"}],"curies":[{"name":"wp","href":"https:\/\/api.w.org\/{rel}","templated":true}]}}