{"id":2503,"date":"2023-11-09T07:20:35","date_gmt":"2023-11-09T12:20:35","guid":{"rendered":"https:\/\/tertiarysisters.org\/?page_id=2503"},"modified":"2023-12-03T04:26:27","modified_gmt":"2023-12-03T09:26:27","slug":"salud","status":"publish","type":"page","link":"https:\/\/tertiarysisters.org\/es\/salud\/","title":{"rendered":"Salud"},"content":{"rendered":"<div data-elementor-type=\"wp-page\" data-elementor-id=\"2503\" class=\"elementor elementor-2503\" data-elementor-post-type=\"page\">\n\t\t\t\t<div class=\"elementor-element elementor-element-4b2f8ca hero-page e-flex e-con-boxed e-con e-parent\" data-id=\"4b2f8ca\" data-element_type=\"container\" data-settings=\"{&quot;background_background&quot;:&quot;classic&quot;}\">\n\t\t\t\t\t<div class=\"e-con-inner\">\n\t\t<div class=\"elementor-element elementor-element-d1c6995 hero-title e-flex e-con-boxed e-con e-child\" data-id=\"d1c6995\" data-element_type=\"container\" data-settings=\"{&quot;background_background&quot;:&quot;classic&quot;}\">\n\t\t\t\t\t<div class=\"e-con-inner\">\n\t\t\t\t<div class=\"elementor-element elementor-element-801aacd elementor-widget-divider--view-line elementor-widget elementor-widget-divider\" data-id=\"801aacd\" data-element_type=\"widget\" data-widget_type=\"divider.default\">\n\t\t\t\t<div class=\"elementor-widget-container\">\n\t\t\t\t\t\t\t<div class=\"elementor-divider\">\n\t\t\t<span class=\"elementor-divider-separator\">\n\t\t\t\t\t\t<\/span>\n\t\t<\/div>\n\t\t\t\t\t\t<\/div>\n\t\t\t\t<\/div>\n\t\t\t\t<div class=\"elementor-element elementor-element-d68474d hero-heading-text elementor-widget elementor-widget-heading\" data-id=\"d68474d\" data-element_type=\"widget\" data-widget_type=\"heading.default\">\n\t\t\t\t<div class=\"elementor-widget-container\">\n\t\t\t\t\t<h2 class=\"elementor-heading-title elementor-size-default\">Salud<\/h2>\t\t\t\t<\/div>\n\t\t\t\t<\/div>\n\t\t\t\t\t<\/div>\n\t\t\t\t<\/div>\n\t\t\t\t\t<\/div>\n\t\t\t\t<\/div>\n\t\t<div class=\"elementor-element elementor-element-3ecfb92 e-con-full bg-mint-green e-flex e-con e-parent\" data-id=\"3ecfb92\" data-element_type=\"container\" data-settings=\"{&quot;background_background&quot;:&quot;classic&quot;}\">\n\t\t<div class=\"elementor-element elementor-element-98f92ee e-con-full e-flex e-con e-child\" data-id=\"98f92ee\" data-element_type=\"container\">\n\t\t\t\t<div class=\"elementor-element elementor-element-3ce157e elementor-widget elementor-widget-text-editor\" data-id=\"3ce157e\" data-element_type=\"widget\" data-widget_type=\"text-editor.default\">\n\t\t\t\t<div class=\"elementor-widget-container\">\n\t\t\t\t\t\t\t\t\t<p>Nuestro servicio de salud es una expresi\u00f3n viva de nuestro compromiso con las personas enfermas y que sufren, dondequiera que est\u00e9n.<\/p><p>En \u00c1frica, Europa y Am\u00e9rica Latina, nuestro servicio de salud opera hospitales, cl\u00ednicas, escuelas de enfermer\u00eda, cursos de educaci\u00f3n para la salud y centros de atenci\u00f3n para ancianos.<\/p>\t\t\t\t\t\t\t\t<\/div>\n\t\t\t\t<\/div>\n\t\t\t\t<\/div>\n\t\t<div class=\"elementor-element elementor-element-b061c02 e-con-full e-flex e-con e-child\" data-id=\"b061c02\" data-element_type=\"container\">\n\t\t\t\t<div class=\"elementor-element elementor-element-5574dbf elementor-toc--minimized-on-mobile toc-intro elementor-widget elementor-widget-table-of-contents\" data-id=\"5574dbf\" data-element_type=\"widget\" data-settings=\"{&quot;exclude_headings_by_selector&quot;:&quot;.intro-heading-text, .hero-heading-text&quot;,&quot;marker_view&quot;:&quot;bullets&quot;,&quot;icon&quot;:{&quot;value&quot;:&quot;fas fa-square-full&quot;,&quot;library&quot;:&quot;fa-solid&quot;},&quot;minimized_on&quot;:&quot;mobile&quot;,&quot;headings_by_tags&quot;:[&quot;h2&quot;,&quot;h3&quot;,&quot;h4&quot;,&quot;h5&quot;,&quot;h6&quot;],&quot;no_headings_message&quot;:&quot;Es wurden keine \\u00dcberschriften auf dieser Seite gefunden.&quot;,&quot;minimize_box&quot;:&quot;yes&quot;,&quot;hierarchical_view&quot;:&quot;yes&quot;,&quot;min_height&quot;:{&quot;unit&quot;:&quot;px&quot;,&quot;size&quot;:&quot;&quot;,&quot;sizes&quot;:[]},&quot;min_height_tablet&quot;:{&quot;unit&quot;:&quot;px&quot;,&quot;size&quot;:&quot;&quot;,&quot;sizes&quot;:[]},&quot;min_height_mobile&quot;:{&quot;unit&quot;:&quot;px&quot;,&quot;size&quot;:&quot;&quot;,&quot;sizes&quot;:[]}}\" data-widget_type=\"table-of-contents.default\">\n\t\t\t\t<div class=\"elementor-widget-container\">\n\t\t\t\t\t\t\t<div class=\"elementor-toc__header\">\n\t\t\t<h4 class=\"elementor-toc__header-title\">\n\t\t\t\tPerfil\t\t\t<\/h4>\n\t\t\t\t\t\t\t<div class=\"elementor-toc__toggle-button elementor-toc__toggle-button--expand\" role=\"button\" tabindex=\"0\" aria-controls=\"elementor-toc__5574dbf\" aria-expanded=\"true\" aria-label=\"Inhaltsverzeichnis \u00f6ffnen\" data-no-translation-aria-label=\"\"><i aria-hidden=\"true\" class=\"fas fa-chevron-down\"><\/i><\/div>\n\t\t\t\t<div class=\"elementor-toc__toggle-button elementor-toc__toggle-button--collapse\" role=\"button\" tabindex=\"0\" aria-controls=\"elementor-toc__5574dbf\" aria-expanded=\"true\" aria-label=\"Inhaltsverzeichnis schlie\u00dfen\" data-no-translation-aria-label=\"\"><i aria-hidden=\"true\" class=\"fas fa-chevron-up\"><\/i><\/div>\n\t\t\t\t\t<\/div>\n\t\t<div id=\"elementor-toc__5574dbf\" class=\"elementor-toc__body\">\n\t\t\t<div class=\"elementor-toc__spinner-container\">\n\t\t\t\t<i class=\"elementor-toc__spinner eicon-animation-spin eicon-loading\" aria-hidden=\"true\"><\/i>\t\t\t<\/div>\n\t\t<\/div>\n\t\t\t\t\t\t<\/div>\n\t\t\t\t<\/div>\n\t\t\t\t<div class=\"elementor-element elementor-element-8842748 elementor-align-left elementor-widget elementor-widget-button\" data-id=\"8842748\" data-element_type=\"widget\" data-widget_type=\"button.default\">\n\t\t\t\t<div class=\"elementor-widget-container\">\n\t\t\t\t\t\t\t\t\t<div class=\"elementor-button-wrapper\">\n\t\t\t\t\t<a class=\"elementor-button elementor-button-link elementor-size-xs elementor-animation-grow\" href=\"https:\/\/tertiarysisters.org\/es\/donar\/\">\n\t\t\t\t\t\t<span class=\"elementor-button-content-wrapper\">\n\t\t\t\t\t\t\t\t\t<span class=\"elementor-button-text\">Donar a nuestro servicio de salud<\/span>\n\t\t\t\t\t<\/span>\n\t\t\t\t\t<\/a>\n\t\t\t\t<\/div>\n\t\t\t\t\t\t\t\t<\/div>\n\t\t\t\t<\/div>\n\t\t\t\t<\/div>\n\t\t\t\t<\/div>\n\t\t<div class=\"elementor-element elementor-element-af06852 e-con-full bg-irish-mint e-flex e-con e-parent\" data-id=\"af06852\" data-element_type=\"container\" data-settings=\"{&quot;background_background&quot;:&quot;classic&quot;}\">\n\t\t<div class=\"elementor-element elementor-element-e0d965c e-con-full e-flex e-con e-child\" data-id=\"e0d965c\" data-element_type=\"container\">\n\t\t\t\t<div class=\"elementor-element elementor-element-596b8a2 elementor-widget elementor-widget-heading\" data-id=\"596b8a2\" data-element_type=\"widget\" data-widget_type=\"heading.default\">\n\t\t\t\t<div class=\"elementor-widget-container\">\n\t\t\t\t\t<h2 class=\"elementor-heading-title elementor-size-default\">Facultad Cat\u00f3lica de Ciencias de la Salud<\/h2>\t\t\t\t<\/div>\n\t\t\t\t<\/div>\n\t\t\t\t<div class=\"elementor-element elementor-element-46d5775 bg-box-subhead elementor-widget elementor-widget-heading\" data-id=\"46d5775\" data-element_type=\"widget\" data-widget_type=\"heading.default\">\n\t\t\t\t<div class=\"elementor-widget-container\">\n\t\t\t\t\t<div class=\"elementor-heading-title elementor-size-default\">de Shisong-Camer\u00fan\n\n<\/div>\t\t\t\t<\/div>\n\t\t\t\t<\/div>\n\t\t\t\t<div class=\"elementor-element elementor-element-4da081e translation-block elementor-widget elementor-widget-text-editor\" data-id=\"4da081e\" data-element_type=\"widget\" data-widget_type=\"text-editor.default\">\n\t\t\t\tLa escuela de enfermer\u00eda de las Hermanas Terciarias es una de las principales escuelas de enfermer\u00eda y ciencias de la salud en Camer\u00fan, cuyos programas est\u00e1n adaptados a las necesidades particulares de Camer\u00fan. La Iglesia Cat\u00f3lica proporciona aproximadamente un tercio de la atenci\u00f3n sanitaria eclesi\u00e1stica en Camer\u00fan. Las Hermanas Terciarias son la mayor orden cat\u00f3lica, que opera en Camer\u00fan.\n\t\t\t\t<\/div>\n\t\t\t\t<div class=\"elementor-element elementor-element-f9cd1d7 elementor-align-left elementor-widget elementor-widget-button\" data-id=\"f9cd1d7\" data-element_type=\"widget\" data-widget_type=\"button.default\">\n\t\t\t\t<div class=\"elementor-widget-container\">\n\t\t\t\t\t\t\t\t\t<div class=\"elementor-button-wrapper\">\n\t\t\t\t\t<a class=\"elementor-button elementor-button-link elementor-size-xs elementor-animation-grow\" href=\"https:\/\/tertiarysisters.org\/es\/capacitar-a-la-proxima-generacion-de-trabajadores-de-la-salud-de-camerun\/\">\n\t\t\t\t\t\t<span class=\"elementor-button-content-wrapper\">\n\t\t\t\t\t\t\t\t\t<span class=\"elementor-button-text\">Lee el perfil<\/span>\n\t\t\t\t\t<\/span>\n\t\t\t\t\t<\/a>\n\t\t\t\t<\/div>\n\t\t\t\t\t\t\t\t<\/div>\n\t\t\t\t<\/div>\n\t\t\t\t<div class=\"elementor-element elementor-element-b6c6485 elementor-widget elementor-widget-html\" data-id=\"b6c6485\" data-element_type=\"widget\" data-widget_type=\"html.default\">\n\t\t\t\t<div class=\"elementor-widget-container\">\n\t\t\t\t\t<script>\njQuery(document).ready(function($) {\nvar delay = 100; setTimeout(function() {\n$('.elementor-tab-title').removeClass('elementor-active');\n $('.elementor-tab-content').css('display', 'none'); }, delay);\n});\n<\/script>\t\t\t\t<\/div>\n\t\t\t\t<\/div>\n\t\t\t\t<\/div>\n\t\t<div class=\"elementor-element elementor-element-e541009 e-con-full e-flex e-con e-child\" data-id=\"e541009\" data-element_type=\"container\" data-settings=\"{&quot;background_background&quot;:&quot;classic&quot;}\">\n\t\t\t\t<\/div>\n\t\t\t\t<\/div>\n\t\t\t\t<\/div>","protected":false},"excerpt":{"rendered":"<p>Our health ministry is a living expression of our commitment to helping the sick and suffering, wherever they may be. In Africa, Europe, and Latin America, our health ministry operates hospitals, clinics, nursing schools, health education classes, and elder care services. Profile Make a gift to our health ministry Catholic School of Health Sciences Shisong, [&hellip;]<\/p>","protected":false},"author":1,"featured_media":2505,"parent":0,"menu_order":0,"comment_status":"closed","ping_status":"closed","template":"","meta":{"_acf_changed":false,"cybocfi_hide_featured_image":"","footnotes":""},"categories":[8],"class_list":["post-2503","page","type-page","status-publish","has-post-thumbnail","hentry","category-transparent-header-c"],"acf":[],"_links":{"self":[{"href":"https:\/\/tertiarysisters.org\/es\/wp-json\/wp\/v2\/pages\/2503","targetHints":{"allow":["GET"]}}],"collection":[{"href":"https:\/\/tertiarysisters.org\/es\/wp-json\/wp\/v2\/pages"}],"about":[{"href":"https:\/\/tertiarysisters.org\/es\/wp-json\/wp\/v2\/types\/page"}],"author":[{"embeddable":true,"href":"https:\/\/tertiarysisters.org\/es\/wp-json\/wp\/v2\/users\/1"}],"replies":[{"embeddable":true,"href":"https:\/\/tertiarysisters.org\/es\/wp-json\/wp\/v2\/comments?post=2503"}],"version-history":[{"count":26,"href":"https:\/\/tertiarysisters.org\/es\/wp-json\/wp\/v2\/pages\/2503\/revisions"}],"predecessor-version":[{"id":5873,"href":"https:\/\/tertiarysisters.org\/es\/wp-json\/wp\/v2\/pages\/2503\/revisions\/5873"}],"wp:featuredmedia":[{"embeddable":true,"href":"https:\/\/tertiarysisters.org\/es\/wp-json\/wp\/v2\/media\/2505"}],"wp:attachment":[{"href":"https:\/\/tertiarysisters.org\/es\/wp-json\/wp\/v2\/media?parent=2503"}],"wp:term":[{"taxonomy":"category","embeddable":true,"href":"https:\/\/tertiarysisters.org\/es\/wp-json\/wp\/v2\/categories?post=2503"}],"curies":[{"name":"wp","href":"https:\/\/api.w.org\/{rel}","templated":true}]}}