{"id":2541,"date":"2023-11-09T09:05:52","date_gmt":"2023-11-09T14:05:52","guid":{"rendered":"https:\/\/tertiarysisters.org\/?page_id=2541"},"modified":"2023-12-03T04:01:48","modified_gmt":"2023-12-03T09:01:48","slug":"nuestros-apostolados","status":"publish","type":"page","link":"https:\/\/tertiarysisters.org\/es\/nuestros-apostolados\/","title":{"rendered":"Nuestros apostolados"},"content":{"rendered":"<div data-elementor-type=\"wp-page\" data-elementor-id=\"2541\" class=\"elementor elementor-2541\" data-elementor-post-type=\"page\">\n\t\t\t\t<div class=\"elementor-element elementor-element-4b2f8ca hero-page e-flex e-con-boxed e-con e-parent\" data-id=\"4b2f8ca\" data-element_type=\"container\" data-settings=\"{&quot;background_background&quot;:&quot;classic&quot;}\">\n\t\t\t\t\t<div class=\"e-con-inner\">\n\t\t<div class=\"elementor-element elementor-element-d1c6995 hero-title e-flex e-con-boxed e-con e-child\" data-id=\"d1c6995\" data-element_type=\"container\" data-settings=\"{&quot;background_background&quot;:&quot;classic&quot;}\">\n\t\t\t\t\t<div class=\"e-con-inner\">\n\t\t\t\t<div class=\"elementor-element elementor-element-801aacd elementor-widget-divider--view-line elementor-widget elementor-widget-divider\" data-id=\"801aacd\" data-element_type=\"widget\" data-widget_type=\"divider.default\">\n\t\t\t\t<div class=\"elementor-widget-container\">\n\t\t\t\t\t\t\t<div class=\"elementor-divider\">\n\t\t\t<span class=\"elementor-divider-separator\">\n\t\t\t\t\t\t<\/span>\n\t\t<\/div>\n\t\t\t\t\t\t<\/div>\n\t\t\t\t<\/div>\n\t\t\t\t<div class=\"elementor-element elementor-element-d68474d hero-heading-text elementor-widget elementor-widget-heading\" data-id=\"d68474d\" data-element_type=\"widget\" data-widget_type=\"heading.default\">\n\t\t\t\t<div class=\"elementor-widget-container\">\n\t\t\t\t\t<h2 class=\"elementor-heading-title elementor-size-default\">Nuestros apostolados<\/h2>\t\t\t\t<\/div>\n\t\t\t\t<\/div>\n\t\t\t\t\t<\/div>\n\t\t\t\t<\/div>\n\t\t\t\t\t<\/div>\n\t\t\t\t<\/div>\n\t\t<div class=\"elementor-element elementor-element-3ecfb92 e-con-full bg-mint-green e-flex e-con e-parent\" data-id=\"3ecfb92\" data-element_type=\"container\" data-settings=\"{&quot;background_background&quot;:&quot;classic&quot;}\">\n\t\t<div class=\"elementor-element elementor-element-98f92ee e-con-full e-flex e-con e-child\" data-id=\"98f92ee\" data-element_type=\"container\">\n\t\t\t\t<div class=\"elementor-element elementor-element-3ce157e elementor-widget elementor-widget-text-editor\" data-id=\"3ce157e\" data-element_type=\"widget\" data-widget_type=\"text-editor.default\">\n\t\t\t\t<div class=\"elementor-widget-container\">\n\t\t\t\t\t\t\t\t\t<p>Nuestros apostolados son una expresi\u00f3n de nuestra fe, nuestro compromiso con nuestros semejantes y nuestra ruesposta al Evangelio de Jesucristo.<\/p><p>uestro trabajo nos lleva a lugares de pocos recursos, infraestructuras deficientes y gobiernos ineficaces.<\/p><p>Dirigimos escuelas, hospitales y cl\u00ednicas en lugares, que de otra manera se quedar\u00edan sin atenci\u00f3n.<\/p><p>Cuando los sistemas y las redes de seguridad fallan, cuando las necesidades de las personas no se satisfacen, estamos all\u00ed.<\/p>\t\t\t\t\t\t\t\t<\/div>\n\t\t\t\t<\/div>\n\t\t\t\t<\/div>\n\t\t<div class=\"elementor-element elementor-element-b061c02 e-con-full e-flex e-con e-child\" data-id=\"b061c02\" data-element_type=\"container\">\n\t\t\t\t<div class=\"elementor-element elementor-element-5574dbf elementor-toc--minimized-on-mobile toc-intro elementor-widget elementor-widget-table-of-contents\" data-id=\"5574dbf\" data-element_type=\"widget\" data-settings=\"{&quot;exclude_headings_by_selector&quot;:&quot;.intro-heading-text, .hero-heading-text&quot;,&quot;marker_view&quot;:&quot;bullets&quot;,&quot;icon&quot;:{&quot;value&quot;:&quot;fas fa-square-full&quot;,&quot;library&quot;:&quot;fa-solid&quot;},&quot;minimized_on&quot;:&quot;mobile&quot;,&quot;headings_by_tags&quot;:[&quot;h2&quot;,&quot;h3&quot;,&quot;h4&quot;,&quot;h5&quot;,&quot;h6&quot;],&quot;no_headings_message&quot;:&quot;Es wurden keine \\u00dcberschriften auf dieser Seite gefunden.&quot;,&quot;minimize_box&quot;:&quot;yes&quot;,&quot;hierarchical_view&quot;:&quot;yes&quot;,&quot;min_height&quot;:{&quot;unit&quot;:&quot;px&quot;,&quot;size&quot;:&quot;&quot;,&quot;sizes&quot;:[]},&quot;min_height_tablet&quot;:{&quot;unit&quot;:&quot;px&quot;,&quot;size&quot;:&quot;&quot;,&quot;sizes&quot;:[]},&quot;min_height_mobile&quot;:{&quot;unit&quot;:&quot;px&quot;,&quot;size&quot;:&quot;&quot;,&quot;sizes&quot;:[]}}\" data-widget_type=\"table-of-contents.default\">\n\t\t\t\t<div class=\"elementor-widget-container\">\n\t\t\t\t\t\t\t<div class=\"elementor-toc__header\">\n\t\t\t<h4 class=\"elementor-toc__header-title\">\n\t\t\t\tMinisterios destacados\t\t\t<\/h4>\n\t\t\t\t\t\t\t<div class=\"elementor-toc__toggle-button elementor-toc__toggle-button--expand\" role=\"button\" tabindex=\"0\" aria-controls=\"elementor-toc__5574dbf\" aria-expanded=\"true\" aria-label=\"Inhaltsverzeichnis \u00f6ffnen\" data-no-translation-aria-label=\"\"><i aria-hidden=\"true\" class=\"fas fa-chevron-down\"><\/i><\/div>\n\t\t\t\t<div class=\"elementor-toc__toggle-button elementor-toc__toggle-button--collapse\" role=\"button\" tabindex=\"0\" aria-controls=\"elementor-toc__5574dbf\" aria-expanded=\"true\" aria-label=\"Inhaltsverzeichnis schlie\u00dfen\" data-no-translation-aria-label=\"\"><i aria-hidden=\"true\" class=\"fas fa-chevron-up\"><\/i><\/div>\n\t\t\t\t\t<\/div>\n\t\t<div id=\"elementor-toc__5574dbf\" class=\"elementor-toc__body\">\n\t\t\t<div class=\"elementor-toc__spinner-container\">\n\t\t\t\t<i class=\"elementor-toc__spinner eicon-animation-spin eicon-loading\" aria-hidden=\"true\"><\/i>\t\t\t<\/div>\n\t\t<\/div>\n\t\t\t\t\t\t<\/div>\n\t\t\t\t<\/div>\n\t\t\t\t<div class=\"elementor-element elementor-element-38b82dc elementor-align-left elementor-widget elementor-widget-button\" data-id=\"38b82dc\" data-element_type=\"widget\" data-widget_type=\"button.default\">\n\t\t\t\t<div class=\"elementor-widget-container\">\n\t\t\t\t\t\t\t\t\t<div class=\"elementor-button-wrapper\">\n\t\t\t\t\t<a class=\"elementor-button elementor-button-link elementor-size-xs elementor-animation-grow\" href=\"https:\/\/tertiarysisters.org\/es\/donar\/\">\n\t\t\t\t\t\t<span class=\"elementor-button-content-wrapper\">\n\t\t\t\t\t\t\t\t\t<span class=\"elementor-button-text\">Apoya nuestros apostolados<\/span>\n\t\t\t\t\t<\/span>\n\t\t\t\t\t<\/a>\n\t\t\t\t<\/div>\n\t\t\t\t\t\t\t\t<\/div>\n\t\t\t\t<\/div>\n\t\t\t\t<\/div>\n\t\t\t\t<\/div>\n\t\t<div class=\"elementor-element elementor-element-af06852 e-con-full bg-irish-mint e-flex e-con e-parent\" data-id=\"af06852\" data-element_type=\"container\" data-settings=\"{&quot;background_background&quot;:&quot;classic&quot;}\">\n\t\t<div class=\"elementor-element elementor-element-e0d965c e-con-full e-flex e-con e-child\" data-id=\"e0d965c\" data-element_type=\"container\">\n\t\t\t\t<div class=\"elementor-element elementor-element-596b8a2 elementor-widget elementor-widget-heading\" data-id=\"596b8a2\" data-element_type=\"widget\" data-widget_type=\"heading.default\">\n\t\t\t\t<div class=\"elementor-widget-container\">\n\t\t\t\t\t<h2 class=\"elementor-heading-title elementor-size-default\">Educaci\u00f3n y Formaci\u00f3n<\/h2>\t\t\t\t<\/div>\n\t\t\t\t<\/div>\n\t\t\t\t<div class=\"elementor-element elementor-element-4da081e elementor-widget elementor-widget-text-editor\" data-id=\"4da081e\" data-element_type=\"widget\" data-widget_type=\"text-editor.default\">\n\t\t\t\t<div class=\"elementor-widget-container\">\n\t\t\t\t\t\t\t\t\t<p>En 1700, nuestra fundadora, Maria Hueber, comenz\u00f3 la primera escuela para ni\u00f1as en el norte de Italia, sentando las bases para lo que ser\u00edan las Hermanas Terciarias.<\/p>\n<p>Tres siglos despu\u00e9s, operamos escuelas en tres continentes y atendemos a un grupo diverso de estudiantes.<\/p>\t\t\t\t\t\t\t\t<\/div>\n\t\t\t\t<\/div>\n\t\t\t\t<div class=\"elementor-element elementor-element-f9cd1d7 elementor-align-left elementor-widget elementor-widget-button\" data-id=\"f9cd1d7\" data-element_type=\"widget\" data-widget_type=\"button.default\">\n\t\t\t\t<div class=\"elementor-widget-container\">\n\t\t\t\t\t\t\t\t\t<div class=\"elementor-button-wrapper\">\n\t\t\t\t\t<a class=\"elementor-button elementor-button-link elementor-size-xs elementor-animation-grow\" href=\"https:\/\/tertiarysisters.org\/es\/educacion-y-formacion\/\">\n\t\t\t\t\t\t<span class=\"elementor-button-content-wrapper\">\n\t\t\t\t\t\t\t\t\t<span class=\"elementor-button-text\">Apostolado Educaci\u00f3n<\/span>\n\t\t\t\t\t<\/span>\n\t\t\t\t\t<\/a>\n\t\t\t\t<\/div>\n\t\t\t\t\t\t\t\t<\/div>\n\t\t\t\t<\/div>\n\t\t\t\t<div class=\"elementor-element elementor-element-b6c6485 elementor-widget elementor-widget-html\" data-id=\"b6c6485\" data-element_type=\"widget\" data-widget_type=\"html.default\">\n\t\t\t\t<div class=\"elementor-widget-container\">\n\t\t\t\t\t<script>\njQuery(document).ready(function($) {\nvar delay = 100; setTimeout(function() {\n$('.elementor-tab-title').removeClass('elementor-active');\n $('.elementor-tab-content').css('display', 'none'); }, delay);\n});\n<\/script>\t\t\t\t<\/div>\n\t\t\t\t<\/div>\n\t\t\t\t<\/div>\n\t\t<div class=\"elementor-element elementor-element-e541009 e-con-full e-flex e-con e-child\" data-id=\"e541009\" data-element_type=\"container\" data-settings=\"{&quot;background_background&quot;:&quot;classic&quot;}\">\n\t\t\t\t<\/div>\n\t\t\t\t<\/div>\n\t\t<div class=\"elementor-element elementor-element-6a0f5a9 e-con-full bg-darker-green e-flex e-con e-parent\" data-id=\"6a0f5a9\" data-element_type=\"container\" data-settings=\"{&quot;background_background&quot;:&quot;classic&quot;}\">\n\t\t<div class=\"elementor-element elementor-element-3baf11a e-con-full e-flex e-con e-child\" data-id=\"3baf11a\" data-element_type=\"container\">\n\t\t\t\t<div class=\"elementor-element elementor-element-f7ef5d4 elementor-widget elementor-widget-heading\" data-id=\"f7ef5d4\" data-element_type=\"widget\" data-widget_type=\"heading.default\">\n\t\t\t\t<div class=\"elementor-widget-container\">\n\t\t\t\t\t<h2 class=\"elementor-heading-title elementor-size-default\">Salud<\/h2>\t\t\t\t<\/div>\n\t\t\t\t<\/div>\n\t\t\t\t<div class=\"elementor-element elementor-element-13307db elementor-widget elementor-widget-text-editor\" data-id=\"13307db\" data-element_type=\"widget\" data-widget_type=\"text-editor.default\">\n\t\t\t\t<div class=\"elementor-widget-container\">\n\t\t\t\t\t\t\t\t\t<p>Nuestro servicio de salud es una expresi\u00f3n viva de nuestro compromiso con las personas enfermas y que sufren, dondequiera que est\u00e9n.<\/p><p>En \u00c1frica, Europa y Am\u00e9rica Latina, nuestro servicio de salud opera hospitales, cl\u00ednicas, escuelas de enfermer\u00eda, cursos de educaci\u00f3n para la salud y centros de atenci\u00f3n para ancianos.<\/p>\t\t\t\t\t\t\t\t<\/div>\n\t\t\t\t<\/div>\n\t\t\t\t<div class=\"elementor-element elementor-element-fffe813 elementor-align-left elementor-widget elementor-widget-button\" data-id=\"fffe813\" data-element_type=\"widget\" data-widget_type=\"button.default\">\n\t\t\t\t<div class=\"elementor-widget-container\">\n\t\t\t\t\t\t\t\t\t<div class=\"elementor-button-wrapper\">\n\t\t\t\t\t<a class=\"elementor-button elementor-button-link elementor-size-xs elementor-animation-grow\" href=\"https:\/\/tertiarysisters.org\/es\/salud\/\">\n\t\t\t\t\t\t<span class=\"elementor-button-content-wrapper\">\n\t\t\t\t\t\t\t\t\t<span class=\"elementor-button-text\">Apostolado Salud<\/span>\n\t\t\t\t\t<\/span>\n\t\t\t\t\t<\/a>\n\t\t\t\t<\/div>\n\t\t\t\t\t\t\t\t<\/div>\n\t\t\t\t<\/div>\n\t\t\t\t<\/div>\n\t\t<div class=\"elementor-element elementor-element-a106d28 e-con-full e-flex e-con e-child\" data-id=\"a106d28\" data-element_type=\"container\" data-settings=\"{&quot;background_background&quot;:&quot;classic&quot;}\">\n\t\t\t\t<\/div>\n\t\t\t\t<\/div>\n\t\t<div class=\"elementor-element elementor-element-ba51070 e-con-full bg-army-green e-flex e-con e-parent\" data-id=\"ba51070\" data-element_type=\"container\" data-settings=\"{&quot;background_background&quot;:&quot;classic&quot;}\">\n\t\t<div class=\"elementor-element elementor-element-2026339 e-con-full e-flex e-con e-child\" data-id=\"2026339\" data-element_type=\"container\">\n\t\t\t\t<div class=\"elementor-element elementor-element-807bee3 elementor-widget elementor-widget-heading\" data-id=\"807bee3\" data-element_type=\"widget\" data-widget_type=\"heading.default\">\n\t\t\t\t<div class=\"elementor-widget-container\">\n\t\t\t\t\t<h2 class=\"elementor-heading-title elementor-size-default\">Refugiados y Desplazados Internos<\/h2>\t\t\t\t<\/div>\n\t\t\t\t<\/div>\n\t\t\t\t<div class=\"elementor-element elementor-element-196c530 elementor-widget elementor-widget-text-editor\" data-id=\"196c530\" data-element_type=\"widget\" data-widget_type=\"text-editor.default\">\n\t\t\t\t<div class=\"elementor-widget-container\">\n\t\t\t\t\t\t\t\t\t<p>Nuestro Compromiso con los Refugiados y Desplazados Internos Ya sea directamente en las l\u00edneas de frente de las zonas de conflicto o en ciudades adoptivas a un oc\u00e9ano de distancia, nuestro trabajo con los refugiados y desplazados internos es uno de los trabajos m\u00e1s complejos, dif\u00edciles y duros que realizamos.<\/p><p>Tambi\u00e9n es uno de los m\u00e1s gratificantes.<\/p>\t\t\t\t\t\t\t\t<\/div>\n\t\t\t\t<\/div>\n\t\t\t\t<div class=\"elementor-element elementor-element-73a3d0e elementor-align-left elementor-widget elementor-widget-button\" data-id=\"73a3d0e\" data-element_type=\"widget\" data-widget_type=\"button.default\">\n\t\t\t\t<div class=\"elementor-widget-container\">\n\t\t\t\t\t\t\t\t\t<div class=\"elementor-button-wrapper\">\n\t\t\t\t\t<a class=\"elementor-button elementor-button-link elementor-size-xs elementor-animation-grow\" href=\"https:\/\/tertiarysisters.org\/es\/refugiados-y-personas-desplazadas-internamente\/\">\n\t\t\t\t\t\t<span class=\"elementor-button-content-wrapper\">\n\t\t\t\t\t\t\t\t\t<span class=\"elementor-button-text\">Refugiados y Desplazados Internos<\/span>\n\t\t\t\t\t<\/span>\n\t\t\t\t\t<\/a>\n\t\t\t\t<\/div>\n\t\t\t\t\t\t\t\t<\/div>\n\t\t\t\t<\/div>\n\t\t\t\t<\/div>\n\t\t<div class=\"elementor-element elementor-element-96ac59f e-con-full e-flex e-con e-child\" data-id=\"96ac59f\" data-element_type=\"container\" data-settings=\"{&quot;background_background&quot;:&quot;classic&quot;}\">\n\t\t\t\t<\/div>\n\t\t\t\t<\/div>\n\t\t\t\t<\/div>","protected":false},"excerpt":{"rendered":"<p>Our ministries are our expression of our faith, our commitment to our fellow humans, and our commitment to the Holy Gospel of Jesus Christ. Our ministry work takes us to places with few resources and poor infrastructure, and ineffective governments. We operate schools, hospitals, and clinics in places that would otherwise go without. When systems [&hellip;]<\/p>","protected":false},"author":1,"featured_media":2550,"parent":0,"menu_order":0,"comment_status":"closed","ping_status":"closed","template":"","meta":{"_acf_changed":false,"cybocfi_hide_featured_image":"","footnotes":""},"categories":[8],"class_list":["post-2541","page","type-page","status-publish","has-post-thumbnail","hentry","category-transparent-header-c"],"acf":[],"_links":{"self":[{"href":"https:\/\/tertiarysisters.org\/es\/wp-json\/wp\/v2\/pages\/2541","targetHints":{"allow":["GET"]}}],"collection":[{"href":"https:\/\/tertiarysisters.org\/es\/wp-json\/wp\/v2\/pages"}],"about":[{"href":"https:\/\/tertiarysisters.org\/es\/wp-json\/wp\/v2\/types\/page"}],"author":[{"embeddable":true,"href":"https:\/\/tertiarysisters.org\/es\/wp-json\/wp\/v2\/users\/1"}],"replies":[{"embeddable":true,"href":"https:\/\/tertiarysisters.org\/es\/wp-json\/wp\/v2\/comments?post=2541"}],"version-history":[{"count":31,"href":"https:\/\/tertiarysisters.org\/es\/wp-json\/wp\/v2\/pages\/2541\/revisions"}],"predecessor-version":[{"id":3730,"href":"https:\/\/tertiarysisters.org\/es\/wp-json\/wp\/v2\/pages\/2541\/revisions\/3730"}],"wp:featuredmedia":[{"embeddable":true,"href":"https:\/\/tertiarysisters.org\/es\/wp-json\/wp\/v2\/media\/2550"}],"wp:attachment":[{"href":"https:\/\/tertiarysisters.org\/es\/wp-json\/wp\/v2\/media?parent=2541"}],"wp:term":[{"taxonomy":"category","embeddable":true,"href":"https:\/\/tertiarysisters.org\/es\/wp-json\/wp\/v2\/categories?post=2541"}],"curies":[{"name":"wp","href":"https:\/\/api.w.org\/{rel}","templated":true}]}}