{"id":668,"date":"2023-06-06T22:32:51","date_gmt":"2023-06-07T02:32:51","guid":{"rendered":"https:\/\/tertiarysisters.org\/?page_id=668"},"modified":"2023-12-03T04:37:28","modified_gmt":"2023-12-03T09:37:28","slug":"ensenar-todos-los-ninos-sin-importar-el-reto","status":"publish","type":"page","link":"https:\/\/tertiarysisters.org\/es\/ensenar-todos-los-ninos-sin-importar-el-reto\/","title":{"rendered":"Teaching Every Child in Rural Bolivia"},"content":{"rendered":"<div data-elementor-type=\"wp-page\" data-elementor-id=\"668\" class=\"elementor elementor-668\" data-elementor-post-type=\"page\">\n\t\t\t\t<div class=\"elementor-element elementor-element-4b2f8ca hero-page e-flex e-con-boxed e-con e-parent\" data-id=\"4b2f8ca\" data-element_type=\"container\" data-settings=\"{&quot;background_background&quot;:&quot;classic&quot;}\">\n\t\t\t\t\t<div class=\"e-con-inner\">\n\t\t<div class=\"elementor-element elementor-element-d1c6995 hero-title e-flex e-con-boxed e-con e-child\" data-id=\"d1c6995\" data-element_type=\"container\" data-settings=\"{&quot;background_background&quot;:&quot;classic&quot;}\">\n\t\t\t\t\t<div class=\"e-con-inner\">\n\t\t\t\t<div class=\"elementor-element elementor-element-3eb4d0c hero-overline elementor-widget elementor-widget-text-editor\" data-id=\"3eb4d0c\" data-element_type=\"widget\" data-widget_type=\"text-editor.default\">\n\t\t\t\t<div class=\"elementor-widget-container\">\n\t\t\t\t\t\t\t\t\t<p>Centro Tau<br \/>Ascensi\u00f3n de Guarayos, Bolivia<\/p>\t\t\t\t\t\t\t\t<\/div>\n\t\t\t\t<\/div>\n\t\t\t\t<div class=\"elementor-element elementor-element-801aacd elementor-widget-divider--view-line elementor-widget elementor-widget-divider\" data-id=\"801aacd\" data-element_type=\"widget\" data-widget_type=\"divider.default\">\n\t\t\t\t<div class=\"elementor-widget-container\">\n\t\t\t\t\t\t\t<div class=\"elementor-divider\">\n\t\t\t<span class=\"elementor-divider-separator\">\n\t\t\t\t\t\t<\/span>\n\t\t<\/div>\n\t\t\t\t\t\t<\/div>\n\t\t\t\t<\/div>\n\t\t\t\t<div class=\"elementor-element elementor-element-d68474d elementor-widget elementor-widget-heading\" data-id=\"d68474d\" data-element_type=\"widget\" data-widget_type=\"heading.default\">\n\t\t\t\t<div class=\"elementor-widget-container\">\n\t\t\t\t\t<h2 class=\"elementor-heading-title elementor-size-default\">Ense\u00f1ar todos los ni\u00f1os, sin importar el reto<\/h2>\t\t\t\t<\/div>\n\t\t\t\t<\/div>\n\t\t\t\t\t<\/div>\n\t\t\t\t<\/div>\n\t\t\t\t\t<\/div>\n\t\t\t\t<\/div>\n\t\t<div class=\"elementor-element elementor-element-3ecfb92 e-con-full bg-mint-green e-flex e-con e-parent\" data-id=\"3ecfb92\" data-element_type=\"container\" data-settings=\"{&quot;background_background&quot;:&quot;classic&quot;}\">\n\t\t<div class=\"elementor-element elementor-element-98f92ee e-con-full e-flex e-con e-child\" data-id=\"98f92ee\" data-element_type=\"container\">\n\t\t\t\t<div class=\"elementor-element elementor-element-5ed03b6 elementor-widget elementor-widget-heading\" data-id=\"5ed03b6\" data-element_type=\"widget\" data-widget_type=\"heading.default\">\n\t\t\t\t<div class=\"elementor-widget-container\">\n\t\t\t\t\t<h2 class=\"elementor-heading-title elementor-size-default\">Educaci\u00f3n, amor y cuidados para ni\u00f1os con necesidades especiales en la zona rural de Bolivia.<\/h2>\t\t\t\t<\/div>\n\t\t\t\t<\/div>\n\t\t\t\t<div class=\"elementor-element elementor-element-3ce157e elementor-widget elementor-widget-text-editor\" data-id=\"3ce157e\" data-element_type=\"widget\" data-widget_type=\"text-editor.default\">\n\t\t\t\t<div class=\"elementor-widget-container\">\n\t\t\t\t\t\t\t\t\t<p>Incluso en los pa\u00edses m\u00e1s ricos con los mejores sistemas escolares, proporcionar una educaci\u00f3n de la calidad y IIena de cuidados a los ni\u00f1os con discapacidades del desarrollo es un rete enorme. En pa\u00edses pobres como Bolivia, que carecen de financiaci\u00f3n, experencia y apoyo gubernamental, estos ni\u00f1os suelen completamente al margen y no reciben ning\u00fan tipo de educaci\u00f3n.<\/p><p>El Centro Tau, fundado y gestionado por las Hermanas Terciarias de San Francisco en 2010, es una de las pocas escuelas acreditadas para ni\u00f1os con necesidades especiales en la remota regi\u00f3n del este de Bolivia. Una verdadera misi\u00f3n de amor y misericordia, aqu\u00ed maestros, especialistas, psic\u00f3logos y hermanas trabajan juntos para crear un ambiente seguro y enriquecedor donde los estudiantes de 6 a 15 a\u00f1os aprenden habilidades sociales para la vida, acad\u00e9micos y valores humanos y cristianos.<\/p><p>El Centro Tau comparte campus con el Centro de Nutrici\u00f3n Santa Clara, tambi\u00e9n gestionado por las Hermanas Terciarias de San Francisco, que atienden  a m\u00e1s de 40.000 ind\u00edgenas de la regi\u00f3n afectadas por la pobrezza extrema, el 37% de ellos ni\u00f1os. Santa Clara ofrece educaci\u00f3n nutricional y sanitaria, servicios m\u00e9dicos y sociales, y distribuye alimentos para beb\u00e9s y ni\u00f1os.<\/p><p>La directora de Santa Clara, Hna Yanira Leida Justiniano, agradece a la Dra. Ute Glock y al Centro Misionero Franciscano su valioso y prolongado apoyo.<\/p>\t\t\t\t\t\t\t\t<\/div>\n\t\t\t\t<\/div>\n\t\t<div class=\"elementor-element elementor-element-bbba307 hypebox bg-dark-green-text e-flex e-con-boxed e-con e-child\" data-id=\"bbba307\" data-element_type=\"container\" data-settings=\"{&quot;background_background&quot;:&quot;classic&quot;}\">\n\t\t\t\t\t<div class=\"e-con-inner\">\n\t\t\t\t<div class=\"elementor-element elementor-element-d872d37 elementor-widget__width-initial elementor-widget elementor-widget-text-editor\" data-id=\"d872d37\" data-element_type=\"widget\" data-widget_type=\"text-editor.default\">\n\t\t\t\t<div class=\"elementor-widget-container\">\n\t\t\t\t\t\t\t\t\t<p>El Centro Tau recibe una financiaci\u00f3n estremadamente limitada del gobierno boliviano. Las familias no pagan nada por la educaci\u00f3n de sus hijos. <strong>M\u00e1s del 95% de nuestras operaciones son financiadas por donantes.<\/strong><\/p><p>Si est\u00e1 en condiciones de <a href=\"https:\/\/tertiarysisters.org\/es\/donar\/\">hacer un donativo,<\/a> le estaremos muy agradecidos y le daremos un buen uso inmediato.<\/p>\t\t\t\t\t\t\t\t<\/div>\n\t\t\t\t<\/div>\n\t\t\t\t<div class=\"elementor-element elementor-element-16cb68c elementor-align-center elementor-widget elementor-widget-button\" data-id=\"16cb68c\" data-element_type=\"widget\" data-widget_type=\"button.default\">\n\t\t\t\t<div class=\"elementor-widget-container\">\n\t\t\t\t\t\t\t\t\t<div class=\"elementor-button-wrapper\">\n\t\t\t\t\t<a class=\"elementor-button elementor-button-link elementor-size-xs elementor-animation-grow\" href=\"https:\/\/tertiarysisters.org\/es\/donar\/\">\n\t\t\t\t\t\t<span class=\"elementor-button-content-wrapper\">\n\t\t\t\t\t\t\t\t\t<span class=\"elementor-button-text\">Hacer un donativo<\/span>\n\t\t\t\t\t<\/span>\n\t\t\t\t\t<\/a>\n\t\t\t\t<\/div>\n\t\t\t\t\t\t\t\t<\/div>\n\t\t\t\t<\/div>\n\t\t\t\t\t<\/div>\n\t\t\t\t<\/div>\n\t\t\t\t<\/div>\n\t\t<div class=\"elementor-element elementor-element-3a9b4a6 e-flex e-con-boxed e-con e-child\" data-id=\"3a9b4a6\" data-element_type=\"container\">\n\t\t\t\t\t<div class=\"e-con-inner\">\n\t\t\t\t<div class=\"elementor-element elementor-element-ac004fd elementor-widget elementor-widget-heading\" data-id=\"ac004fd\" data-element_type=\"widget\" data-widget_type=\"heading.default\">\n\t\t\t\t<div class=\"elementor-widget-container\">\n\t\t\t\t\t<div class=\"elementor-heading-title elementor-size-default\">de un vistazo<\/div>\t\t\t\t<\/div>\n\t\t\t\t<\/div>\n\t\t\t\t<div class=\"elementor-element elementor-element-0bb8511 elementor-icon-list--layout-traditional elementor-list-item-link-full_width elementor-widget elementor-widget-icon-list\" data-id=\"0bb8511\" data-element_type=\"widget\" data-widget_type=\"icon-list.default\">\n\t\t\t\t<div class=\"elementor-widget-container\">\n\t\t\t\t\t\t\t<ul class=\"elementor-icon-list-items\">\n\t\t\t\t\t\t\t<li class=\"elementor-icon-list-item\">\n\t\t\t\t\t\t\t\t\t\t\t<span class=\"elementor-icon-list-icon\">\n\t\t\t\t\t\t\t<i aria-hidden=\"true\" class=\"fas fa-square-full\"><\/i>\t\t\t\t\t\t<\/span>\n\t\t\t\t\t\t\t\t\t\t<span class=\"elementor-icon-list-text\">90 alumnos matriculados<\/span>\n\t\t\t\t\t\t\t\t\t<\/li>\n\t\t\t\t\t\t\t\t<li class=\"elementor-icon-list-item\">\n\t\t\t\t\t\t\t\t\t\t\t<span class=\"elementor-icon-list-icon\">\n\t\t\t\t\t\t\t<i aria-hidden=\"true\" class=\"fas fa-square-full\"><\/i>\t\t\t\t\t\t<\/span>\n\t\t\t\t\t\t\t\t\t\t<span class=\"elementor-icon-list-text\">Atiende a alumnos con autismo, s\u00edndrome de Down y discapacidad intelectual<\/span>\n\t\t\t\t\t\t\t\t\t<\/li>\n\t\t\t\t\t\t\t\t<li class=\"elementor-icon-list-item\">\n\t\t\t\t\t\t\t\t\t\t\t<span class=\"elementor-icon-list-icon\">\n\t\t\t\t\t\t\t<i aria-hidden=\"true\" class=\"fas fa-square-full\"><\/i>\t\t\t\t\t\t<\/span>\n\t\t\t\t\t\t\t\t\t\t<span class=\"elementor-icon-list-text\">Es uno de los pocos centros de educaci\u00f3n especial de la enorme provincia de Santa Cruz, en el este de Bolivia<\/span>\n\t\t\t\t\t\t\t\t\t<\/li>\n\t\t\t\t\t\t\t\t<li class=\"elementor-icon-list-item\">\n\t\t\t\t\t\t\t\t\t\t\t<span class=\"elementor-icon-list-icon\">\n\t\t\t\t\t\t\t<i aria-hidden=\"true\" class=\"fas fa-square-full\"><\/i>\t\t\t\t\t\t<\/span>\n\t\t\t\t\t\t\t\t\t\t<span class=\"elementor-icon-list-text\">Las donaciones financian m\u00e1s del 95% de las operaciones<\/span>\n\t\t\t\t\t\t\t\t\t<\/li>\n\t\t\t\t\t\t<\/ul>\n\t\t\t\t\t\t<\/div>\n\t\t\t\t<\/div>\n\t\t\t\t<div class=\"elementor-element elementor-element-8c66170 elementor-widget elementor-widget-uael-google-map\" data-id=\"8c66170\" data-element_type=\"widget\" data-settings=\"{&quot;zoom_control&quot;:&quot;yes&quot;,&quot;fullscreen_control&quot;:&quot;yes&quot;}\" data-widget_type=\"uael-google-map.default\">\n\t\t\t\t<div class=\"elementor-widget-container\">\n\t\t\t\t\t\t\t<div class=\"uael-google-map-wrap\">\n\t\t\t<div id=\"uael-google-map-8c66170\" class=\"uael-google-map\" data-map_options=\"{&quot;zoom&quot;:5,&quot;mapTypeId&quot;:&quot;roadmap&quot;,&quot;mapTypeControl&quot;:false,&quot;streetViewControl&quot;:false,&quot;zoomControl&quot;:true,&quot;fullscreenControl&quot;:true,&quot;gestureHandling&quot;:true}\" data-cluster=\"no\" data-cluster-attr=\"[]\" data-max-width=\"250\" data-locations=\"[[&quot;-15.886451744250792&quot;,&quot;-63.18396608910939&quot;,false,&quot;Bolivia&quot;,null,&quot;&quot;,&quot;&quot;,&quot;&quot;,&quot;&quot;]]\" data-animate=\"\" data-auto-center=\"center\" data-predefined-style=\"magnesium\"><\/div>\n\t\t<\/div>\n\t\t\t\t\t\t<\/div>\n\t\t\t\t<\/div>\n\t\t\t\t\t<\/div>\n\t\t\t\t<\/div>\n\t\t\t\t<\/div>\n\t\t<div class=\"elementor-element elementor-element-af06852 e-con-full bg-irish-mint e-flex e-con e-parent\" data-id=\"af06852\" data-element_type=\"container\" data-settings=\"{&quot;background_background&quot;:&quot;classic&quot;}\">\n\t\t<div class=\"elementor-element elementor-element-e0d965c e-con-full e-flex e-con e-child\" data-id=\"e0d965c\" data-element_type=\"container\">\n\t\t\t\t<div class=\"elementor-element elementor-element-596b8a2 elementor-widget elementor-widget-heading\" data-id=\"596b8a2\" data-element_type=\"widget\" data-widget_type=\"heading.default\">\n\t\t\t\t<div class=\"elementor-widget-container\">\n\t\t\t\t\t<h2 class=\"elementor-heading-title elementor-size-default\">Todo empieza con amor<\/h2>\t\t\t\t<\/div>\n\t\t\t\t<\/div>\n\t\t\t\t<div class=\"elementor-element elementor-element-4da081e elementor-widget elementor-widget-text-editor\" data-id=\"4da081e\" data-element_type=\"widget\" data-widget_type=\"text-editor.default\">\n\t\t\t\t<div class=\"elementor-widget-container\">\n\t\t\t\t\t\t\t\t\t<p>Los retos son muchos: pobreza, pocos recursos gubernamentales y por supuesto, superar la  discapacidad intelectual.<\/p><p>Pero en Centro Tau, el amor es m\u00e1s grande: Amor por cada uno de los hijos de Dios. El amor que experimentamos cuando vemos a estos ni\u00f1os crecer, aprender, re\u00edr, sonre\u00edr y hacer nuevos amigos.<\/p><p>Es una mis\u00f3n dif\u00edcil, pero una que nos recompensa ricamente con amor, al ayudar a nuestros estudiantes a realizar el potencial que Dios les ha dado.<\/p>\t\t\t\t\t\t\t\t<\/div>\n\t\t\t\t<\/div>\n\t\t\t\t<\/div>\n\t\t<div class=\"elementor-element elementor-element-e541009 e-con-full e-flex e-con e-child\" data-id=\"e541009\" data-element_type=\"container\" data-settings=\"{&quot;background_background&quot;:&quot;classic&quot;}\">\n\t\t\t\t<\/div>\n\t\t\t\t<\/div>\n\t\t<div class=\"elementor-element elementor-element-9376473 e-con-full bg-darker-green e-flex e-con e-parent\" data-id=\"9376473\" data-element_type=\"container\" data-settings=\"{&quot;background_background&quot;:&quot;classic&quot;}\">\n\t\t<div class=\"elementor-element elementor-element-292692b e-con-full e-flex e-con e-child\" data-id=\"292692b\" data-element_type=\"container\">\n\t\t\t\t<div class=\"elementor-element elementor-element-00b3af4 elementor-widget elementor-widget-heading\" data-id=\"00b3af4\" data-element_type=\"widget\" data-widget_type=\"heading.default\">\n\t\t\t\t<div class=\"elementor-widget-container\">\n\t\t\t\t\t<h2 class=\"elementor-heading-title elementor-size-default\">Amigos, diversi\u00f3n y fe.<\/h2>\t\t\t\t<\/div>\n\t\t\t\t<\/div>\n\t\t\t\t<div class=\"elementor-element elementor-element-056805a elementor-widget elementor-widget-text-editor\" data-id=\"056805a\" data-element_type=\"widget\" data-widget_type=\"text-editor.default\">\n\t\t\t\t<div class=\"elementor-widget-container\">\n\t\t\t\t\t\t\t\t\t<p>Para los ni\u00f1os con necesidades especiales, hacer amigos, sentirse co\u00f1ectados y encajar es especialmente dif\u00edcil. Esto es a\u00fan m\u00e1s cierto para los ni\u00f1os que viven en la pobreza y con escaso acceso a la educaci\u00f3n especializada y a los servicios sociales.<\/p><p>Group dynamics are at the forefront of the Centro Tau experience. For almost all of our students, their experience at Centro Tau is the first time in their lives that they&#8217;ve been able to play with kids their age and begin to forge relationships.\u00a0The childhood friendships that come easily to other kids are life-changers for our students.<\/p>\t\t\t\t\t\t\t\t<\/div>\n\t\t\t\t<\/div>\n\t\t\t\t<\/div>\n\t\t<div class=\"elementor-element elementor-element-8335d2b e-con-full e-flex e-con e-child\" data-id=\"8335d2b\" data-element_type=\"container\" data-settings=\"{&quot;background_background&quot;:&quot;classic&quot;}\">\n\t\t\t\t<\/div>\n\t\t\t\t<\/div>\n\t\t<div class=\"elementor-element elementor-element-bdcc0e4 e-con-full bg-army-green e-flex e-con e-parent\" data-id=\"bdcc0e4\" data-element_type=\"container\" data-settings=\"{&quot;background_background&quot;:&quot;classic&quot;}\">\n\t\t<div class=\"elementor-element elementor-element-ca174a8 e-con-full e-flex e-con e-child\" data-id=\"ca174a8\" data-element_type=\"container\">\n\t\t\t\t<div class=\"elementor-element elementor-element-e3e0dcb elementor-widget elementor-widget-heading\" data-id=\"e3e0dcb\" data-element_type=\"widget\" data-widget_type=\"heading.default\">\n\t\t\t\t<div class=\"elementor-widget-container\">\n\t\t\t\t\t<h2 class=\"elementor-heading-title elementor-size-default\">Habilidades para toda la vida<\/h2>\t\t\t\t<\/div>\n\t\t\t\t<\/div>\n\t\t\t\t<div class=\"elementor-element elementor-element-70f501b elementor-widget elementor-widget-text-editor\" data-id=\"70f501b\" data-element_type=\"widget\" data-widget_type=\"text-editor.default\">\n\t\t\t\t<div class=\"elementor-widget-container\">\n\t\t\t\t\t\t\t\t\t<p>Un d\u00eda normal incluye  lectura, escritura y matem\u00e1ticas.\u00a0<\/p><p>Los psicologos del personal imparten clases para ense\u00f1ar y raforzar habilidades sociales y pr\u00e1cticas. La Hna. Andrea Schett, fundadora y coordinadora del Centro Tau, imparte clases sobre valores humanos y cristianos, y los voluntarios dirigen sesiones de manualidades, artesan\u00eda y clases de educaci\u00f3n f\u00edsica, danza y canto.<\/p><p>Trabajamos estrechamente con las familias de los estudientes para garantizar que el progreso contin\u00fae en casa, proporcion\u00e1ndoles acceso a alimentos, asesoramiento y recursos m\u00e9dicos.<\/p>\t\t\t\t\t\t\t\t<\/div>\n\t\t\t\t<\/div>\n\t\t\t\t<\/div>\n\t\t<div class=\"elementor-element elementor-element-3a52c07 e-con-full e-flex e-con e-child\" data-id=\"3a52c07\" data-element_type=\"container\" data-settings=\"{&quot;background_background&quot;:&quot;classic&quot;}\">\n\t\t\t\t<\/div>\n\t\t\t\t<\/div>\n\t\t<div class=\"elementor-element elementor-element-c2c7dca e-con-full bg-irish-mint e-flex e-con e-parent\" data-id=\"c2c7dca\" data-element_type=\"container\" data-settings=\"{&quot;background_background&quot;:&quot;classic&quot;}\">\n\t\t<div class=\"elementor-element elementor-element-296888f e-con-full e-flex e-con e-child\" data-id=\"296888f\" data-element_type=\"container\">\n\t\t\t\t<div class=\"elementor-element elementor-element-c46eae5 elementor-widget elementor-widget-heading\" data-id=\"c46eae5\" data-element_type=\"widget\" data-widget_type=\"heading.default\">\n\t\t\t\t<div class=\"elementor-widget-container\">\n\t\t\t\t\t<h2 class=\"elementor-heading-title elementor-size-default\">Cumplir nuestra misi\u00f3n<\/h2>\t\t\t\t<\/div>\n\t\t\t\t<\/div>\n\t\t\t\t<div class=\"elementor-element elementor-element-c927fa4 elementor-widget elementor-widget-text-editor\" data-id=\"c927fa4\" data-element_type=\"widget\" data-widget_type=\"text-editor.default\">\n\t\t\t\t<div class=\"elementor-widget-container\">\n\t\t\t\t\t\t\t\t\t<p>Nuestra fundadora, Madre Mar\u00eda Hueber, dedic\u00f3 su vida a servir a los olvidados, atender a los abandonados y trabajar para mejorar la vida de los necesitados. No se nos ocurre mejor manera de estar a la altura del ejemplo de la Madre Mar\u00eda Hueber que nuestro trabajo con los ni\u00f1os del Centro Tau.<\/p>\n<p>Vemos en este trabajo nuestra misi\u00f3n de reconocer los signos de los tiempos y responder a ellos.<\/p>\n<p>Vemos c\u00f3mo los ni\u00f1os entran en la escuela sinti\u00e9ndose ajenos a los ni\u00f1os de su edad, con habilidades sociales poco desarrolladas y una independencia limitada.&nbsp;<\/p>\n<p><span style=\"color: var( --e-global-color-247b398 ); text-align: var(--text-align); background-color: var( --e-global-color-c62a19d );\">No hay mejor sensaci\u00f3n, que ver a estos ni\u00f1os y a sus familias aprender, crecer y ganar confianza y seguridad en s\u00ed mismos durante el tiempo que pasan con nosotros.<\/span><\/p>\t\t\t\t\t\t\t\t<\/div>\n\t\t\t\t<\/div>\n\t\t\t\t<\/div>\n\t\t<div class=\"elementor-element elementor-element-090ea80 e-con-full e-flex e-con e-child\" data-id=\"090ea80\" data-element_type=\"container\" data-settings=\"{&quot;background_background&quot;:&quot;classic&quot;}\">\n\t\t\t\t<\/div>\n\t\t\t\t<\/div>\n\t\t<div class=\"elementor-element elementor-element-8665eee e-con-full bg-midnight e-flex e-con e-parent\" data-id=\"8665eee\" data-element_type=\"container\" data-settings=\"{&quot;background_background&quot;:&quot;classic&quot;}\">\n\t\t<div class=\"elementor-element elementor-element-491f8db e-con-full e-flex e-con e-child\" data-id=\"491f8db\" data-element_type=\"container\">\n\t\t\t\t<div class=\"elementor-element elementor-element-ebbeeb5 elementor-widget elementor-widget-heading\" data-id=\"ebbeeb5\" data-element_type=\"widget\" data-widget_type=\"heading.default\">\n\t\t\t\t<div class=\"elementor-widget-container\">\n\t\t\t\t\t<h2 class=\"elementor-heading-title elementor-size-default\">\u00bfC\u00f3mo puedes ayudar?<\/h2>\t\t\t\t<\/div>\n\t\t\t\t<\/div>\n\t\t\t\t<div class=\"elementor-element elementor-element-124580e elementor-widget elementor-widget-text-editor\" data-id=\"124580e\" data-element_type=\"widget\" data-widget_type=\"text-editor.default\">\n\t\t\t\t<div class=\"elementor-widget-container\">\n\t\t\t\t\t\t\t\t\t<p><strong>M\u00e1s del 95% del presupuesto de Centro Tau se financia con donaciones.<\/strong><\/p><p>El Centro Tau atiende a 90 estudiantes y emplea a m\u00e1s de una docena de personas, pero el gobierno boliviano financia un \u00fanico puesto de profesor. Todos los dem\u00e1s gastos se financian con donacioes.<\/p><p>Si est\u00e1 en condiciones de <a href=\"https:\/\/tertiarysisters.org\/es\/donar\/\">hacer un donativo,<\/a> le estaremos muy agradecidos y le daremos un buen uso inmediato.<\/p>\t\t\t\t\t\t\t\t<\/div>\n\t\t\t\t<\/div>\n\t\t\t\t<div class=\"elementor-element elementor-element-6973441 elementor-align-center elementor-widget elementor-widget-button\" data-id=\"6973441\" data-element_type=\"widget\" data-widget_type=\"button.default\">\n\t\t\t\t<div class=\"elementor-widget-container\">\n\t\t\t\t\t\t\t\t\t<div class=\"elementor-button-wrapper\">\n\t\t\t\t\t<a class=\"elementor-button elementor-button-link elementor-size-xs elementor-animation-grow\" href=\"https:\/\/tertiarysisters.org\/es\/donar\/\">\n\t\t\t\t\t\t<span class=\"elementor-button-content-wrapper\">\n\t\t\t\t\t\t\t\t\t<span class=\"elementor-button-text\">Hacer un donativo<\/span>\n\t\t\t\t\t<\/span>\n\t\t\t\t\t<\/a>\n\t\t\t\t<\/div>\n\t\t\t\t\t\t\t\t<\/div>\n\t\t\t\t<\/div>\n\t\t\t\t<\/div>\n\t\t<div class=\"elementor-element elementor-element-f837098 e-con-full e-flex e-con e-child\" data-id=\"f837098\" data-element_type=\"container\" data-settings=\"{&quot;background_background&quot;:&quot;classic&quot;}\">\n\t\t\t\t<\/div>\n\t\t\t\t<\/div>\n\t\t\t\t<\/div>","protected":false},"excerpt":{"rendered":"<p>Centro TauAscensi\u00f3n de Guarayos, Bolivia Teaching every child, no matter the challenge Education, love, and care for special needs children in rural Bolivia. Even in the richest countries with the best school systems, providing a quality, care-filled education to developmentally disabled children is an enormous challenge. In poor countries like Bolivia that lack the funding, [&hellip;]<\/p>","protected":false},"author":1,"featured_media":674,"parent":0,"menu_order":0,"comment_status":"closed","ping_status":"closed","template":"","meta":{"_acf_changed":false,"cybocfi_hide_featured_image":"","footnotes":""},"categories":[8],"class_list":["post-668","page","type-page","status-publish","has-post-thumbnail","hentry","category-transparent-header-c"],"acf":[],"_links":{"self":[{"href":"https:\/\/tertiarysisters.org\/es\/wp-json\/wp\/v2\/pages\/668","targetHints":{"allow":["GET"]}}],"collection":[{"href":"https:\/\/tertiarysisters.org\/es\/wp-json\/wp\/v2\/pages"}],"about":[{"href":"https:\/\/tertiarysisters.org\/es\/wp-json\/wp\/v2\/types\/page"}],"author":[{"embeddable":true,"href":"https:\/\/tertiarysisters.org\/es\/wp-json\/wp\/v2\/users\/1"}],"replies":[{"embeddable":true,"href":"https:\/\/tertiarysisters.org\/es\/wp-json\/wp\/v2\/comments?post=668"}],"version-history":[{"count":59,"href":"https:\/\/tertiarysisters.org\/es\/wp-json\/wp\/v2\/pages\/668\/revisions"}],"predecessor-version":[{"id":3769,"href":"https:\/\/tertiarysisters.org\/es\/wp-json\/wp\/v2\/pages\/668\/revisions\/3769"}],"wp:featuredmedia":[{"embeddable":true,"href":"https:\/\/tertiarysisters.org\/es\/wp-json\/wp\/v2\/media\/674"}],"wp:attachment":[{"href":"https:\/\/tertiarysisters.org\/es\/wp-json\/wp\/v2\/media?parent=668"}],"wp:term":[{"taxonomy":"category","embeddable":true,"href":"https:\/\/tertiarysisters.org\/es\/wp-json\/wp\/v2\/categories?post=668"}],"curies":[{"name":"wp","href":"https:\/\/api.w.org\/{rel}","templated":true}]}}