{"id":842,"date":"2023-07-25T04:10:49","date_gmt":"2023-07-25T08:10:49","guid":{"rendered":"https:\/\/tertiarysisters.org\/?page_id=842"},"modified":"2024-02-16T05:29:33","modified_gmt":"2024-02-16T10:29:33","slug":"oraciones-franciscanas-tradicionales","status":"publish","type":"page","link":"https:\/\/tertiarysisters.org\/es\/oraciones-franciscanas-tradicionales\/","title":{"rendered":"Oraciones Franciscanas tradicionales"},"content":{"rendered":"<div data-elementor-type=\"wp-page\" data-elementor-id=\"842\" class=\"elementor elementor-842\" data-elementor-post-type=\"page\">\n\t\t\t\t<div class=\"elementor-element elementor-element-4b2f8ca hero-page e-flex e-con-boxed e-con e-parent\" data-id=\"4b2f8ca\" data-element_type=\"container\" data-settings=\"{&quot;background_background&quot;:&quot;classic&quot;}\">\n\t\t\t\t\t<div class=\"e-con-inner\">\n\t\t<div class=\"elementor-element elementor-element-d1c6995 hero-title e-flex e-con-boxed e-con e-child\" data-id=\"d1c6995\" data-element_type=\"container\" data-settings=\"{&quot;background_background&quot;:&quot;classic&quot;}\">\n\t\t\t\t\t<div class=\"e-con-inner\">\n\t\t\t\t<div class=\"elementor-element elementor-element-801aacd elementor-widget-divider--view-line elementor-widget elementor-widget-divider\" data-id=\"801aacd\" data-element_type=\"widget\" data-widget_type=\"divider.default\">\n\t\t\t\t<div class=\"elementor-widget-container\">\n\t\t\t\t\t\t\t<div class=\"elementor-divider\">\n\t\t\t<span class=\"elementor-divider-separator\">\n\t\t\t\t\t\t<\/span>\n\t\t<\/div>\n\t\t\t\t\t\t<\/div>\n\t\t\t\t<\/div>\n\t\t\t\t<div class=\"elementor-element elementor-element-d68474d hero-heading-text elementor-widget elementor-widget-heading\" data-id=\"d68474d\" data-element_type=\"widget\" data-widget_type=\"heading.default\">\n\t\t\t\t<div class=\"elementor-widget-container\">\n\t\t\t\t\t<h2 class=\"elementor-heading-title elementor-size-default\">Oraciones Franciscanas tradicionales<\/h2>\t\t\t\t<\/div>\n\t\t\t\t<\/div>\n\t\t\t\t\t<\/div>\n\t\t\t\t<\/div>\n\t\t\t\t\t<\/div>\n\t\t\t\t<\/div>\n\t\t<div class=\"elementor-element elementor-element-3ecfb92 e-con-full bg-mint-green e-flex e-con e-parent\" data-id=\"3ecfb92\" data-element_type=\"container\" data-settings=\"{&quot;background_background&quot;:&quot;classic&quot;}\">\n\t\t<div class=\"elementor-element elementor-element-98f92ee e-con-full e-flex e-con e-child\" data-id=\"98f92ee\" data-element_type=\"container\">\n\t\t\t\t<div class=\"elementor-element elementor-element-3ce157e elementor-widget elementor-widget-text-editor\" data-id=\"3ce157e\" data-element_type=\"widget\" data-widget_type=\"text-editor.default\">\n\t\t\t\t<div class=\"elementor-widget-container\">\n\t\t\t\t\t\t\t\t\t<p>Una de las partes m\u00e1s significativas de ser franciscana son nuestras oraciones especiales e \u00fanicas. Nuestras oraciones son sencillas y originales, est\u00e1n profundamente enraizadas en la Sagrada Escritura y en la Liturgia, y son f\u00e1ciles de memorizar.<\/p><p>Estas oraciones nos mantienen co\u00f1ectadas a nuestra herencia franciscana al tiempo, que nos recuerdan la importancia de vivir nuestra fe cristiana en el presente.<\/p><p>Generaciones de seguidores de San Francisco han utilizado \u00e9stas oraciones en la oraci\u00f3n individual y comunitaria.<\/p><p><strong>Sea, cual sea la forma en que reces, te invitamos a que te unas a nosotros para rezar estas oraciones tan especiales.<\/strong><\/p>\t\t\t\t\t\t\t\t<\/div>\n\t\t\t\t<\/div>\n\t\t\t\t<\/div>\n\t\t<div class=\"elementor-element elementor-element-b061c02 e-con-full e-flex e-con e-child\" data-id=\"b061c02\" data-element_type=\"container\">\n\t\t\t\t<div class=\"elementor-element elementor-element-5574dbf elementor-toc--minimized-on-mobile toc-intro elementor-widget elementor-widget-table-of-contents\" data-id=\"5574dbf\" data-element_type=\"widget\" data-settings=\"{&quot;exclude_headings_by_selector&quot;:&quot;.intro-heading-text, .hero-heading-text&quot;,&quot;marker_view&quot;:&quot;bullets&quot;,&quot;icon&quot;:{&quot;value&quot;:&quot;fas fa-square-full&quot;,&quot;library&quot;:&quot;fa-solid&quot;},&quot;minimized_on&quot;:&quot;mobile&quot;,&quot;headings_by_tags&quot;:[&quot;h2&quot;,&quot;h3&quot;,&quot;h4&quot;,&quot;h5&quot;,&quot;h6&quot;],&quot;no_headings_message&quot;:&quot;Es wurden keine \\u00dcberschriften auf dieser Seite gefunden.&quot;,&quot;minimize_box&quot;:&quot;yes&quot;,&quot;hierarchical_view&quot;:&quot;yes&quot;,&quot;min_height&quot;:{&quot;unit&quot;:&quot;px&quot;,&quot;size&quot;:&quot;&quot;,&quot;sizes&quot;:[]},&quot;min_height_tablet&quot;:{&quot;unit&quot;:&quot;px&quot;,&quot;size&quot;:&quot;&quot;,&quot;sizes&quot;:[]},&quot;min_height_mobile&quot;:{&quot;unit&quot;:&quot;px&quot;,&quot;size&quot;:&quot;&quot;,&quot;sizes&quot;:[]}}\" data-widget_type=\"table-of-contents.default\">\n\t\t\t\t<div class=\"elementor-widget-container\">\n\t\t\t\t\t\t\t<div class=\"elementor-toc__header\">\n\t\t\t<h4 class=\"elementor-toc__header-title\">\n\t\t\t\tNuestras oraciones\t\t\t<\/h4>\n\t\t\t\t\t\t\t<div class=\"elementor-toc__toggle-button elementor-toc__toggle-button--expand\" role=\"button\" tabindex=\"0\" aria-controls=\"elementor-toc__5574dbf\" aria-expanded=\"true\" aria-label=\"Inhaltsverzeichnis \u00f6ffnen\" data-no-translation-aria-label=\"\"><i aria-hidden=\"true\" class=\"fas fa-chevron-down\"><\/i><\/div>\n\t\t\t\t<div class=\"elementor-toc__toggle-button elementor-toc__toggle-button--collapse\" role=\"button\" tabindex=\"0\" aria-controls=\"elementor-toc__5574dbf\" aria-expanded=\"true\" aria-label=\"Inhaltsverzeichnis schlie\u00dfen\" data-no-translation-aria-label=\"\"><i aria-hidden=\"true\" class=\"fas fa-chevron-up\"><\/i><\/div>\n\t\t\t\t\t<\/div>\n\t\t<div id=\"elementor-toc__5574dbf\" class=\"elementor-toc__body\">\n\t\t\t<div class=\"elementor-toc__spinner-container\">\n\t\t\t\t<i class=\"elementor-toc__spinner eicon-animation-spin eicon-loading\" aria-hidden=\"true\"><\/i>\t\t\t<\/div>\n\t\t<\/div>\n\t\t\t\t\t\t<\/div>\n\t\t\t\t<\/div>\n\t\t\t\t<\/div>\n\t\t\t\t<\/div>\n\t\t<div class=\"elementor-element elementor-element-af06852 e-con-full bg-irish-mint e-flex e-con e-parent\" data-id=\"af06852\" data-element_type=\"container\" data-settings=\"{&quot;background_background&quot;:&quot;classic&quot;}\">\n\t\t<div class=\"elementor-element elementor-element-e0d965c e-con-full e-flex e-con e-child\" data-id=\"e0d965c\" data-element_type=\"container\">\n\t\t\t\t<div class=\"elementor-element elementor-element-596b8a2 elementor-widget elementor-widget-heading\" data-id=\"596b8a2\" data-element_type=\"widget\" data-widget_type=\"heading.default\">\n\t\t\t\t<div class=\"elementor-widget-container\">\n\t\t\t\t\t<h2 class=\"elementor-heading-title elementor-size-default\">Oraci\u00f3n por la paz de San Francisco<\/h2>\t\t\t\t<\/div>\n\t\t\t\t<\/div>\n\t\t\t\t<div class=\"elementor-element elementor-element-4da081e translation-block elementor-widget elementor-widget-text-editor\" data-id=\"4da081e\" data-element_type=\"widget\" data-widget_type=\"text-editor.default\">\n\t\t\t\t<p>Se\u00f1or, haz de m\u00ed un instrumento de tu paz.<\/p><p>\nDonde haya odio, d\u00e9jame traer amor.<\/p><p>\nDonde haya ofensa, perm\u00edtame traer el perd\u00f3n.<\/p><p>\nDonde haya discordia, d\u00e9jame traer uni\u00f3n.<\/p><p>\nDonde haya error, d\u00e9jame traer la verdad.<\/p><p>\nDonde haya duda, d\u00e9jame llevar fe.<\/p><p>\nDonde haya desesperaci\u00f3n, d\u00e9jame traer esperanza.<\/p><p>\nDonde haya oscuridad, d\u00e9jame traer tu luz.<\/p><p>\nDonde haya tristeza, d\u00e9jame traer alegr\u00eda.<\/p><p>\nOh Maestro, no me dejes buscar tanto<br \/>\nser consolado como consolar,<br \/>\nser entendido como entender,<br \/>\nser amado como amar,<br \/>\nporque es en dar que se recibe,<br \/>\nes en el olvido de uno mismo que se encuentra,<br \/>\nes perdonando que uno es perdonado,<br \/>\nes muriendo que se resucita a la vida eterna<br \/><\/p>\n\t\t\t\t<\/div>\n\t\t\t\t<div class=\"elementor-element elementor-element-b6c6485 elementor-widget elementor-widget-html\" data-id=\"b6c6485\" data-element_type=\"widget\" data-widget_type=\"html.default\">\n\t\t\t\t<div class=\"elementor-widget-container\">\n\t\t\t\t\t<script>\njQuery(document).ready(function($) {\nvar delay = 100; setTimeout(function() {\n$('.elementor-tab-title').removeClass('elementor-active');\n $('.elementor-tab-content').css('display', 'none'); }, delay);\n});\n<\/script>\t\t\t\t<\/div>\n\t\t\t\t<\/div>\n\t\t\t\t<div class=\"elementor-element elementor-element-4146681 prayer-accordion elementor-widget elementor-widget-accordion\" data-id=\"4146681\" data-element_type=\"widget\" data-widget_type=\"accordion.default\">\n\t\t\t\t<div class=\"elementor-widget-container\">\n\t\t\t\t\t\t\t<div class=\"elementor-accordion\">\n\t\t\t\t\t\t\t<div class=\"elementor-accordion-item\">\n\t\t\t\t\t<div id=\"elementor-tab-title-6841\" class=\"elementor-tab-title\" data-tab=\"1\" role=\"button\" aria-controls=\"elementor-tab-content-6841\" aria-expanded=\"false\">\n\t\t\t\t\t\t\t\t\t\t\t\t\t<span class=\"elementor-accordion-icon elementor-accordion-icon-left\" aria-hidden=\"true\">\n\t\t\t\t\t\t\t\t\t\t\t\t\t\t\t<span class=\"elementor-accordion-icon-closed\"><i class=\"fas fa-plus\"><\/i><\/span>\n\t\t\t\t\t\t\t\t<span class=\"elementor-accordion-icon-opened\"><i class=\"fas fa-minus\"><\/i><\/span>\n\t\t\t\t\t\t\t\t\t\t\t\t\t\t<\/span>\n\t\t\t\t\t\t\t\t\t\t\t\t<a class=\"elementor-accordion-title\" tabindex=\"0\">Comentario de Hermana Paschaline Dubam, TSSF<\/a>\n\t\t\t\t\t<\/div>\n\t\t\t\t\t<div id=\"elementor-tab-content-6841\" class=\"elementor-tab-content elementor-clearfix\" data-tab=\"1\" role=\"region\" aria-labelledby=\"elementor-tab-title-6841\"><p>Most High Glorious God,<span class=\"Apple-converted-space\"><br \/><\/span>enlighten the darkness of my heart,<span class=\"Apple-converted-space\">\u00a0<br \/><\/span>and give me true faith,<span class=\"Apple-converted-space\">\u00a0<\/span>certain hope,<span class=\"Apple-converted-space\"><br \/><\/span>and perfect charity,<br \/>sense and knowledge, lord,<br \/>that I may carry out your Holy and true command.<\/p><\/div>\n\t\t\t\t<\/div>\n\t\t\t\t\t\t\t\t<\/div>\n\t\t\t\t\t\t<\/div>\n\t\t\t\t<\/div>\n\t\t\t\t<\/div>\n\t\t<div class=\"elementor-element elementor-element-e541009 e-con-full e-flex e-con e-child\" data-id=\"e541009\" data-element_type=\"container\" data-settings=\"{&quot;background_background&quot;:&quot;classic&quot;}\">\n\t\t\t\t<\/div>\n\t\t\t\t<\/div>\n\t\t<div class=\"elementor-element elementor-element-6a0f5a9 e-con-full bg-darker-green e-flex e-con e-parent\" data-id=\"6a0f5a9\" data-element_type=\"container\" data-settings=\"{&quot;background_background&quot;:&quot;classic&quot;}\">\n\t\t<div class=\"elementor-element elementor-element-3baf11a e-con-full e-flex e-con e-child\" data-id=\"3baf11a\" data-element_type=\"container\">\n\t\t\t\t<div class=\"elementor-element elementor-element-f7ef5d4 elementor-widget elementor-widget-heading\" data-id=\"f7ef5d4\" data-element_type=\"widget\" data-widget_type=\"heading.default\">\n\t\t\t\t<div class=\"elementor-widget-container\">\n\t\t\t\t\t<h2 class=\"elementor-heading-title elementor-size-default\">San Buenaventura<\/h2>\t\t\t\t<\/div>\n\t\t\t\t<\/div>\n\t\t\t\t<div class=\"elementor-element elementor-element-13307db translation-block elementor-widget elementor-widget-text-editor\" data-id=\"13307db\" data-element_type=\"widget\" data-widget_type=\"text-editor.default\">\n\t\t\t\t<p>Medita constantemente en los misterios de la cruz.<\/p><p>\nY las agon\u00edas de su madre<br \/>\nDe pie al pie de la cruz<br \/>\nOra y mantente siempre alerta,<br \/>\nOremos a Dios<br \/>\nUno para el otro<br \/>\nPorque llevando<br \/>\nLas cargas de caridad de los dem\u00e1s de esta manera<br \/>\nCumpliremos f\u00e1cilmente la ley de Cristo.<\/p>\n\t\t\t\t<\/div>\n\t\t\t\t<\/div>\n\t\t<div class=\"elementor-element elementor-element-a106d28 e-con-full e-flex e-con e-child\" data-id=\"a106d28\" data-element_type=\"container\" data-settings=\"{&quot;background_background&quot;:&quot;classic&quot;}\">\n\t\t\t\t<\/div>\n\t\t\t\t<\/div>\n\t\t<div class=\"elementor-element elementor-element-bdcc0e4 e-con-full bg-army-green e-flex e-con e-parent\" data-id=\"bdcc0e4\" data-element_type=\"container\" data-settings=\"{&quot;background_background&quot;:&quot;classic&quot;}\">\n\t\t<div class=\"elementor-element elementor-element-ca174a8 e-con-full e-flex e-con e-child\" data-id=\"ca174a8\" data-element_type=\"container\">\n\t\t\t\t<div class=\"elementor-element elementor-element-e3e0dcb elementor-widget elementor-widget-heading\" data-id=\"e3e0dcb\" data-element_type=\"widget\" data-widget_type=\"heading.default\">\n\t\t\t\t<div class=\"elementor-widget-container\">\n\t\t\t\t\t<h2 class=\"elementor-heading-title elementor-size-default\">Oraci\u00f3n de Santa Clara<\/h2>\t\t\t\t<\/div>\n\t\t\t\t<\/div>\n\t\t\t\t<div class=\"elementor-element elementor-element-70f501b translation-block elementor-widget elementor-widget-text-editor\" data-id=\"70f501b\" data-element_type=\"widget\" data-widget_type=\"text-editor.default\">\n\t\t\t\t<p>\u00a1Pon tu mente ante el espejo de la eternidad!<\/p><p>\u00a1Coloca tu alma en el resplandor de la gloria!<\/p><p>\u00a1Coloca tu coraz\u00f3n en la figura Sustancia divina!<\/p><p>Y transforma todo tu ser en la imagen de la Deidad misma a trav\u00e9s de la contemplaci\u00f3n.<\/p><p>\nDios alt\u00edsimo y glorioso, ilumina las tinieblas de mi coraz\u00f3n, y dame Se\u00f1or, una fe correcta, una cierta esperanza, una caridad perfecta, sentido y conocimiento, para que pueda realizar Tu santo y verdadero mandamiento<br \/>\n\t\t\t\t<\/div>\n\t\t\t\t<\/div>\n\t\t<div class=\"elementor-element elementor-element-3a52c07 e-con-full e-flex e-con e-child\" data-id=\"3a52c07\" data-element_type=\"container\" data-settings=\"{&quot;background_background&quot;:&quot;classic&quot;}\">\n\t\t\t\t<\/div>\n\t\t\t\t<\/div>\n\t\t<div class=\"elementor-element elementor-element-c2c7dca e-con-full bg-irish-mint e-flex e-con e-parent\" data-id=\"c2c7dca\" data-element_type=\"container\" data-settings=\"{&quot;background_background&quot;:&quot;classic&quot;}\">\n\t\t<div class=\"elementor-element elementor-element-296888f e-con-full e-flex e-con e-child\" data-id=\"296888f\" data-element_type=\"container\">\n\t\t\t\t<div class=\"elementor-element elementor-element-c46eae5 elementor-widget elementor-widget-heading\" data-id=\"c46eae5\" data-element_type=\"widget\" data-widget_type=\"heading.default\">\n\t\t\t\t<div class=\"elementor-widget-container\">\n\t\t\t\t\t<h2 class=\"elementor-heading-title elementor-size-default\">Oraci\u00f3n al entrar a la iglesia \/ Antes de la cruz<\/h2>\t\t\t\t<\/div>\n\t\t\t\t<\/div>\n\t\t\t\t<div class=\"elementor-element elementor-element-c927fa4 translation-block elementor-widget elementor-widget-text-editor\" data-id=\"c927fa4\" data-element_type=\"widget\" data-widget_type=\"text-editor.default\">\n\t\t\t\tTe adoramos, Se\u00f1or Jesucristo, aqu\u00ed y en todas tus Iglesias en todo el mundo, y te bendecimos, porque con tu santa cruz has redimido al mundo. Am\u00e9n\n\t\t\t\t<\/div>\n\t\t\t\t<\/div>\n\t\t<div class=\"elementor-element elementor-element-090ea80 e-con-full e-flex e-con e-child\" data-id=\"090ea80\" data-element_type=\"container\" data-settings=\"{&quot;background_background&quot;:&quot;classic&quot;}\">\n\t\t\t\t<\/div>\n\t\t\t\t<\/div>\n\t\t<div class=\"elementor-element elementor-element-9376473 e-con-full bg-darker-green e-flex e-con e-parent\" data-id=\"9376473\" data-element_type=\"container\" data-settings=\"{&quot;background_background&quot;:&quot;classic&quot;}\">\n\t\t<div class=\"elementor-element elementor-element-292692b e-con-full e-flex e-con e-child\" data-id=\"292692b\" data-element_type=\"container\">\n\t\t\t\t<div class=\"elementor-element elementor-element-00b3af4 elementor-widget elementor-widget-heading\" data-id=\"00b3af4\" data-element_type=\"widget\" data-widget_type=\"heading.default\">\n\t\t\t\t<div class=\"elementor-widget-container\">\n\t\t\t\t\t<h2 class=\"elementor-heading-title elementor-size-default\">Oraci\u00f3n ante la Cruz<\/h2>\t\t\t\t<\/div>\n\t\t\t\t<\/div>\n\t\t\t\t<div class=\"elementor-element elementor-element-056805a translation-block elementor-widget elementor-widget-text-editor\" data-id=\"056805a\" data-element_type=\"widget\" data-widget_type=\"text-editor.default\">\n\t\t\t\t<p>Alt\u00edsimo Dios glorioso, ilumina las tinieblas de mi coraz\u00f3n.<\/p><\/p>\nDame fe recta, esperanza segura y perfecta caridad.<\/p><\/p>\nLl\u00e9name de entendimiento y conocimiento para que pueda cumplir tu mandato.<\/p>\n\t\t\t\t<\/div>\n\t\t\t\t<div class=\"elementor-element elementor-element-fec7c56 prayer-accordion elementor-widget elementor-widget-accordion\" data-id=\"fec7c56\" data-element_type=\"widget\" data-widget_type=\"accordion.default\">\n\t\t\t\t<div class=\"elementor-widget-container\">\n\t\t\t\t\t\t\t<div class=\"elementor-accordion\">\n\t\t\t\t\t\t\t<div class=\"elementor-accordion-item\">\n\t\t\t\t\t<div id=\"elementor-tab-title-2671\" class=\"elementor-tab-title\" data-tab=\"1\" role=\"button\" aria-controls=\"elementor-tab-content-2671\" aria-expanded=\"false\">\n\t\t\t\t\t\t\t\t\t\t\t\t\t<span class=\"elementor-accordion-icon elementor-accordion-icon-left\" aria-hidden=\"true\">\n\t\t\t\t\t\t\t\t\t\t\t\t\t\t\t<span class=\"elementor-accordion-icon-closed\"><i class=\"fas fa-plus\"><\/i><\/span>\n\t\t\t\t\t\t\t\t<span class=\"elementor-accordion-icon-opened\"><i class=\"fas fa-minus\"><\/i><\/span>\n\t\t\t\t\t\t\t\t\t\t\t\t\t\t<\/span>\n\t\t\t\t\t\t\t\t\t\t\t\t<a class=\"elementor-accordion-title\" tabindex=\"0\">Comentario de Fth. Francisco Dor OFMCap<\/a>\n\t\t\t\t\t<\/div>\n\t\t\t\t\t<div id=\"elementor-tab-content-2671\" class=\"elementor-tab-content elementor-clearfix\" data-tab=\"1\" role=\"region\" aria-labelledby=\"elementor-tab-title-2671\"><p>La oraci\u00f3n ante la Cruz de San Dami\u00e1n es una de las primeras oraciones de San Francisco, que han llegado hasta nosotros. Expresa el deseo profundo del coraz\u00f3n de san Francisco, su b\u00fasqueda de la voluntad de Dios. Es una oraci\u00f3n de discernimiento.<\/p><p>Los primeros bi\u00f3grafos, como Tom\u00e1s de Celano y Buenaventura, confirman que los primeros a\u00f1os de la vida de Francisco estuvieron marcados por la lucha, por discernir la voluntad de Dios. Estudiosos franciscanos como Regis J. Amstrong afirman, que \"\u00e9sta oraci\u00f3n puede haber estado influida por la oraci\u00f3n inicial de la liturgia eucar\u00edstica\".<\/p><p>Como se trata de una oraci\u00f3n lit\u00fargica, Francisco la hizo suya adorn\u00e1ndola con pasajes b\u00edblicos. Los vers\u00edculos 1 y 2 parecen ser una ampliaci\u00f3n del Salmo 18:23. \"Yahv\u00e9, t\u00fa mismo eres mi l\u00e1mpara, mi Dios ilumina mis tinieblas\". La petici\u00f3n de ser iluminado, es una referencia a su deseo, de conocer y hacer s\u00f3lo lo que es agradable al Se\u00f1or Dios.<\/p><p>Esta oraci\u00f3n nos da una idea de la experiencia religiosa y de la espiritualidad de Francisco, que siempre implica una fuerte tensi\u00f3n entre el saber y el comprender, porque del saber nace el amor e incluso las experiencias m\u00edsticas, y Francisco sabe, que \u00e9ste es el \u00fanico don de la gracia.<\/p><p>El conocimiento nunca pretende de conocer por conocer; por eso la petici\u00f3n de iluminaci\u00f3n interior, la raz\u00f3n y el conocimiento,  se orientan en Francisco directamente a la realizaci\u00f3n consciente del proyecto vocacional, que Dios ten\u00eda para \u00e9l (cf. Carlo Paolazzi, edici\u00f3n cr\u00edtica p. 34).<\/p><p>Por tanto, recomiendo  \u00e9sta oraci\u00f3n a todos los que buscan una vocaci\u00f3n o dudan de ella, porque Dios, que ilumin\u00f3 a Francisco, seguramente os sacar\u00e1 de las tinieblas para llevaros a su luz maravillosa. <span class=\"Apple-converted-space\">\u00a0<\/span><\/p><\/div>\n\t\t\t\t<\/div>\n\t\t\t\t\t\t\t\t<\/div>\n\t\t\t\t\t\t<\/div>\n\t\t\t\t<\/div>\n\t\t\t\t<\/div>\n\t\t<div class=\"elementor-element elementor-element-8335d2b e-con-full e-flex e-con e-child\" data-id=\"8335d2b\" data-element_type=\"container\" data-settings=\"{&quot;background_background&quot;:&quot;classic&quot;}\">\n\t\t\t\t<\/div>\n\t\t\t\t<\/div>\n\t\t<div class=\"elementor-element elementor-element-8eaeac7 e-con-full bg-army-green e-flex e-con e-parent\" data-id=\"8eaeac7\" data-element_type=\"container\" data-settings=\"{&quot;background_background&quot;:&quot;classic&quot;}\">\n\t\t<div class=\"elementor-element elementor-element-3879dff e-con-full e-flex e-con e-child\" data-id=\"3879dff\" data-element_type=\"container\">\n\t\t\t\t<div class=\"elementor-element elementor-element-9256b44 elementor-widget elementor-widget-heading\" data-id=\"9256b44\" data-element_type=\"widget\" data-widget_type=\"heading.default\">\n\t\t\t\t<div class=\"elementor-widget-container\">\n\t\t\t\t\t<h2 class=\"elementor-heading-title elementor-size-default\">Un saludo a la Sant\u00edsima Virgen Mar\u00eda por San Francisco de As\u00eds<\/h2>\t\t\t\t<\/div>\n\t\t\t\t<\/div>\n\t\t\t\t<div class=\"elementor-element elementor-element-61eb699 translation-block elementor-widget elementor-widget-text-editor\" data-id=\"61eb699\" data-element_type=\"widget\" data-widget_type=\"text-editor.default\">\n\t\t\t\t<p>Salve, oh se\u00f1ora, Santa Reina, Mar\u00eda, santa Madre de Dios,<br \/>\nque son la Virgen hecha Iglesia,<br \/>\nelegido por el Sant\u00edsimo Padre celestial<br \/>\na quien consagr\u00f3 con su sant\u00edsimo Hijo amado<br \/>\ny con el Esp\u00edritu Santo, el Par\u00e1clito,<br \/>\nen quien hubo y hay toda plenitud de gracia y todo bien.<\/p><p>\n\u00a1Salve su palacio!<br \/>\n\u00a1Salve, tabern\u00e1culo suyo!<br \/>\n\u00a1Salve su morada!<br \/>\n\u00a1Salve su manto!<br \/>\n\u00a1Salve, siervo suyo!<br \/>\nDios te salve, madre.<\/p><p>\nY salve, santas virtudes<br \/>\nque se derraman en el coraz\u00f3n de los fieles<br \/>\npor la gracia y la iluminaci\u00f3n del Esp\u00edritu Santo,<br \/>\nque de ser incr\u00e9dulos,<br \/>\nPuedes hacerlos fieles a Dios.<\/p>\n\t\t\t\t<\/div>\n\t\t\t\t<\/div>\n\t\t<div class=\"elementor-element elementor-element-b884049 e-con-full e-flex e-con e-child\" data-id=\"b884049\" data-element_type=\"container\" data-settings=\"{&quot;background_background&quot;:&quot;classic&quot;}\">\n\t\t\t\t<\/div>\n\t\t\t\t<\/div>\n\t\t\t\t<\/div>","protected":false},"excerpt":{"rendered":"<p>Traditional Franciscan prayers One of the most meaningful parts about being a Franciscan is our special and unique prayers. Our prayers are simple and original, deeply rooted in Sacred Scripture and Liturgy, and are easy to memorise. These prayers keep us connected to our Franciscan heritage while reminding us of the importance of living our [&hellip;]<\/p>","protected":false},"author":1,"featured_media":868,"parent":0,"menu_order":0,"comment_status":"closed","ping_status":"closed","template":"","meta":{"_acf_changed":false,"cybocfi_hide_featured_image":"","footnotes":""},"categories":[8],"class_list":["post-842","page","type-page","status-publish","has-post-thumbnail","hentry","category-transparent-header-c"],"acf":[],"_links":{"self":[{"href":"https:\/\/tertiarysisters.org\/es\/wp-json\/wp\/v2\/pages\/842","targetHints":{"allow":["GET"]}}],"collection":[{"href":"https:\/\/tertiarysisters.org\/es\/wp-json\/wp\/v2\/pages"}],"about":[{"href":"https:\/\/tertiarysisters.org\/es\/wp-json\/wp\/v2\/types\/page"}],"author":[{"embeddable":true,"href":"https:\/\/tertiarysisters.org\/es\/wp-json\/wp\/v2\/users\/1"}],"replies":[{"embeddable":true,"href":"https:\/\/tertiarysisters.org\/es\/wp-json\/wp\/v2\/comments?post=842"}],"version-history":[{"count":148,"href":"https:\/\/tertiarysisters.org\/es\/wp-json\/wp\/v2\/pages\/842\/revisions"}],"predecessor-version":[{"id":4768,"href":"https:\/\/tertiarysisters.org\/es\/wp-json\/wp\/v2\/pages\/842\/revisions\/4768"}],"wp:featuredmedia":[{"embeddable":true,"href":"https:\/\/tertiarysisters.org\/es\/wp-json\/wp\/v2\/media\/868"}],"wp:attachment":[{"href":"https:\/\/tertiarysisters.org\/es\/wp-json\/wp\/v2\/media?parent=842"}],"wp:term":[{"taxonomy":"category","embeddable":true,"href":"https:\/\/tertiarysisters.org\/es\/wp-json\/wp\/v2\/categories?post=842"}],"curies":[{"name":"wp","href":"https:\/\/api.w.org\/{rel}","templated":true}]}}