{"id":936,"date":"2023-07-25T06:05:12","date_gmt":"2023-07-25T10:05:12","guid":{"rendered":"https:\/\/tertiarysisters.org\/?page_id=936"},"modified":"2023-12-03T05:22:02","modified_gmt":"2023-12-03T10:22:02","slug":"oraciones-corazones-franciscanos","status":"publish","type":"page","link":"https:\/\/tertiarysisters.org\/es\/oraciones-corazones-franciscanos\/","title":{"rendered":"Oraciones de corazones Franciscanos"},"content":{"rendered":"<div data-elementor-type=\"wp-page\" data-elementor-id=\"936\" class=\"elementor elementor-936\" data-elementor-post-type=\"page\">\n\t\t\t\t<div class=\"elementor-element elementor-element-4b2f8ca hero-page e-flex e-con-boxed e-con e-parent\" data-id=\"4b2f8ca\" data-element_type=\"container\" data-settings=\"{&quot;background_background&quot;:&quot;classic&quot;}\">\n\t\t\t\t\t<div class=\"e-con-inner\">\n\t\t<div class=\"elementor-element elementor-element-d1c6995 hero-title e-flex e-con-boxed e-con e-child\" data-id=\"d1c6995\" data-element_type=\"container\" data-settings=\"{&quot;background_background&quot;:&quot;classic&quot;}\">\n\t\t\t\t\t<div class=\"e-con-inner\">\n\t\t\t\t<div class=\"elementor-element elementor-element-801aacd elementor-widget-divider--view-line elementor-widget elementor-widget-divider\" data-id=\"801aacd\" data-element_type=\"widget\" data-widget_type=\"divider.default\">\n\t\t\t\t<div class=\"elementor-widget-container\">\n\t\t\t\t\t\t\t<div class=\"elementor-divider\">\n\t\t\t<span class=\"elementor-divider-separator\">\n\t\t\t\t\t\t<\/span>\n\t\t<\/div>\n\t\t\t\t\t\t<\/div>\n\t\t\t\t<\/div>\n\t\t\t\t\t<\/div>\n\t\t\t\t<\/div>\n\t\t\t\t\t<\/div>\n\t\t\t\t<\/div>\n\t\t<div class=\"elementor-element elementor-element-3ecfb92 e-con-full bg-mint-green e-flex e-con e-parent\" data-id=\"3ecfb92\" data-element_type=\"container\" data-settings=\"{&quot;background_background&quot;:&quot;classic&quot;}\">\n\t\t<div class=\"elementor-element elementor-element-98f92ee e-con-full e-flex e-con e-child\" data-id=\"98f92ee\" data-element_type=\"container\">\n\t\t\t\t<div class=\"elementor-element elementor-element-5ed03b6 intro-heading-text elementor-widget elementor-widget-heading\" data-id=\"5ed03b6\" data-element_type=\"widget\" data-widget_type=\"heading.default\">\n\t\t\t\t<div class=\"elementor-widget-container\">\n\t\t\t\t\t<h2 class=\"elementor-heading-title elementor-size-default\">Las oraciones de Francisco de As\u00eds<\/h2>\t\t\t\t<\/div>\n\t\t\t\t<\/div>\n\t\t\t\t<div class=\"elementor-element elementor-element-3ce157e elementor-widget elementor-widget-text-editor\" data-id=\"3ce157e\" data-element_type=\"widget\" data-widget_type=\"text-editor.default\">\n\t\t\t\t<div class=\"elementor-widget-container\">\n\t\t\t\t\t\t\t\t\t<p class=\"p1\">Las oraciones de Francisco de As\u00eds expresan su amor a Dios, a los hombres y a la creaci\u00f3n, y son conocidas por su anhelo de paz.<\/p>\t\t\t\t\t\t\t\t<\/div>\n\t\t\t\t<\/div>\n\t\t\t\t<\/div>\n\t\t<div class=\"elementor-element elementor-element-b061c02 e-con-full e-flex e-con e-child\" data-id=\"b061c02\" data-element_type=\"container\">\n\t\t\t\t<div class=\"elementor-element elementor-element-5574dbf elementor-toc--minimized-on-mobile toc-intro elementor-widget elementor-widget-table-of-contents\" data-id=\"5574dbf\" data-element_type=\"widget\" data-settings=\"{&quot;exclude_headings_by_selector&quot;:&quot;.intro-heading-text, .hero-heading-text&quot;,&quot;marker_view&quot;:&quot;bullets&quot;,&quot;icon&quot;:{&quot;value&quot;:&quot;fas fa-square-full&quot;,&quot;library&quot;:&quot;fa-solid&quot;},&quot;minimized_on&quot;:&quot;mobile&quot;,&quot;headings_by_tags&quot;:[&quot;h2&quot;,&quot;h3&quot;,&quot;h4&quot;,&quot;h5&quot;,&quot;h6&quot;],&quot;no_headings_message&quot;:&quot;Es wurden keine \\u00dcberschriften auf dieser Seite gefunden.&quot;,&quot;minimize_box&quot;:&quot;yes&quot;,&quot;hierarchical_view&quot;:&quot;yes&quot;,&quot;min_height&quot;:{&quot;unit&quot;:&quot;px&quot;,&quot;size&quot;:&quot;&quot;,&quot;sizes&quot;:[]},&quot;min_height_tablet&quot;:{&quot;unit&quot;:&quot;px&quot;,&quot;size&quot;:&quot;&quot;,&quot;sizes&quot;:[]},&quot;min_height_mobile&quot;:{&quot;unit&quot;:&quot;px&quot;,&quot;size&quot;:&quot;&quot;,&quot;sizes&quot;:[]}}\" data-widget_type=\"table-of-contents.default\">\n\t\t\t\t<div class=\"elementor-widget-container\">\n\t\t\t\t\t\t\t<div class=\"elementor-toc__header\">\n\t\t\t<h4 class=\"elementor-toc__header-title\">\n\t\t\t\tNuestras oraciones\t\t\t<\/h4>\n\t\t\t\t\t\t\t<div class=\"elementor-toc__toggle-button elementor-toc__toggle-button--expand\" role=\"button\" tabindex=\"0\" aria-controls=\"elementor-toc__5574dbf\" aria-expanded=\"true\" aria-label=\"Inhaltsverzeichnis \u00f6ffnen\" data-no-translation-aria-label=\"\"><i aria-hidden=\"true\" class=\"fas fa-chevron-down\"><\/i><\/div>\n\t\t\t\t<div class=\"elementor-toc__toggle-button elementor-toc__toggle-button--collapse\" role=\"button\" tabindex=\"0\" aria-controls=\"elementor-toc__5574dbf\" aria-expanded=\"true\" aria-label=\"Inhaltsverzeichnis schlie\u00dfen\" data-no-translation-aria-label=\"\"><i aria-hidden=\"true\" class=\"fas fa-chevron-up\"><\/i><\/div>\n\t\t\t\t\t<\/div>\n\t\t<div id=\"elementor-toc__5574dbf\" class=\"elementor-toc__body\">\n\t\t\t<div class=\"elementor-toc__spinner-container\">\n\t\t\t\t<i class=\"elementor-toc__spinner eicon-animation-spin eicon-loading\" aria-hidden=\"true\"><\/i>\t\t\t<\/div>\n\t\t<\/div>\n\t\t\t\t\t\t<\/div>\n\t\t\t\t<\/div>\n\t\t\t\t<\/div>\n\t\t\t\t<\/div>\n\t\t<div class=\"elementor-element elementor-element-af06852 e-con-full bg-irish-mint e-flex e-con e-parent\" data-id=\"af06852\" data-element_type=\"container\" data-settings=\"{&quot;background_background&quot;:&quot;classic&quot;}\">\n\t\t<div class=\"elementor-element elementor-element-e0d965c e-con-full e-flex e-con e-child\" data-id=\"e0d965c\" data-element_type=\"container\">\n\t\t\t\t<div class=\"elementor-element elementor-element-596b8a2 elementor-widget elementor-widget-heading\" data-id=\"596b8a2\" data-element_type=\"widget\" data-widget_type=\"heading.default\">\n\t\t\t\t<div class=\"elementor-widget-container\">\n\t\t\t\t\t<h2 class=\"elementor-heading-title elementor-size-default\">Oraci\u00f3n a San Francisco por la curaci\u00f3n<\/h2>\t\t\t\t<\/div>\n\t\t\t\t<\/div>\n\t\t\t\t<div class=\"elementor-element elementor-element-4da081e translation-block elementor-widget elementor-widget-text-editor\" data-id=\"4da081e\" data-element_type=\"widget\" data-widget_type=\"text-editor.default\">\n\t\t\t\t<p>O santo San Francisco, el m\u00e1s gozoso de todos los santos, tu amor por Dios y su Iglesia te hizo digno, cuando estabas en la tierra, ser el fundador de sus tres \u00f3rdenes.<\/p><p> Tan lleno del amor de Dios, tu gozo y la esperanza hizo que otros siguieran tu camino siguiendo a Nuestro Se\u00f1or viviendo el Santo Evangelio.<\/p><p> Yo les imploro, por el amor de Dios, que obtengan una cura curativa para (nombre).<\/p><p> Como besaste al leproso por favor, besa esta enfermedad y ponle fin, no solo a (nombre) sino a todos los que la padecen.<\/p><p> O amoroso San Francisco, susurra esta petici\u00f3n al ni\u00f1o Jes\u00fas en la guarder\u00eda y a Jes\u00fas en la Cruz de San Dami\u00e1n.<\/p><p> Mientras te hablaba, habla ahora con Jes\u00fas y la gratitud de mi coraz\u00f3n ser tuyo para siempre.<\/p><p>\nGracias San Francisco.<\/p><p>\nOren por nosotros.<\/p><p><i>por Teresa Ascione<\/i><\/p>\n\t\t\t\t<\/div>\n\t\t\t\t<\/div>\n\t\t<div class=\"elementor-element elementor-element-e541009 e-con-full e-flex e-con e-child\" data-id=\"e541009\" data-element_type=\"container\" data-settings=\"{&quot;background_background&quot;:&quot;classic&quot;}\">\n\t\t\t\t<\/div>\n\t\t\t\t<\/div>\n\t\t<div class=\"elementor-element elementor-element-6a0f5a9 e-con-full bg-darker-green e-flex e-con e-parent\" data-id=\"6a0f5a9\" data-element_type=\"container\" data-settings=\"{&quot;background_background&quot;:&quot;classic&quot;}\">\n\t\t<div class=\"elementor-element elementor-element-3baf11a e-con-full e-flex e-con e-child\" data-id=\"3baf11a\" data-element_type=\"container\">\n\t\t\t\t<div class=\"elementor-element elementor-element-f7ef5d4 elementor-widget elementor-widget-heading\" data-id=\"f7ef5d4\" data-element_type=\"widget\" data-widget_type=\"heading.default\">\n\t\t\t\t<div class=\"elementor-widget-container\">\n\t\t\t\t\t<h2 class=\"elementor-heading-title elementor-size-default\">La oraci\u00f3n de un ni\u00f1o<\/h2>\t\t\t\t<\/div>\n\t\t\t\t<\/div>\n\t\t\t\t<div class=\"elementor-element elementor-element-13307db translation-block elementor-widget elementor-widget-text-editor\" data-id=\"13307db\" data-element_type=\"widget\" data-widget_type=\"text-editor.default\">\n\t\t\t\t<p>Francisco y Clara Le mostraron a Dios tanto amor Viviendo humildemente aqu\u00ed.<\/p><p>\nViviendo solo para Dios Escucha ahora nuestra oraci\u00f3n Que a nosotros tambi\u00e9n nos gusta Y vivir nuestras vidas Siguiendo a Jes\u00fas como t\u00fa<\/p><p><i>por Elisabeth Cornwell<\/i><\/p>\n\t\t\t\t<\/div>\n\t\t\t\t<\/div>\n\t\t<div class=\"elementor-element elementor-element-a106d28 e-con-full e-flex e-con e-child\" data-id=\"a106d28\" data-element_type=\"container\" data-settings=\"{&quot;background_background&quot;:&quot;classic&quot;}\">\n\t\t\t\t<\/div>\n\t\t\t\t<\/div>\n\t\t<div class=\"elementor-element elementor-element-bdcc0e4 e-con-full bg-army-green e-flex e-con e-parent\" data-id=\"bdcc0e4\" data-element_type=\"container\" data-settings=\"{&quot;background_background&quot;:&quot;classic&quot;}\">\n\t\t<div class=\"elementor-element elementor-element-ca174a8 e-con-full e-flex e-con e-child\" data-id=\"ca174a8\" data-element_type=\"container\">\n\t\t\t\t<div class=\"elementor-element elementor-element-e3e0dcb elementor-widget elementor-widget-heading\" data-id=\"e3e0dcb\" data-element_type=\"widget\" data-widget_type=\"heading.default\">\n\t\t\t\t<div class=\"elementor-widget-container\">\n\t\t\t\t\t<h2 class=\"elementor-heading-title elementor-size-default\">Oraci\u00f3n a Santa Clara<\/h2>\t\t\t\t<\/div>\n\t\t\t\t<\/div>\n\t\t\t\t<div class=\"elementor-element elementor-element-70f501b translation-block elementor-widget elementor-widget-text-editor\" data-id=\"70f501b\" data-element_type=\"widget\" data-widget_type=\"text-editor.default\">\n\t\t\t\t<p>Clara, nuestra hermana y amiga, agita nuestros corazones fracturados y temerosos abrazar lo extravagante de Dios, amor sanador.<\/p><p> Mujer dotada de sabidur\u00eda y valor, ens\u00e9\u00f1anos a discernir y crear oportunidades de cooperaci\u00f3n, desaf\u00edo y compasi\u00f3n.<\/p><p> Clara, nuestra compa\u00f1era y gu\u00eda, inspirar nuestras oraciones ser sanadores y reconciliadores, amigos de confianza de Dios reverenciando toda la creaci\u00f3n, respetarse mutuamente (Hermana Joyce Harris)\nBeata Clara Oh bendita Clara, fuiste luz en tu d\u00eda, irradia alegr\u00eda y paz, de conocer a Jes\u00fas.<\/p><p> S\u00e9 una luz para nosotros en nuestro viaje.<\/p><p> Con suavidad gu\u00edanos a ese profunda y duradera uni\u00f3n con nuestro Divino amante.<\/p><p> Ay\u00fadanos a poner nuestro completa conf\u00edanza en el que nos ama, para que nosotros tambi\u00e9n derramemos nuestras vidas al servicio.<\/p><p> Santa Clara, ens\u00e9\u00f1anos Tu forma de apertura y Gratitud a cada don de Dios.<\/p>\n\t\t\t\t<\/div>\n\t\t\t\t<\/div>\n\t\t<div class=\"elementor-element elementor-element-3a52c07 e-con-full e-flex e-con e-child\" data-id=\"3a52c07\" data-element_type=\"container\" data-settings=\"{&quot;background_background&quot;:&quot;classic&quot;}\">\n\t\t\t\t<\/div>\n\t\t\t\t<\/div>\n\t\t<div class=\"elementor-element elementor-element-9376473 e-con-full bg-darker-green e-flex e-con e-parent\" data-id=\"9376473\" data-element_type=\"container\" data-settings=\"{&quot;background_background&quot;:&quot;classic&quot;}\">\n\t\t<div class=\"elementor-element elementor-element-292692b e-con-full e-flex e-con e-child\" data-id=\"292692b\" data-element_type=\"container\" data-settings=\"{&quot;background_background&quot;:&quot;classic&quot;}\">\n\t\t\t\t<div class=\"elementor-element elementor-element-00b3af4 elementor-widget elementor-widget-heading\" data-id=\"00b3af4\" data-element_type=\"widget\" data-widget_type=\"heading.default\">\n\t\t\t\t<div class=\"elementor-widget-container\">\n\t\t\t\t\t<h2 class=\"elementor-heading-title elementor-size-default\">Oraci\u00f3n de penitencia<\/h2>\t\t\t\t<\/div>\n\t\t\t\t<\/div>\n\t\t\t\t<div class=\"elementor-element elementor-element-056805a translation-block elementor-widget elementor-widget-text-editor\" data-id=\"056805a\" data-element_type=\"widget\" data-widget_type=\"text-editor.default\">\n\t\t\t\t<p>Se\u00f1or, rezo por aquellos con cruces pesadas<br \/>\nque sufren por los pecados de sus padres<br \/>\ny por los pecados de los nacidos antes que ellos.<\/p><p>\nAbre sus ojos, Se\u00f1or, para que vean el sufrimiento<br \/>\ncomo la cruz que les diste a llevar.<\/p><p>\nQue se gu\u00eden por tu humildad en el camino del Calvario,<br \/>\ncompartiendo el dolor que soportas por los pecadores a lo largo del tiempo<br \/>\nen este mundo y en el purgatorio,<br \/>\nas\u00ed que por tu gracia y su arrepentimiento final<br \/>\npuedan estar contigo en el cielo.<\/p><p>\nAbre sus corazones, Se\u00f1or, para que tu amor los ayude cuando el diablo<br \/>\nMiente y trata de destruir la confianza en sus seres queridos.<\/p><p>\nSe\u00f1or, dales valor para soportar el sufrimiento y darle la bienvenida.<\/p><p>\npara que no se protejan cerrando su coraz\u00f3n<br \/>\nal amor y la sabidur\u00eda de Dios.<\/p><p>\nDales fe, Se\u00f1or, en los momentos en que te retiras<br \/>\npara poner a prueba su fuerza y confianza en ti.<\/p><p>\nIlumina sus almas, Se\u00f1or, para que cuando les hables<br \/>\nellos saben que eres t\u00fa y no las artima\u00f1as del diablo.<\/p><p>\nCuando te acerques, que conozcan la paz<br \/>\ny el consuelo de tu presencia<br \/>\nTodav\u00eda am\u00e1ndote incluso cuando te retiras de nuevo<br \/>\ny d\u00e9jalos enfrentar al diablo solos<br \/>\nSi el diablo destruye la confianza en sus hermanos y hermanas<br \/>\nque todav\u00eda te vean en la creaci\u00f3n.<\/p><p>\nSabiendo que est\u00e1s ah\u00ed en la belleza de una brisa<br \/>\ny la maravilla de un p\u00e1jaro en vuelo<br \/>\nen cualquier criatura diminuta y en la naturaleza y en los poderosos cielos<br \/>\nDonde reinas por los siglos de los siglos.<\/p><p>\nAm\u00e9n.<\/p><p>\n<p><i>por Eileen Wood<\/i><\/p>\n\t\t\t\t<\/div>\n\t\t\t\t<\/div>\n\t\t<div class=\"elementor-element elementor-element-8335d2b e-con-full e-flex e-con e-child\" data-id=\"8335d2b\" data-element_type=\"container\" data-settings=\"{&quot;background_background&quot;:&quot;classic&quot;}\">\n\t\t\t\t<\/div>\n\t\t\t\t<\/div>\n\t\t\t\t<\/div>","protected":false},"excerpt":{"rendered":"<p>The Prayers of Francis of Assisi The prayers of Francis of Assisi express his love for God, people and creation and are known for his longing for peace. Our Prayers Prayer to Saint Francis for Healing O holy Saint Francis, most joyful of all Saints, your love for God and His church made you worthy, [&hellip;]<\/p>","protected":false},"author":1,"featured_media":1014,"parent":0,"menu_order":0,"comment_status":"closed","ping_status":"closed","template":"","meta":{"_acf_changed":false,"cybocfi_hide_featured_image":"","footnotes":""},"categories":[8],"class_list":["post-936","page","type-page","status-publish","has-post-thumbnail","hentry","category-transparent-header-c"],"acf":[],"_links":{"self":[{"href":"https:\/\/tertiarysisters.org\/es\/wp-json\/wp\/v2\/pages\/936","targetHints":{"allow":["GET"]}}],"collection":[{"href":"https:\/\/tertiarysisters.org\/es\/wp-json\/wp\/v2\/pages"}],"about":[{"href":"https:\/\/tertiarysisters.org\/es\/wp-json\/wp\/v2\/types\/page"}],"author":[{"embeddable":true,"href":"https:\/\/tertiarysisters.org\/es\/wp-json\/wp\/v2\/users\/1"}],"replies":[{"embeddable":true,"href":"https:\/\/tertiarysisters.org\/es\/wp-json\/wp\/v2\/comments?post=936"}],"version-history":[{"count":55,"href":"https:\/\/tertiarysisters.org\/es\/wp-json\/wp\/v2\/pages\/936\/revisions"}],"predecessor-version":[{"id":3828,"href":"https:\/\/tertiarysisters.org\/es\/wp-json\/wp\/v2\/pages\/936\/revisions\/3828"}],"wp:featuredmedia":[{"embeddable":true,"href":"https:\/\/tertiarysisters.org\/es\/wp-json\/wp\/v2\/media\/1014"}],"wp:attachment":[{"href":"https:\/\/tertiarysisters.org\/es\/wp-json\/wp\/v2\/media?parent=936"}],"wp:term":[{"taxonomy":"category","embeddable":true,"href":"https:\/\/tertiarysisters.org\/es\/wp-json\/wp\/v2\/categories?post=936"}],"curies":[{"name":"wp","href":"https:\/\/api.w.org\/{rel}","templated":true}]}}